{"id":10168,"date":"2025-02-28T14:33:04","date_gmt":"2025-02-28T13:33:04","guid":{"rendered":"https:\/\/nikipholie.eu\/?post_type=product&#038;p=10168"},"modified":"2025-05-29T17:11:53","modified_gmt":"2025-05-29T15:11:53","slug":"exceptionnelle-paire-de-vases-couverts-monumentaux-du-val-st-lambert","status":"publish","type":"product","link":"http:\/\/nikipholie.eu\/en\/produit\/exceptionnelle-paire-de-vases-couverts-monumentaux-du-val-st-lambert\/","title":{"rendered":"Exceptionnelle paire de vases couverts monumentaux du Val-St-Lambert"},"content":{"rendered":"<p>Vraie paire de vases couverts de la cristallerie du Val-Saint-Lambert en Belgique. Cr\u00e9ation datant probablement des ann\u00e9es 50-60.<\/p>\n<p>Ils sont sign\u00e9s Val-St-Lambert, M. Kunnen et num\u00e9rot\u00e9 chacun 08\/714. Ils sont r\u00e9alis\u00e9es en cristal translucide et taill\u00e9s \u00e0 la roue. Ce sont pratiquement des pi\u00e8ces uniques.<\/p>\n<p>Ils ont la forme d&#8217;une urne reposant sur un pied de section carr\u00e9e \u00e0 pans coup\u00e9s et grav\u00e9s par en-dessous de l&#8217;\u00e9toile de la cristallerie. Ils sont orn\u00e9s de 4 motifs en \u00e9toile plac\u00e9e dans une ellipse. Le couvercle est grav\u00e9 du m\u00eame motif et orn\u00e9 d&#8217;une haute pointe.<\/p>\n<p>Leur taille est impressionnante: hauteur : 82 cm, dimension du pied : 16,5 cm, diam\u00e8tre du bord sup\u00e9rieur du vase : 29 cm. Leur poids est d&#8217;environ 18 kg chacun.<\/p>\n","protected":false},"excerpt":{"rendered":"<p>Vraie paire de vases couverts de la cristallerie du Val-Saint-Lambert en Belgique. Cr\u00e9ation datant probablement des ann\u00e9es 50-60. Ils sont sign\u00e9s Val-St-Lambert, M. Kunnen et num\u00e9rot\u00e9 chacun 08\/714. Ils sont r\u00e9alis\u00e9es en cristal translucide et taill\u00e9s \u00e0 la roue. Ce sont pratiquement des pi\u00e8ces uniques. Ils ont la forme d&#8217;une urne reposant sur un pied [&hellip;]<\/p>\n","protected":false},"featured_media":10152,"comment_status":"open","ping_status":"closed","template":"","meta":[],"product_cat":[46],"product_tag":[3876,2101,2295,1552,2787,2788,2784,2789,2469,2786,3219,2783,2488,1561,100,283],"yoast_head":"<!-- This site is optimized with the Yoast SEO plugin v17.6 - https:\/\/yoast.com\/wordpress\/plugins\/seo\/ -->\n<title>Exceptionnelle paire de vases couverts monumentaux du Val-St-Lambert - Niki Pholie<\/title>\n<meta name=\"robots\" content=\"index, follow, max-snippet:-1, max-image-preview:large, max-video-preview:-1\" \/>\n<link rel=\"canonical\" href=\"http:\/\/nikipholie.eu\/en\/produit\/exceptionnelle-paire-de-vases-couverts-monumentaux-du-val-st-lambert\/\" \/>\n<meta property=\"og:locale\" content=\"en_US\" \/>\n<meta property=\"og:type\" content=\"article\" \/>\n<meta property=\"og:title\" content=\"Exceptionnelle paire de vases couverts monumentaux du Val-St-Lambert - Niki Pholie\" \/>\n<meta property=\"og:description\" content=\"Vraie paire de vases couverts de la cristallerie du Val-Saint-Lambert en Belgique. Cr\u00e9ation datant probablement des ann\u00e9es 50-60. Ils sont sign\u00e9s Val-St-Lambert, M. Kunnen et num\u00e9rot\u00e9 chacun 08\/714. Ils sont r\u00e9alis\u00e9es en cristal translucide et taill\u00e9s \u00e0 la roue. Ce sont pratiquement des pi\u00e8ces uniques. Ils ont la forme d&#8217;une urne reposant sur un pied [&hellip;]\" \/>\n<meta property=\"og:url\" content=\"http:\/\/nikipholie.eu\/en\/produit\/exceptionnelle-paire-de-vases-couverts-monumentaux-du-val-st-lambert\/\" \/>\n<meta property=\"og:site_name\" content=\"Niki Pholie\" \/>\n<meta property=\"article:modified_time\" content=\"2025-05-29T15:11:53+00:00\" \/>\n<meta property=\"og:image\" content=\"https:\/\/nikipholie.eu\/wp-content\/uploads\/2025\/02\/IMG_6638-scaled.jpeg\" \/>\n\t<meta property=\"og:image:width\" content=\"1914\" \/>\n\t<meta property=\"og:image:height\" content=\"2560\" \/>\n<meta name=\"twitter:card\" content=\"summary_large_image\" \/>\n<meta name=\"twitter:label1\" content=\"Est. reading time\" \/>\n\t<meta name=\"twitter:data1\" content=\"1 minute\" \/>\n<script type=\"application\/ld+json\" class=\"yoast-schema-graph\">{\"@context\":\"https:\/\/schema.org\",\"@graph\":[{\"@type\":\"WebSite\",\"@id\":\"https:\/\/nikipholie.eu\/#website\",\"url\":\"https:\/\/nikipholie.eu\/\",\"name\":\"Niki Pholie\",\"description\":\"Art ancien - Art contemporain\",\"potentialAction\":[{\"@type\":\"SearchAction\",\"target\":{\"@type\":\"EntryPoint\",\"urlTemplate\":\"https:\/\/nikipholie.eu\/?s={search_term_string}\"},\"query-input\":\"required name=search_term_string\"}],\"inLanguage\":\"en-US\"},{\"@type\":\"ImageObject\",\"@id\":\"http:\/\/nikipholie.eu\/en\/produit\/exceptionnelle-paire-de-vases-couverts-monumentaux-du-val-st-lambert\/#primaryimage\",\"inLanguage\":\"en-US\",\"url\":\"http:\/\/nikipholie.eu\/wp-content\/uploads\/2025\/02\/IMG_6638-scaled.jpeg\",\"contentUrl\":\"http:\/\/nikipholie.eu\/wp-content\/uploads\/2025\/02\/IMG_6638-scaled.jpeg\",\"width\":1914,\"height\":2560},{\"@type\":\"WebPage\",\"@id\":\"http:\/\/nikipholie.eu\/en\/produit\/exceptionnelle-paire-de-vases-couverts-monumentaux-du-val-st-lambert\/#webpage\",\"url\":\"http:\/\/nikipholie.eu\/en\/produit\/exceptionnelle-paire-de-vases-couverts-monumentaux-du-val-st-lambert\/\",\"name\":\"Exceptionnelle paire de vases couverts monumentaux du Val-St-Lambert - Niki Pholie\",\"isPartOf\":{\"@id\":\"https:\/\/nikipholie.eu\/#website\"},\"primaryImageOfPage\":{\"@id\":\"http:\/\/nikipholie.eu\/en\/produit\/exceptionnelle-paire-de-vases-couverts-monumentaux-du-val-st-lambert\/#primaryimage\"},\"datePublished\":\"2025-02-28T13:33:04+00:00\",\"dateModified\":\"2025-05-29T15:11:53+00:00\",\"breadcrumb\":{\"@id\":\"http:\/\/nikipholie.eu\/en\/produit\/exceptionnelle-paire-de-vases-couverts-monumentaux-du-val-st-lambert\/#breadcrumb\"},\"inLanguage\":\"en-US\",\"potentialAction\":[{\"@type\":\"ReadAction\",\"target\":[\"http:\/\/nikipholie.eu\/en\/produit\/exceptionnelle-paire-de-vases-couverts-monumentaux-du-val-st-lambert\/\"]}]},{\"@type\":\"BreadcrumbList\",\"@id\":\"http:\/\/nikipholie.eu\/en\/produit\/exceptionnelle-paire-de-vases-couverts-monumentaux-du-val-st-lambert\/#breadcrumb\",\"itemListElement\":[{\"@type\":\"ListItem\",\"position\":1,\"name\":\"Accueil\",\"item\":\"http:\/\/nikipholie.eu\/en\/\"},{\"@type\":\"ListItem\",\"position\":2,\"name\":\"Boutique\",\"item\":\"http:\/\/nikipholie.eu\/en\/shop\/\"},{\"@type\":\"ListItem\",\"position\":3,\"name\":\"Exceptionnelle paire de vases couverts monumentaux du Val-St-Lambert\"}]}]}<\/script>\n<!-- \/ Yoast SEO plugin. -->","yoast_head_json":{"title":"Exceptionnelle paire de vases couverts monumentaux du Val-St-Lambert - Niki Pholie","robots":{"index":"index","follow":"follow","max-snippet":"max-snippet:-1","max-image-preview":"max-image-preview:large","max-video-preview":"max-video-preview:-1"},"canonical":"http:\/\/nikipholie.eu\/en\/produit\/exceptionnelle-paire-de-vases-couverts-monumentaux-du-val-st-lambert\/","og_locale":"en_US","og_type":"article","og_title":"Exceptionnelle paire de vases couverts monumentaux du Val-St-Lambert - Niki Pholie","og_description":"Vraie paire de vases couverts de la cristallerie du Val-Saint-Lambert en Belgique. Cr\u00e9ation datant probablement des ann\u00e9es 50-60. Ils sont sign\u00e9s Val-St-Lambert, M. Kunnen et num\u00e9rot\u00e9 chacun 08\/714. Ils sont r\u00e9alis\u00e9es en cristal translucide et taill\u00e9s \u00e0 la roue. Ce sont pratiquement des pi\u00e8ces uniques. Ils ont la forme d&#8217;une urne reposant sur un pied [&hellip;]","og_url":"http:\/\/nikipholie.eu\/en\/produit\/exceptionnelle-paire-de-vases-couverts-monumentaux-du-val-st-lambert\/","og_site_name":"Niki Pholie","article_modified_time":"2025-05-29T15:11:53+00:00","og_image":[{"width":1914,"height":2560,"url":"https:\/\/nikipholie.eu\/wp-content\/uploads\/2025\/02\/IMG_6638-scaled.jpeg","type":"image\/jpeg"}],"twitter_card":"summary_large_image","twitter_misc":{"Est. reading time":"1 minute"},"schema":{"@context":"https:\/\/schema.org","@graph":[{"@type":"WebSite","@id":"https:\/\/nikipholie.eu\/#website","url":"https:\/\/nikipholie.eu\/","name":"Niki Pholie","description":"Art ancien - Art contemporain","potentialAction":[{"@type":"SearchAction","target":{"@type":"EntryPoint","urlTemplate":"https:\/\/nikipholie.eu\/?s={search_term_string}"},"query-input":"required name=search_term_string"}],"inLanguage":"en-US"},{"@type":"ImageObject","@id":"http:\/\/nikipholie.eu\/en\/produit\/exceptionnelle-paire-de-vases-couverts-monumentaux-du-val-st-lambert\/#primaryimage","inLanguage":"en-US","url":"http:\/\/nikipholie.eu\/wp-content\/uploads\/2025\/02\/IMG_6638-scaled.jpeg","contentUrl":"http:\/\/nikipholie.eu\/wp-content\/uploads\/2025\/02\/IMG_6638-scaled.jpeg","width":1914,"height":2560},{"@type":"WebPage","@id":"http:\/\/nikipholie.eu\/en\/produit\/exceptionnelle-paire-de-vases-couverts-monumentaux-du-val-st-lambert\/#webpage","url":"http:\/\/nikipholie.eu\/en\/produit\/exceptionnelle-paire-de-vases-couverts-monumentaux-du-val-st-lambert\/","name":"Exceptionnelle paire de vases couverts monumentaux du Val-St-Lambert - Niki Pholie","isPartOf":{"@id":"https:\/\/nikipholie.eu\/#website"},"primaryImageOfPage":{"@id":"http:\/\/nikipholie.eu\/en\/produit\/exceptionnelle-paire-de-vases-couverts-monumentaux-du-val-st-lambert\/#primaryimage"},"datePublished":"2025-02-28T13:33:04+00:00","dateModified":"2025-05-29T15:11:53+00:00","breadcrumb":{"@id":"http:\/\/nikipholie.eu\/en\/produit\/exceptionnelle-paire-de-vases-couverts-monumentaux-du-val-st-lambert\/#breadcrumb"},"inLanguage":"en-US","potentialAction":[{"@type":"ReadAction","target":["http:\/\/nikipholie.eu\/en\/produit\/exceptionnelle-paire-de-vases-couverts-monumentaux-du-val-st-lambert\/"]}]},{"@type":"BreadcrumbList","@id":"http:\/\/nikipholie.eu\/en\/produit\/exceptionnelle-paire-de-vases-couverts-monumentaux-du-val-st-lambert\/#breadcrumb","itemListElement":[{"@type":"ListItem","position":1,"name":"Accueil","item":"http:\/\/nikipholie.eu\/en\/"},{"@type":"ListItem","position":2,"name":"Boutique","item":"http:\/\/nikipholie.eu\/en\/shop\/"},{"@type":"ListItem","position":3,"name":"Exceptionnelle paire de vases couverts monumentaux du Val-St-Lambert"}]}]}},"_links":{"self":[{"href":"http:\/\/nikipholie.eu\/en\/wp-json\/wp\/v2\/product\/10168"}],"collection":[{"href":"http:\/\/nikipholie.eu\/en\/wp-json\/wp\/v2\/product"}],"about":[{"href":"http:\/\/nikipholie.eu\/en\/wp-json\/wp\/v2\/types\/product"}],"replies":[{"embeddable":true,"href":"http:\/\/nikipholie.eu\/en\/wp-json\/wp\/v2\/comments?post=10168"}],"wp:featuredmedia":[{"embeddable":true,"href":"http:\/\/nikipholie.eu\/en\/wp-json\/wp\/v2\/media\/10152"}],"wp:attachment":[{"href":"http:\/\/nikipholie.eu\/en\/wp-json\/wp\/v2\/media?parent=10168"}],"wp:term":[{"taxonomy":"product_cat","embeddable":true,"href":"http:\/\/nikipholie.eu\/en\/wp-json\/wp\/v2\/product_cat?post=10168"},{"taxonomy":"product_tag","embeddable":true,"href":"http:\/\/nikipholie.eu\/en\/wp-json\/wp\/v2\/product_tag?post=10168"}],"curies":[{"name":"wp","href":"https:\/\/api.w.org\/{rel}","templated":true}]}}