{"id":10948,"date":"2025-05-08T15:00:18","date_gmt":"2025-05-08T13:00:18","guid":{"rendered":"https:\/\/nikipholie.eu\/produit\/le-quai-charles-levier\/"},"modified":"2025-05-08T15:00:18","modified_gmt":"2025-05-08T13:00:18","slug":"le-quai-charles-levier","status":"publish","type":"product","link":"http:\/\/nikipholie.eu\/en\/product\/le-quai-charles-levier\/","title":{"rendered":"&#8221; Le Quai&#8221;, Charles Levier"},"content":{"rendered":"<p>Painting by Charles LEVIER ( 1920-2003), fairly typical of the artist&#8217;s work. It depicts a young lady on a quay (Paris?) in a 1930s coat and hat, holding a large bouquet of flowers. In the background, a cathedral.<\/p>\n<p>The tones are soft, a symphony of pinks on one side, gray-blue on the other.<\/p>\n<p>The signature is on the lower right; on the reverse, it is countersigned and titled.<\/p>\n<p>Oil on canvas.<\/p>\n<p>Dimensions: 100 x 73 cm.<\/p>\n<p>Charles LEVIER (1920 &#8211; 2003) is a Franco-American artist. His first solo exhibition was at the Galerie Constantine in Lyon in 1949, followed by his American debut in Los Angeles in 1950. His work belongs to the figurative movement known as \u201cLes Trente Glorieuses\u201d. Inspired by Hollywood cinema, Charles Levier uses harmony and purity in his creations, which depict a delicate, luminous world, with subtle hues and carefully studied colors.<\/p>\n<p>Private collections Mr. and Mrs. Peter Lawford, Frank Sinatra, Adlai Stevenson, Baron Edmund de Rothschild, Prince and Princess Poniatowski, Mrs. Dean Martin, Museum collections Art moderne, Paris, Mus\u00e9e de Menton, Mus\u00e9e d&#8217;Atlanta Mus\u00e9e de Seattle, Mus\u00e9e d&#8217;Evans ville, Mus\u00e9e de la Nouvelle-Orl\u00e9ans, Mus\u00e9e de San Diego.<\/p>\n","protected":false},"excerpt":{"rendered":"<p>Painting by Charles LEVIER ( 1920-2003), fairly typical of the artist&#8217;s work. It depicts a young lady on a quay (Paris?) in a 1930s coat and hat, holding a large bouquet of flowers. In the background, a cathedral. The tones are soft, a symphony of pinks on one side, gray-blue on the other. The signature [&hellip;]<\/p>\n","protected":false},"featured_media":10940,"comment_status":"open","ping_status":"closed","template":"","meta":[],"product_cat":[59],"product_tag":[1853,3081,1856,1863,3084,71,3082,3083,2793,146],"yoast_head":"<!-- This site is optimized with the Yoast SEO plugin v17.6 - https:\/\/yoast.com\/wordpress\/plugins\/seo\/ -->\n<title>&quot; Le Quai&quot;, Charles Levier - Niki Pholie<\/title>\n<meta name=\"robots\" content=\"index, follow, max-snippet:-1, max-image-preview:large, max-video-preview:-1\" \/>\n<link rel=\"canonical\" href=\"http:\/\/nikipholie.eu\/en\/product\/le-quai-charles-levier\/\" \/>\n<meta property=\"og:locale\" content=\"en_US\" \/>\n<meta property=\"og:type\" content=\"article\" \/>\n<meta property=\"og:title\" content=\"&quot; Le Quai&quot;, Charles Levier - Niki Pholie\" \/>\n<meta property=\"og:description\" content=\"Painting by Charles LEVIER ( 1920-2003), fairly typical of the artist&#8217;s work. It depicts a young lady on a quay (Paris?) in a 1930s coat and hat, holding a large bouquet of flowers. In the background, a cathedral. The tones are soft, a symphony of pinks on one side, gray-blue on the other. The signature [&hellip;]\" \/>\n<meta property=\"og:url\" content=\"http:\/\/nikipholie.eu\/en\/product\/le-quai-charles-levier\/\" \/>\n<meta property=\"og:site_name\" content=\"Niki Pholie\" \/>\n<meta property=\"og:image\" content=\"http:\/\/nikipholie.eu\/wp-content\/uploads\/2025\/05\/IMG_7808-scaled.jpeg\" \/>\n\t<meta property=\"og:image:width\" content=\"1920\" \/>\n\t<meta property=\"og:image:height\" content=\"2560\" \/>\n<meta name=\"twitter:card\" content=\"summary_large_image\" \/>\n<meta name=\"twitter:label1\" content=\"Est. reading time\" \/>\n\t<meta name=\"twitter:data1\" content=\"1 minute\" \/>\n<script type=\"application\/ld+json\" class=\"yoast-schema-graph\">{\"@context\":\"https:\/\/schema.org\",\"@graph\":[{\"@type\":\"WebSite\",\"@id\":\"http:\/\/nikipholie.eu\/#website\",\"url\":\"http:\/\/nikipholie.eu\/\",\"name\":\"Niki Pholie\",\"description\":\"Art ancien - Art contemporain\",\"potentialAction\":[{\"@type\":\"SearchAction\",\"target\":{\"@type\":\"EntryPoint\",\"urlTemplate\":\"http:\/\/nikipholie.eu\/?s={search_term_string}\"},\"query-input\":\"required name=search_term_string\"}],\"inLanguage\":\"en-US\"},{\"@type\":\"ImageObject\",\"@id\":\"http:\/\/nikipholie.eu\/en\/product\/le-quai-charles-levier\/#primaryimage\",\"inLanguage\":\"en-US\",\"url\":\"http:\/\/nikipholie.eu\/wp-content\/uploads\/2025\/05\/IMG_7808-scaled.jpeg\",\"contentUrl\":\"http:\/\/nikipholie.eu\/wp-content\/uploads\/2025\/05\/IMG_7808-scaled.jpeg\",\"width\":1920,\"height\":2560},{\"@type\":\"WebPage\",\"@id\":\"http:\/\/nikipholie.eu\/en\/product\/le-quai-charles-levier\/#webpage\",\"url\":\"http:\/\/nikipholie.eu\/en\/product\/le-quai-charles-levier\/\",\"name\":\"\\\" Le Quai\\\", Charles Levier - Niki Pholie\",\"isPartOf\":{\"@id\":\"http:\/\/nikipholie.eu\/#website\"},\"primaryImageOfPage\":{\"@id\":\"http:\/\/nikipholie.eu\/en\/product\/le-quai-charles-levier\/#primaryimage\"},\"datePublished\":\"2025-05-08T13:00:18+00:00\",\"dateModified\":\"2025-05-08T13:00:18+00:00\",\"breadcrumb\":{\"@id\":\"http:\/\/nikipholie.eu\/en\/product\/le-quai-charles-levier\/#breadcrumb\"},\"inLanguage\":\"en-US\",\"potentialAction\":[{\"@type\":\"ReadAction\",\"target\":[\"http:\/\/nikipholie.eu\/en\/product\/le-quai-charles-levier\/\"]}]},{\"@type\":\"BreadcrumbList\",\"@id\":\"http:\/\/nikipholie.eu\/en\/product\/le-quai-charles-levier\/#breadcrumb\",\"itemListElement\":[{\"@type\":\"ListItem\",\"position\":1,\"name\":\"Accueil\",\"item\":\"http:\/\/nikipholie.eu\/en\/\"},{\"@type\":\"ListItem\",\"position\":2,\"name\":\"Boutique\",\"item\":\"http:\/\/nikipholie.eu\/en\/shop\/\"},{\"@type\":\"ListItem\",\"position\":3,\"name\":\"&#8221; Le Quai&#8221;, Charles Levier\"}]}]}<\/script>\n<!-- \/ Yoast SEO plugin. -->","yoast_head_json":{"title":"\" Le Quai\", Charles Levier - Niki Pholie","robots":{"index":"index","follow":"follow","max-snippet":"max-snippet:-1","max-image-preview":"max-image-preview:large","max-video-preview":"max-video-preview:-1"},"canonical":"http:\/\/nikipholie.eu\/en\/product\/le-quai-charles-levier\/","og_locale":"en_US","og_type":"article","og_title":"\" Le Quai\", Charles Levier - Niki Pholie","og_description":"Painting by Charles LEVIER ( 1920-2003), fairly typical of the artist&#8217;s work. It depicts a young lady on a quay (Paris?) in a 1930s coat and hat, holding a large bouquet of flowers. In the background, a cathedral. The tones are soft, a symphony of pinks on one side, gray-blue on the other. The signature [&hellip;]","og_url":"http:\/\/nikipholie.eu\/en\/product\/le-quai-charles-levier\/","og_site_name":"Niki Pholie","og_image":[{"width":1920,"height":2560,"url":"http:\/\/nikipholie.eu\/wp-content\/uploads\/2025\/05\/IMG_7808-scaled.jpeg","type":"image\/jpeg"}],"twitter_card":"summary_large_image","twitter_misc":{"Est. reading time":"1 minute"},"schema":{"@context":"https:\/\/schema.org","@graph":[{"@type":"WebSite","@id":"http:\/\/nikipholie.eu\/#website","url":"http:\/\/nikipholie.eu\/","name":"Niki Pholie","description":"Art ancien - Art contemporain","potentialAction":[{"@type":"SearchAction","target":{"@type":"EntryPoint","urlTemplate":"http:\/\/nikipholie.eu\/?s={search_term_string}"},"query-input":"required name=search_term_string"}],"inLanguage":"en-US"},{"@type":"ImageObject","@id":"http:\/\/nikipholie.eu\/en\/product\/le-quai-charles-levier\/#primaryimage","inLanguage":"en-US","url":"http:\/\/nikipholie.eu\/wp-content\/uploads\/2025\/05\/IMG_7808-scaled.jpeg","contentUrl":"http:\/\/nikipholie.eu\/wp-content\/uploads\/2025\/05\/IMG_7808-scaled.jpeg","width":1920,"height":2560},{"@type":"WebPage","@id":"http:\/\/nikipholie.eu\/en\/product\/le-quai-charles-levier\/#webpage","url":"http:\/\/nikipholie.eu\/en\/product\/le-quai-charles-levier\/","name":"\" Le Quai\", Charles Levier - Niki Pholie","isPartOf":{"@id":"http:\/\/nikipholie.eu\/#website"},"primaryImageOfPage":{"@id":"http:\/\/nikipholie.eu\/en\/product\/le-quai-charles-levier\/#primaryimage"},"datePublished":"2025-05-08T13:00:18+00:00","dateModified":"2025-05-08T13:00:18+00:00","breadcrumb":{"@id":"http:\/\/nikipholie.eu\/en\/product\/le-quai-charles-levier\/#breadcrumb"},"inLanguage":"en-US","potentialAction":[{"@type":"ReadAction","target":["http:\/\/nikipholie.eu\/en\/product\/le-quai-charles-levier\/"]}]},{"@type":"BreadcrumbList","@id":"http:\/\/nikipholie.eu\/en\/product\/le-quai-charles-levier\/#breadcrumb","itemListElement":[{"@type":"ListItem","position":1,"name":"Accueil","item":"http:\/\/nikipholie.eu\/en\/"},{"@type":"ListItem","position":2,"name":"Boutique","item":"http:\/\/nikipholie.eu\/en\/shop\/"},{"@type":"ListItem","position":3,"name":"&#8221; Le Quai&#8221;, Charles Levier"}]}]}},"_links":{"self":[{"href":"http:\/\/nikipholie.eu\/en\/wp-json\/wp\/v2\/product\/10948"}],"collection":[{"href":"http:\/\/nikipholie.eu\/en\/wp-json\/wp\/v2\/product"}],"about":[{"href":"http:\/\/nikipholie.eu\/en\/wp-json\/wp\/v2\/types\/product"}],"replies":[{"embeddable":true,"href":"http:\/\/nikipholie.eu\/en\/wp-json\/wp\/v2\/comments?post=10948"}],"wp:featuredmedia":[{"embeddable":true,"href":"http:\/\/nikipholie.eu\/en\/wp-json\/wp\/v2\/media\/10940"}],"wp:attachment":[{"href":"http:\/\/nikipholie.eu\/en\/wp-json\/wp\/v2\/media?parent=10948"}],"wp:term":[{"taxonomy":"product_cat","embeddable":true,"href":"http:\/\/nikipholie.eu\/en\/wp-json\/wp\/v2\/product_cat?post=10948"},{"taxonomy":"product_tag","embeddable":true,"href":"http:\/\/nikipholie.eu\/en\/wp-json\/wp\/v2\/product_tag?post=10948"}],"curies":[{"name":"wp","href":"https:\/\/api.w.org\/{rel}","templated":true}]}}