{"id":4165,"date":"2020-11-08T12:39:12","date_gmt":"2020-11-08T11:39:12","guid":{"rendered":"http:\/\/nikipholie.eu\/produit\/hameau-huile-sur-panneau-signee-et-datee-dim-26-x-36-cm\/"},"modified":"2021-05-22T14:09:47","modified_gmt":"2021-05-22T12:09:47","slug":"hameau-huile-sur-panneau-signee-et-datee-dim-26-x-36-cm","status":"publish","type":"product","link":"http:\/\/nikipholie.eu\/en\/product\/hameau-huile-sur-panneau-signee-et-datee-dim-26-x-36-cm\/","title":{"rendered":"Huile sur panneau, sign\u00e9e et dat\u00e9e. Repr\u00e9sente un hameau. Dim : 26 x 36 cm."},"content":{"rendered":"","protected":false},"excerpt":{"rendered":"","protected":false},"featured_media":0,"comment_status":"open","ping_status":"closed","template":"","meta":[],"product_cat":[46],"product_tag":[],"yoast_head":"<!-- This site is optimized with the Yoast SEO plugin v17.6 - https:\/\/yoast.com\/wordpress\/plugins\/seo\/ -->\n<title>Huile sur panneau, sign\u00e9e et dat\u00e9e. Repr\u00e9sente un hameau. Dim : 26 x 36 cm. - Niki Pholie<\/title>\n<meta name=\"description\" content=\"paysage avec ferme.\" \/>\n<meta name=\"robots\" content=\"index, follow, max-snippet:-1, max-image-preview:large, max-video-preview:-1\" \/>\n<link rel=\"canonical\" href=\"http:\/\/nikipholie.eu\/en\/product\/hameau-huile-sur-panneau-signee-et-datee-dim-26-x-36-cm\/\" \/>\n<meta property=\"og:locale\" content=\"en_US\" \/>\n<meta property=\"og:type\" content=\"article\" \/>\n<meta property=\"og:title\" content=\"Huile sur panneau, sign\u00e9e et dat\u00e9e. Repr\u00e9sente un hameau. Dim : 26 x 36 cm. - Niki Pholie\" \/>\n<meta property=\"og:description\" content=\"paysage avec ferme.\" \/>\n<meta property=\"og:url\" content=\"http:\/\/nikipholie.eu\/en\/product\/hameau-huile-sur-panneau-signee-et-datee-dim-26-x-36-cm\/\" \/>\n<meta property=\"og:site_name\" content=\"Niki Pholie\" \/>\n<meta property=\"article:modified_time\" content=\"2021-05-22T12:09:47+00:00\" \/>\n<meta name=\"twitter:card\" content=\"summary_large_image\" \/>\n<script type=\"application\/ld+json\" class=\"yoast-schema-graph\">{\"@context\":\"https:\/\/schema.org\",\"@graph\":[{\"@type\":\"WebSite\",\"@id\":\"https:\/\/nikipholie.eu\/#website\",\"url\":\"https:\/\/nikipholie.eu\/\",\"name\":\"Niki Pholie\",\"description\":\"Art ancien - Art contemporain\",\"potentialAction\":[{\"@type\":\"SearchAction\",\"target\":{\"@type\":\"EntryPoint\",\"urlTemplate\":\"https:\/\/nikipholie.eu\/?s={search_term_string}\"},\"query-input\":\"required name=search_term_string\"}],\"inLanguage\":\"en-US\"},{\"@type\":\"WebPage\",\"@id\":\"http:\/\/nikipholie.eu\/en\/product\/hameau-huile-sur-panneau-signee-et-datee-dim-26-x-36-cm\/#webpage\",\"url\":\"http:\/\/nikipholie.eu\/en\/product\/hameau-huile-sur-panneau-signee-et-datee-dim-26-x-36-cm\/\",\"name\":\"Huile sur panneau, sign\\u00e9e et dat\\u00e9e. Repr\\u00e9sente un hameau. Dim : 26 x 36 cm. - Niki Pholie\",\"isPartOf\":{\"@id\":\"https:\/\/nikipholie.eu\/#website\"},\"datePublished\":\"2020-11-08T11:39:12+00:00\",\"dateModified\":\"2021-05-22T12:09:47+00:00\",\"description\":\"paysage avec ferme.\",\"breadcrumb\":{\"@id\":\"http:\/\/nikipholie.eu\/en\/product\/hameau-huile-sur-panneau-signee-et-datee-dim-26-x-36-cm\/#breadcrumb\"},\"inLanguage\":\"en-US\",\"potentialAction\":[{\"@type\":\"ReadAction\",\"target\":[\"http:\/\/nikipholie.eu\/en\/product\/hameau-huile-sur-panneau-signee-et-datee-dim-26-x-36-cm\/\"]}]},{\"@type\":\"BreadcrumbList\",\"@id\":\"http:\/\/nikipholie.eu\/en\/product\/hameau-huile-sur-panneau-signee-et-datee-dim-26-x-36-cm\/#breadcrumb\",\"itemListElement\":[{\"@type\":\"ListItem\",\"position\":1,\"name\":\"Accueil\",\"item\":\"http:\/\/nikipholie.eu\/en\/\"},{\"@type\":\"ListItem\",\"position\":2,\"name\":\"Boutique\",\"item\":\"http:\/\/nikipholie.eu\/en\/shop\/\"},{\"@type\":\"ListItem\",\"position\":3,\"name\":\"Huile sur panneau, sign\\u00e9e et dat\\u00e9e. Repr\\u00e9sente un hameau. Dim : 26 x 36 cm.\"}]}]}<\/script>\n<!-- \/ Yoast SEO plugin. -->","yoast_head_json":{"title":"Huile sur panneau, sign\u00e9e et dat\u00e9e. Repr\u00e9sente un hameau. Dim : 26 x 36 cm. - Niki Pholie","description":"paysage avec ferme.","robots":{"index":"index","follow":"follow","max-snippet":"max-snippet:-1","max-image-preview":"max-image-preview:large","max-video-preview":"max-video-preview:-1"},"canonical":"http:\/\/nikipholie.eu\/en\/product\/hameau-huile-sur-panneau-signee-et-datee-dim-26-x-36-cm\/","og_locale":"en_US","og_type":"article","og_title":"Huile sur panneau, sign\u00e9e et dat\u00e9e. Repr\u00e9sente un hameau. Dim : 26 x 36 cm. - Niki Pholie","og_description":"paysage avec ferme.","og_url":"http:\/\/nikipholie.eu\/en\/product\/hameau-huile-sur-panneau-signee-et-datee-dim-26-x-36-cm\/","og_site_name":"Niki Pholie","article_modified_time":"2021-05-22T12:09:47+00:00","twitter_card":"summary_large_image","schema":{"@context":"https:\/\/schema.org","@graph":[{"@type":"WebSite","@id":"https:\/\/nikipholie.eu\/#website","url":"https:\/\/nikipholie.eu\/","name":"Niki Pholie","description":"Art ancien - Art contemporain","potentialAction":[{"@type":"SearchAction","target":{"@type":"EntryPoint","urlTemplate":"https:\/\/nikipholie.eu\/?s={search_term_string}"},"query-input":"required name=search_term_string"}],"inLanguage":"en-US"},{"@type":"WebPage","@id":"http:\/\/nikipholie.eu\/en\/product\/hameau-huile-sur-panneau-signee-et-datee-dim-26-x-36-cm\/#webpage","url":"http:\/\/nikipholie.eu\/en\/product\/hameau-huile-sur-panneau-signee-et-datee-dim-26-x-36-cm\/","name":"Huile sur panneau, sign\u00e9e et dat\u00e9e. Repr\u00e9sente un hameau. Dim : 26 x 36 cm. - Niki Pholie","isPartOf":{"@id":"https:\/\/nikipholie.eu\/#website"},"datePublished":"2020-11-08T11:39:12+00:00","dateModified":"2021-05-22T12:09:47+00:00","description":"paysage avec ferme.","breadcrumb":{"@id":"http:\/\/nikipholie.eu\/en\/product\/hameau-huile-sur-panneau-signee-et-datee-dim-26-x-36-cm\/#breadcrumb"},"inLanguage":"en-US","potentialAction":[{"@type":"ReadAction","target":["http:\/\/nikipholie.eu\/en\/product\/hameau-huile-sur-panneau-signee-et-datee-dim-26-x-36-cm\/"]}]},{"@type":"BreadcrumbList","@id":"http:\/\/nikipholie.eu\/en\/product\/hameau-huile-sur-panneau-signee-et-datee-dim-26-x-36-cm\/#breadcrumb","itemListElement":[{"@type":"ListItem","position":1,"name":"Accueil","item":"http:\/\/nikipholie.eu\/en\/"},{"@type":"ListItem","position":2,"name":"Boutique","item":"http:\/\/nikipholie.eu\/en\/shop\/"},{"@type":"ListItem","position":3,"name":"Huile sur panneau, sign\u00e9e et dat\u00e9e. Repr\u00e9sente un hameau. Dim : 26 x 36 cm."}]}]}},"_links":{"self":[{"href":"http:\/\/nikipholie.eu\/en\/wp-json\/wp\/v2\/product\/4165"}],"collection":[{"href":"http:\/\/nikipholie.eu\/en\/wp-json\/wp\/v2\/product"}],"about":[{"href":"http:\/\/nikipholie.eu\/en\/wp-json\/wp\/v2\/types\/product"}],"replies":[{"embeddable":true,"href":"http:\/\/nikipholie.eu\/en\/wp-json\/wp\/v2\/comments?post=4165"}],"wp:attachment":[{"href":"http:\/\/nikipholie.eu\/en\/wp-json\/wp\/v2\/media?parent=4165"}],"wp:term":[{"taxonomy":"product_cat","embeddable":true,"href":"http:\/\/nikipholie.eu\/en\/wp-json\/wp\/v2\/product_cat?post=4165"},{"taxonomy":"product_tag","embeddable":true,"href":"http:\/\/nikipholie.eu\/en\/wp-json\/wp\/v2\/product_tag?post=4165"}],"curies":[{"name":"wp","href":"https:\/\/api.w.org\/{rel}","templated":true}]}}