{"id":4184,"date":"2020-10-29T10:21:28","date_gmt":"2020-10-29T09:21:28","guid":{"rendered":"http:\/\/nikipholie.eu\/produit\/potiches-en-ceramique-emaillee-beige-decoratives-la-plus-haute-mesure-30-cm-de-haut-lautre-24-cm-vendues-separement-24-e-et-20-e-etat-impeccable\/"},"modified":"2025-01-26T21:02:24","modified_gmt":"2025-01-26T20:02:24","slug":"potiches-en-ceramique-emaillee-beige-decoratives-la-plus-haute-mesure-30-cm-de-haut-lautre-24-cm-vendues-separement-24-e-et-20-e-etat-impeccable","status":"publish","type":"product","link":"http:\/\/nikipholie.eu\/en\/product\/potiches-en-ceramique-emaillee-beige-decoratives-la-plus-haute-mesure-30-cm-de-haut-lautre-24-cm-vendues-separement-24-e-et-20-e-etat-impeccable\/","title":{"rendered":"Potiches couvertes"},"content":{"rendered":"<p>Potiches en c\u00e9ramique verniss\u00e9e, beiges, d\u00e9coratives.<\/p>\n<p>H: 30 cm et 24 cm.<\/p>\n<p>Vendues s\u00e9par\u00e9ment, 60\u20ac et 50 \u20ac.<\/p>\n","protected":false},"excerpt":{"rendered":"<p>Potiches en c\u00e9ramique verniss\u00e9e, beiges, d\u00e9coratives. H: 30 cm et 24 cm. Vendues s\u00e9par\u00e9ment, 60\u20ac et 50 \u20ac.<\/p>\n","protected":false},"featured_media":1894,"comment_status":"open","ping_status":"closed","template":"","meta":[],"product_cat":[183,408],"product_tag":[1990,1991,383,628,678,102,1992,747],"yoast_head":"<!-- This site is optimized with the Yoast SEO plugin v17.6 - https:\/\/yoast.com\/wordpress\/plugins\/seo\/ -->\n<title>Potiches couvertes - Niki Pholie<\/title>\n<meta name=\"robots\" content=\"index, follow, max-snippet:-1, max-image-preview:large, max-video-preview:-1\" \/>\n<link rel=\"canonical\" href=\"http:\/\/nikipholie.eu\/en\/product\/potiches-en-ceramique-emaillee-beige-decoratives-la-plus-haute-mesure-30-cm-de-haut-lautre-24-cm-vendues-separement-24-e-et-20-e-etat-impeccable\/\" \/>\n<meta property=\"og:locale\" content=\"en_US\" \/>\n<meta property=\"og:type\" content=\"article\" \/>\n<meta property=\"og:title\" content=\"Potiches couvertes - Niki Pholie\" \/>\n<meta property=\"og:description\" content=\"Potiches en c\u00e9ramique verniss\u00e9e, beiges, d\u00e9coratives. H: 30 cm et 24 cm. Vendues s\u00e9par\u00e9ment, 60\u20ac et 50 \u20ac.\" \/>\n<meta property=\"og:url\" content=\"http:\/\/nikipholie.eu\/en\/product\/potiches-en-ceramique-emaillee-beige-decoratives-la-plus-haute-mesure-30-cm-de-haut-lautre-24-cm-vendues-separement-24-e-et-20-e-etat-impeccable\/\" \/>\n<meta property=\"og:site_name\" content=\"Niki Pholie\" \/>\n<meta property=\"article:modified_time\" content=\"2025-01-26T20:02:24+00:00\" \/>\n<meta property=\"og:image\" content=\"http:\/\/nikipholie.eu\/wp-content\/uploads\/2020\/10\/IMG_5535-scaled.jpg\" \/>\n\t<meta property=\"og:image:width\" content=\"2560\" \/>\n\t<meta property=\"og:image:height\" content=\"1920\" \/>\n<meta name=\"twitter:card\" content=\"summary_large_image\" \/>\n<script type=\"application\/ld+json\" class=\"yoast-schema-graph\">{\"@context\":\"https:\/\/schema.org\",\"@graph\":[{\"@type\":\"WebSite\",\"@id\":\"https:\/\/nikipholie.eu\/#website\",\"url\":\"https:\/\/nikipholie.eu\/\",\"name\":\"Niki Pholie\",\"description\":\"Art ancien - Art contemporain\",\"potentialAction\":[{\"@type\":\"SearchAction\",\"target\":{\"@type\":\"EntryPoint\",\"urlTemplate\":\"https:\/\/nikipholie.eu\/?s={search_term_string}\"},\"query-input\":\"required name=search_term_string\"}],\"inLanguage\":\"en-US\"},{\"@type\":\"ImageObject\",\"@id\":\"http:\/\/nikipholie.eu\/en\/product\/potiches-en-ceramique-emaillee-beige-decoratives-la-plus-haute-mesure-30-cm-de-haut-lautre-24-cm-vendues-separement-24-e-et-20-e-etat-impeccable\/#primaryimage\",\"inLanguage\":\"en-US\",\"url\":\"http:\/\/nikipholie.eu\/wp-content\/uploads\/2020\/10\/IMG_5535-scaled.jpg\",\"contentUrl\":\"http:\/\/nikipholie.eu\/wp-content\/uploads\/2020\/10\/IMG_5535-scaled.jpg\",\"width\":2560,\"height\":1920},{\"@type\":\"WebPage\",\"@id\":\"http:\/\/nikipholie.eu\/en\/product\/potiches-en-ceramique-emaillee-beige-decoratives-la-plus-haute-mesure-30-cm-de-haut-lautre-24-cm-vendues-separement-24-e-et-20-e-etat-impeccable\/#webpage\",\"url\":\"http:\/\/nikipholie.eu\/en\/product\/potiches-en-ceramique-emaillee-beige-decoratives-la-plus-haute-mesure-30-cm-de-haut-lautre-24-cm-vendues-separement-24-e-et-20-e-etat-impeccable\/\",\"name\":\"Potiches couvertes - Niki Pholie\",\"isPartOf\":{\"@id\":\"https:\/\/nikipholie.eu\/#website\"},\"primaryImageOfPage\":{\"@id\":\"http:\/\/nikipholie.eu\/en\/product\/potiches-en-ceramique-emaillee-beige-decoratives-la-plus-haute-mesure-30-cm-de-haut-lautre-24-cm-vendues-separement-24-e-et-20-e-etat-impeccable\/#primaryimage\"},\"datePublished\":\"2020-10-29T09:21:28+00:00\",\"dateModified\":\"2025-01-26T20:02:24+00:00\",\"breadcrumb\":{\"@id\":\"http:\/\/nikipholie.eu\/en\/product\/potiches-en-ceramique-emaillee-beige-decoratives-la-plus-haute-mesure-30-cm-de-haut-lautre-24-cm-vendues-separement-24-e-et-20-e-etat-impeccable\/#breadcrumb\"},\"inLanguage\":\"en-US\",\"potentialAction\":[{\"@type\":\"ReadAction\",\"target\":[\"http:\/\/nikipholie.eu\/en\/product\/potiches-en-ceramique-emaillee-beige-decoratives-la-plus-haute-mesure-30-cm-de-haut-lautre-24-cm-vendues-separement-24-e-et-20-e-etat-impeccable\/\"]}]},{\"@type\":\"BreadcrumbList\",\"@id\":\"http:\/\/nikipholie.eu\/en\/product\/potiches-en-ceramique-emaillee-beige-decoratives-la-plus-haute-mesure-30-cm-de-haut-lautre-24-cm-vendues-separement-24-e-et-20-e-etat-impeccable\/#breadcrumb\",\"itemListElement\":[{\"@type\":\"ListItem\",\"position\":1,\"name\":\"Accueil\",\"item\":\"http:\/\/nikipholie.eu\/en\/\"},{\"@type\":\"ListItem\",\"position\":2,\"name\":\"Boutique\",\"item\":\"http:\/\/nikipholie.eu\/en\/shop\/\"},{\"@type\":\"ListItem\",\"position\":3,\"name\":\"Potiches couvertes\"}]}]}<\/script>\n<!-- \/ Yoast SEO plugin. -->","yoast_head_json":{"title":"Potiches couvertes - Niki Pholie","robots":{"index":"index","follow":"follow","max-snippet":"max-snippet:-1","max-image-preview":"max-image-preview:large","max-video-preview":"max-video-preview:-1"},"canonical":"http:\/\/nikipholie.eu\/en\/product\/potiches-en-ceramique-emaillee-beige-decoratives-la-plus-haute-mesure-30-cm-de-haut-lautre-24-cm-vendues-separement-24-e-et-20-e-etat-impeccable\/","og_locale":"en_US","og_type":"article","og_title":"Potiches couvertes - Niki Pholie","og_description":"Potiches en c\u00e9ramique verniss\u00e9e, beiges, d\u00e9coratives. H: 30 cm et 24 cm. Vendues s\u00e9par\u00e9ment, 60\u20ac et 50 \u20ac.","og_url":"http:\/\/nikipholie.eu\/en\/product\/potiches-en-ceramique-emaillee-beige-decoratives-la-plus-haute-mesure-30-cm-de-haut-lautre-24-cm-vendues-separement-24-e-et-20-e-etat-impeccable\/","og_site_name":"Niki Pholie","article_modified_time":"2025-01-26T20:02:24+00:00","og_image":[{"width":2560,"height":1920,"url":"http:\/\/nikipholie.eu\/wp-content\/uploads\/2020\/10\/IMG_5535-scaled.jpg","type":"image\/jpeg"}],"twitter_card":"summary_large_image","schema":{"@context":"https:\/\/schema.org","@graph":[{"@type":"WebSite","@id":"https:\/\/nikipholie.eu\/#website","url":"https:\/\/nikipholie.eu\/","name":"Niki Pholie","description":"Art ancien - Art contemporain","potentialAction":[{"@type":"SearchAction","target":{"@type":"EntryPoint","urlTemplate":"https:\/\/nikipholie.eu\/?s={search_term_string}"},"query-input":"required name=search_term_string"}],"inLanguage":"en-US"},{"@type":"ImageObject","@id":"http:\/\/nikipholie.eu\/en\/product\/potiches-en-ceramique-emaillee-beige-decoratives-la-plus-haute-mesure-30-cm-de-haut-lautre-24-cm-vendues-separement-24-e-et-20-e-etat-impeccable\/#primaryimage","inLanguage":"en-US","url":"http:\/\/nikipholie.eu\/wp-content\/uploads\/2020\/10\/IMG_5535-scaled.jpg","contentUrl":"http:\/\/nikipholie.eu\/wp-content\/uploads\/2020\/10\/IMG_5535-scaled.jpg","width":2560,"height":1920},{"@type":"WebPage","@id":"http:\/\/nikipholie.eu\/en\/product\/potiches-en-ceramique-emaillee-beige-decoratives-la-plus-haute-mesure-30-cm-de-haut-lautre-24-cm-vendues-separement-24-e-et-20-e-etat-impeccable\/#webpage","url":"http:\/\/nikipholie.eu\/en\/product\/potiches-en-ceramique-emaillee-beige-decoratives-la-plus-haute-mesure-30-cm-de-haut-lautre-24-cm-vendues-separement-24-e-et-20-e-etat-impeccable\/","name":"Potiches couvertes - Niki Pholie","isPartOf":{"@id":"https:\/\/nikipholie.eu\/#website"},"primaryImageOfPage":{"@id":"http:\/\/nikipholie.eu\/en\/product\/potiches-en-ceramique-emaillee-beige-decoratives-la-plus-haute-mesure-30-cm-de-haut-lautre-24-cm-vendues-separement-24-e-et-20-e-etat-impeccable\/#primaryimage"},"datePublished":"2020-10-29T09:21:28+00:00","dateModified":"2025-01-26T20:02:24+00:00","breadcrumb":{"@id":"http:\/\/nikipholie.eu\/en\/product\/potiches-en-ceramique-emaillee-beige-decoratives-la-plus-haute-mesure-30-cm-de-haut-lautre-24-cm-vendues-separement-24-e-et-20-e-etat-impeccable\/#breadcrumb"},"inLanguage":"en-US","potentialAction":[{"@type":"ReadAction","target":["http:\/\/nikipholie.eu\/en\/product\/potiches-en-ceramique-emaillee-beige-decoratives-la-plus-haute-mesure-30-cm-de-haut-lautre-24-cm-vendues-separement-24-e-et-20-e-etat-impeccable\/"]}]},{"@type":"BreadcrumbList","@id":"http:\/\/nikipholie.eu\/en\/product\/potiches-en-ceramique-emaillee-beige-decoratives-la-plus-haute-mesure-30-cm-de-haut-lautre-24-cm-vendues-separement-24-e-et-20-e-etat-impeccable\/#breadcrumb","itemListElement":[{"@type":"ListItem","position":1,"name":"Accueil","item":"http:\/\/nikipholie.eu\/en\/"},{"@type":"ListItem","position":2,"name":"Boutique","item":"http:\/\/nikipholie.eu\/en\/shop\/"},{"@type":"ListItem","position":3,"name":"Potiches couvertes"}]}]}},"_links":{"self":[{"href":"http:\/\/nikipholie.eu\/en\/wp-json\/wp\/v2\/product\/4184"}],"collection":[{"href":"http:\/\/nikipholie.eu\/en\/wp-json\/wp\/v2\/product"}],"about":[{"href":"http:\/\/nikipholie.eu\/en\/wp-json\/wp\/v2\/types\/product"}],"replies":[{"embeddable":true,"href":"http:\/\/nikipholie.eu\/en\/wp-json\/wp\/v2\/comments?post=4184"}],"wp:featuredmedia":[{"embeddable":true,"href":"http:\/\/nikipholie.eu\/en\/wp-json\/wp\/v2\/media\/1894"}],"wp:attachment":[{"href":"http:\/\/nikipholie.eu\/en\/wp-json\/wp\/v2\/media?parent=4184"}],"wp:term":[{"taxonomy":"product_cat","embeddable":true,"href":"http:\/\/nikipholie.eu\/en\/wp-json\/wp\/v2\/product_cat?post=4184"},{"taxonomy":"product_tag","embeddable":true,"href":"http:\/\/nikipholie.eu\/en\/wp-json\/wp\/v2\/product_tag?post=4184"}],"curies":[{"name":"wp","href":"https:\/\/api.w.org\/{rel}","templated":true}]}}