{"id":6716,"date":"2023-06-25T16:50:59","date_gmt":"2023-06-25T14:50:59","guid":{"rendered":"http:\/\/nikipholie.eu\/produit\/assiette-officielle-du-bicentenaire-du-premier-vol-humain-haviland-limoges\/"},"modified":"2023-09-19T19:41:15","modified_gmt":"2023-09-19T17:41:15","slug":"assiette-officielle-du-bicentenaire-du-premier-vol-humain-haviland-limoges","status":"publish","type":"product","link":"http:\/\/nikipholie.eu\/en\/product\/assiette-officielle-du-bicentenaire-du-premier-vol-humain-haviland-limoges\/","title":{"rendered":"Assiette Officielle du Bicentenaire du Premier Vol Humain, Haviland, Limoges"},"content":{"rendered":"<p>Assiette comm\u00e9morative du premier vol humain (1783-1983) cr\u00e9e par Martial Poutout, Directeur Artistique de la Maison Haviland. Elle est d\u00e9cor\u00e9e d&#8217;une jolie mongolfi\u00e8re survolant la foule.<\/p>\n<p>Elle est en porcelaine fine, d\u00e9cor\u00e9e \u00e0 l&#8217;or 24 carats et \u00e9dit\u00e9e en \u00e9dition limit\u00e9e.<\/p>\n<p>Etat neuf. Certificat disponible du 18 avril 1983.<\/p>\n","protected":false},"excerpt":{"rendered":"<p>Assiette comm\u00e9morative du premier vol humain (1783-1983) cr\u00e9e par Martial Poutout, Directeur Artistique de la Maison Haviland. Elle est d\u00e9cor\u00e9e d&#8217;une jolie mongolfi\u00e8re survolant la foule. Elle est en porcelaine fine, d\u00e9cor\u00e9e \u00e0 l&#8217;or 24 carats et \u00e9dit\u00e9e en \u00e9dition limit\u00e9e. Etat neuf. Certificat disponible du 18 avril 1983.<\/p>\n","protected":false},"featured_media":6692,"comment_status":"open","ping_status":"closed","template":"","meta":[],"product_cat":[183],"product_tag":[1898,1580,1581,1489,1582,1583,1584,1585,800,1586,1587],"yoast_head":"<!-- This site is optimized with the Yoast SEO plugin v17.6 - https:\/\/yoast.com\/wordpress\/plugins\/seo\/ -->\n<title>Assiette Officielle du Bicentenaire du Premier Vol Humain, Haviland, Limoges - Niki Pholie<\/title>\n<meta name=\"robots\" content=\"index, follow, max-snippet:-1, max-image-preview:large, max-video-preview:-1\" \/>\n<link rel=\"canonical\" href=\"http:\/\/nikipholie.eu\/en\/product\/assiette-officielle-du-bicentenaire-du-premier-vol-humain-haviland-limoges\/\" \/>\n<meta property=\"og:locale\" content=\"en_US\" \/>\n<meta property=\"og:type\" content=\"article\" \/>\n<meta property=\"og:title\" content=\"Assiette Officielle du Bicentenaire du Premier Vol Humain, Haviland, Limoges - Niki Pholie\" \/>\n<meta property=\"og:description\" content=\"Assiette comm\u00e9morative du premier vol humain (1783-1983) cr\u00e9e par Martial Poutout, Directeur Artistique de la Maison Haviland. Elle est d\u00e9cor\u00e9e d&#8217;une jolie mongolfi\u00e8re survolant la foule. Elle est en porcelaine fine, d\u00e9cor\u00e9e \u00e0 l&#8217;or 24 carats et \u00e9dit\u00e9e en \u00e9dition limit\u00e9e. Etat neuf. Certificat disponible du 18 avril 1983.\" \/>\n<meta property=\"og:url\" content=\"http:\/\/nikipholie.eu\/en\/product\/assiette-officielle-du-bicentenaire-du-premier-vol-humain-haviland-limoges\/\" \/>\n<meta property=\"og:site_name\" content=\"Niki Pholie\" \/>\n<meta property=\"article:modified_time\" content=\"2023-09-19T17:41:15+00:00\" \/>\n<meta property=\"og:image\" content=\"http:\/\/nikipholie.eu\/wp-content\/uploads\/2023\/06\/IMG_3597-scaled.jpeg\" \/>\n\t<meta property=\"og:image:width\" content=\"1920\" \/>\n\t<meta property=\"og:image:height\" content=\"2560\" \/>\n<meta name=\"twitter:card\" content=\"summary_large_image\" \/>\n<script type=\"application\/ld+json\" class=\"yoast-schema-graph\">{\"@context\":\"https:\/\/schema.org\",\"@graph\":[{\"@type\":\"WebSite\",\"@id\":\"https:\/\/nikipholie.eu\/#website\",\"url\":\"https:\/\/nikipholie.eu\/\",\"name\":\"Niki Pholie\",\"description\":\"Art ancien - Art contemporain\",\"potentialAction\":[{\"@type\":\"SearchAction\",\"target\":{\"@type\":\"EntryPoint\",\"urlTemplate\":\"https:\/\/nikipholie.eu\/?s={search_term_string}\"},\"query-input\":\"required name=search_term_string\"}],\"inLanguage\":\"en-US\"},{\"@type\":\"ImageObject\",\"@id\":\"http:\/\/nikipholie.eu\/en\/product\/assiette-officielle-du-bicentenaire-du-premier-vol-humain-haviland-limoges\/#primaryimage\",\"inLanguage\":\"en-US\",\"url\":\"http:\/\/nikipholie.eu\/wp-content\/uploads\/2023\/06\/IMG_3597-scaled.jpeg\",\"contentUrl\":\"http:\/\/nikipholie.eu\/wp-content\/uploads\/2023\/06\/IMG_3597-scaled.jpeg\",\"width\":1920,\"height\":2560},{\"@type\":\"WebPage\",\"@id\":\"http:\/\/nikipholie.eu\/en\/product\/assiette-officielle-du-bicentenaire-du-premier-vol-humain-haviland-limoges\/#webpage\",\"url\":\"http:\/\/nikipholie.eu\/en\/product\/assiette-officielle-du-bicentenaire-du-premier-vol-humain-haviland-limoges\/\",\"name\":\"Assiette Officielle du Bicentenaire du Premier Vol Humain, Haviland, Limoges - Niki Pholie\",\"isPartOf\":{\"@id\":\"https:\/\/nikipholie.eu\/#website\"},\"primaryImageOfPage\":{\"@id\":\"http:\/\/nikipholie.eu\/en\/product\/assiette-officielle-du-bicentenaire-du-premier-vol-humain-haviland-limoges\/#primaryimage\"},\"datePublished\":\"2023-06-25T14:50:59+00:00\",\"dateModified\":\"2023-09-19T17:41:15+00:00\",\"breadcrumb\":{\"@id\":\"http:\/\/nikipholie.eu\/en\/product\/assiette-officielle-du-bicentenaire-du-premier-vol-humain-haviland-limoges\/#breadcrumb\"},\"inLanguage\":\"en-US\",\"potentialAction\":[{\"@type\":\"ReadAction\",\"target\":[\"http:\/\/nikipholie.eu\/en\/product\/assiette-officielle-du-bicentenaire-du-premier-vol-humain-haviland-limoges\/\"]}]},{\"@type\":\"BreadcrumbList\",\"@id\":\"http:\/\/nikipholie.eu\/en\/product\/assiette-officielle-du-bicentenaire-du-premier-vol-humain-haviland-limoges\/#breadcrumb\",\"itemListElement\":[{\"@type\":\"ListItem\",\"position\":1,\"name\":\"Accueil\",\"item\":\"http:\/\/nikipholie.eu\/en\/\"},{\"@type\":\"ListItem\",\"position\":2,\"name\":\"Boutique\",\"item\":\"http:\/\/nikipholie.eu\/en\/shop\/\"},{\"@type\":\"ListItem\",\"position\":3,\"name\":\"Assiette Officielle du Bicentenaire du Premier Vol Humain, Haviland, Limoges\"}]}]}<\/script>\n<!-- \/ Yoast SEO plugin. -->","yoast_head_json":{"title":"Assiette Officielle du Bicentenaire du Premier Vol Humain, Haviland, Limoges - Niki Pholie","robots":{"index":"index","follow":"follow","max-snippet":"max-snippet:-1","max-image-preview":"max-image-preview:large","max-video-preview":"max-video-preview:-1"},"canonical":"http:\/\/nikipholie.eu\/en\/product\/assiette-officielle-du-bicentenaire-du-premier-vol-humain-haviland-limoges\/","og_locale":"en_US","og_type":"article","og_title":"Assiette Officielle du Bicentenaire du Premier Vol Humain, Haviland, Limoges - Niki Pholie","og_description":"Assiette comm\u00e9morative du premier vol humain (1783-1983) cr\u00e9e par Martial Poutout, Directeur Artistique de la Maison Haviland. Elle est d\u00e9cor\u00e9e d&#8217;une jolie mongolfi\u00e8re survolant la foule. Elle est en porcelaine fine, d\u00e9cor\u00e9e \u00e0 l&#8217;or 24 carats et \u00e9dit\u00e9e en \u00e9dition limit\u00e9e. Etat neuf. Certificat disponible du 18 avril 1983.","og_url":"http:\/\/nikipholie.eu\/en\/product\/assiette-officielle-du-bicentenaire-du-premier-vol-humain-haviland-limoges\/","og_site_name":"Niki Pholie","article_modified_time":"2023-09-19T17:41:15+00:00","og_image":[{"width":1920,"height":2560,"url":"http:\/\/nikipholie.eu\/wp-content\/uploads\/2023\/06\/IMG_3597-scaled.jpeg","type":"image\/jpeg"}],"twitter_card":"summary_large_image","schema":{"@context":"https:\/\/schema.org","@graph":[{"@type":"WebSite","@id":"https:\/\/nikipholie.eu\/#website","url":"https:\/\/nikipholie.eu\/","name":"Niki Pholie","description":"Art ancien - Art contemporain","potentialAction":[{"@type":"SearchAction","target":{"@type":"EntryPoint","urlTemplate":"https:\/\/nikipholie.eu\/?s={search_term_string}"},"query-input":"required name=search_term_string"}],"inLanguage":"en-US"},{"@type":"ImageObject","@id":"http:\/\/nikipholie.eu\/en\/product\/assiette-officielle-du-bicentenaire-du-premier-vol-humain-haviland-limoges\/#primaryimage","inLanguage":"en-US","url":"http:\/\/nikipholie.eu\/wp-content\/uploads\/2023\/06\/IMG_3597-scaled.jpeg","contentUrl":"http:\/\/nikipholie.eu\/wp-content\/uploads\/2023\/06\/IMG_3597-scaled.jpeg","width":1920,"height":2560},{"@type":"WebPage","@id":"http:\/\/nikipholie.eu\/en\/product\/assiette-officielle-du-bicentenaire-du-premier-vol-humain-haviland-limoges\/#webpage","url":"http:\/\/nikipholie.eu\/en\/product\/assiette-officielle-du-bicentenaire-du-premier-vol-humain-haviland-limoges\/","name":"Assiette Officielle du Bicentenaire du Premier Vol Humain, Haviland, Limoges - Niki Pholie","isPartOf":{"@id":"https:\/\/nikipholie.eu\/#website"},"primaryImageOfPage":{"@id":"http:\/\/nikipholie.eu\/en\/product\/assiette-officielle-du-bicentenaire-du-premier-vol-humain-haviland-limoges\/#primaryimage"},"datePublished":"2023-06-25T14:50:59+00:00","dateModified":"2023-09-19T17:41:15+00:00","breadcrumb":{"@id":"http:\/\/nikipholie.eu\/en\/product\/assiette-officielle-du-bicentenaire-du-premier-vol-humain-haviland-limoges\/#breadcrumb"},"inLanguage":"en-US","potentialAction":[{"@type":"ReadAction","target":["http:\/\/nikipholie.eu\/en\/product\/assiette-officielle-du-bicentenaire-du-premier-vol-humain-haviland-limoges\/"]}]},{"@type":"BreadcrumbList","@id":"http:\/\/nikipholie.eu\/en\/product\/assiette-officielle-du-bicentenaire-du-premier-vol-humain-haviland-limoges\/#breadcrumb","itemListElement":[{"@type":"ListItem","position":1,"name":"Accueil","item":"http:\/\/nikipholie.eu\/en\/"},{"@type":"ListItem","position":2,"name":"Boutique","item":"http:\/\/nikipholie.eu\/en\/shop\/"},{"@type":"ListItem","position":3,"name":"Assiette Officielle du Bicentenaire du Premier Vol Humain, Haviland, Limoges"}]}]}},"_links":{"self":[{"href":"http:\/\/nikipholie.eu\/en\/wp-json\/wp\/v2\/product\/6716"}],"collection":[{"href":"http:\/\/nikipholie.eu\/en\/wp-json\/wp\/v2\/product"}],"about":[{"href":"http:\/\/nikipholie.eu\/en\/wp-json\/wp\/v2\/types\/product"}],"replies":[{"embeddable":true,"href":"http:\/\/nikipholie.eu\/en\/wp-json\/wp\/v2\/comments?post=6716"}],"wp:featuredmedia":[{"embeddable":true,"href":"http:\/\/nikipholie.eu\/en\/wp-json\/wp\/v2\/media\/6692"}],"wp:attachment":[{"href":"http:\/\/nikipholie.eu\/en\/wp-json\/wp\/v2\/media?parent=6716"}],"wp:term":[{"taxonomy":"product_cat","embeddable":true,"href":"http:\/\/nikipholie.eu\/en\/wp-json\/wp\/v2\/product_cat?post=6716"},{"taxonomy":"product_tag","embeddable":true,"href":"http:\/\/nikipholie.eu\/en\/wp-json\/wp\/v2\/product_tag?post=6716"}],"curies":[{"name":"wp","href":"https:\/\/api.w.org\/{rel}","templated":true}]}}