{"id":6860,"date":"2023-08-23T18:07:24","date_gmt":"2023-08-23T16:07:24","guid":{"rendered":"http:\/\/nikipholie.eu\/produit\/antonio-lampecco-soliflore-dans-les-tons-bleus\/"},"modified":"2023-10-13T20:33:56","modified_gmt":"2023-10-13T18:33:56","slug":"antonio-lampecco-soliflore-dans-les-tons-bleus","status":"publish","type":"product","link":"http:\/\/nikipholie.eu\/en\/product\/antonio-lampecco-soliflore-dans-les-tons-bleus\/","title":{"rendered":"Antonio Lampecco, soliflore dans les tons bleus"},"content":{"rendered":"<p>Soliflore en c\u00e9ramique bleue dans le style caract\u00e9ristique de l&#8217;artiste Antonio Lampecco. Sign\u00e9 AL.<\/p>\n<p>Diam\u00e8tre : 11 cm, hauteur : 5,5 cm.<\/p>\n","protected":false},"excerpt":{"rendered":"<p>Soliflore en c\u00e9ramique bleue dans le style caract\u00e9ristique de l&#8217;artiste Antonio Lampecco. Sign\u00e9 AL. Diam\u00e8tre : 11 cm, hauteur : 5,5 cm.<\/p>\n","protected":false},"featured_media":6851,"comment_status":"open","ping_status":"closed","template":"","meta":[],"product_cat":[183],"product_tag":[1664,1665,397,383,103,678,1666,877,100],"yoast_head":"<!-- This site is optimized with the Yoast SEO plugin v17.6 - https:\/\/yoast.com\/wordpress\/plugins\/seo\/ -->\n<title>Antonio Lampecco, soliflore dans les tons bleus - Niki Pholie<\/title>\n<meta name=\"robots\" content=\"index, follow, max-snippet:-1, max-image-preview:large, max-video-preview:-1\" \/>\n<link rel=\"canonical\" href=\"http:\/\/nikipholie.eu\/en\/product\/antonio-lampecco-soliflore-dans-les-tons-bleus\/\" \/>\n<meta property=\"og:locale\" content=\"en_US\" \/>\n<meta property=\"og:type\" content=\"article\" \/>\n<meta property=\"og:title\" content=\"Antonio Lampecco, soliflore dans les tons bleus - Niki Pholie\" \/>\n<meta property=\"og:description\" content=\"Soliflore en c\u00e9ramique bleue dans le style caract\u00e9ristique de l&#8217;artiste Antonio Lampecco. Sign\u00e9 AL. Diam\u00e8tre : 11 cm, hauteur : 5,5 cm.\" \/>\n<meta property=\"og:url\" content=\"http:\/\/nikipholie.eu\/en\/product\/antonio-lampecco-soliflore-dans-les-tons-bleus\/\" \/>\n<meta property=\"og:site_name\" content=\"Niki Pholie\" \/>\n<meta property=\"article:modified_time\" content=\"2023-10-13T18:33:56+00:00\" \/>\n<meta property=\"og:image\" content=\"http:\/\/nikipholie.eu\/wp-content\/uploads\/2023\/08\/IMG_4876-scaled.jpeg\" \/>\n\t<meta property=\"og:image:width\" content=\"1920\" \/>\n\t<meta property=\"og:image:height\" content=\"2560\" \/>\n<meta name=\"twitter:card\" content=\"summary_large_image\" \/>\n<script type=\"application\/ld+json\" class=\"yoast-schema-graph\">{\"@context\":\"https:\/\/schema.org\",\"@graph\":[{\"@type\":\"WebSite\",\"@id\":\"https:\/\/nikipholie.eu\/#website\",\"url\":\"https:\/\/nikipholie.eu\/\",\"name\":\"Niki Pholie\",\"description\":\"Art ancien - Art contemporain\",\"potentialAction\":[{\"@type\":\"SearchAction\",\"target\":{\"@type\":\"EntryPoint\",\"urlTemplate\":\"https:\/\/nikipholie.eu\/?s={search_term_string}\"},\"query-input\":\"required name=search_term_string\"}],\"inLanguage\":\"en-US\"},{\"@type\":\"ImageObject\",\"@id\":\"http:\/\/nikipholie.eu\/en\/product\/antonio-lampecco-soliflore-dans-les-tons-bleus\/#primaryimage\",\"inLanguage\":\"en-US\",\"url\":\"http:\/\/nikipholie.eu\/wp-content\/uploads\/2023\/08\/IMG_4876-scaled.jpeg\",\"contentUrl\":\"http:\/\/nikipholie.eu\/wp-content\/uploads\/2023\/08\/IMG_4876-scaled.jpeg\",\"width\":1920,\"height\":2560},{\"@type\":\"WebPage\",\"@id\":\"http:\/\/nikipholie.eu\/en\/product\/antonio-lampecco-soliflore-dans-les-tons-bleus\/#webpage\",\"url\":\"http:\/\/nikipholie.eu\/en\/product\/antonio-lampecco-soliflore-dans-les-tons-bleus\/\",\"name\":\"Antonio Lampecco, soliflore dans les tons bleus - Niki Pholie\",\"isPartOf\":{\"@id\":\"https:\/\/nikipholie.eu\/#website\"},\"primaryImageOfPage\":{\"@id\":\"http:\/\/nikipholie.eu\/en\/product\/antonio-lampecco-soliflore-dans-les-tons-bleus\/#primaryimage\"},\"datePublished\":\"2023-08-23T16:07:24+00:00\",\"dateModified\":\"2023-10-13T18:33:56+00:00\",\"breadcrumb\":{\"@id\":\"http:\/\/nikipholie.eu\/en\/product\/antonio-lampecco-soliflore-dans-les-tons-bleus\/#breadcrumb\"},\"inLanguage\":\"en-US\",\"potentialAction\":[{\"@type\":\"ReadAction\",\"target\":[\"http:\/\/nikipholie.eu\/en\/product\/antonio-lampecco-soliflore-dans-les-tons-bleus\/\"]}]},{\"@type\":\"BreadcrumbList\",\"@id\":\"http:\/\/nikipholie.eu\/en\/product\/antonio-lampecco-soliflore-dans-les-tons-bleus\/#breadcrumb\",\"itemListElement\":[{\"@type\":\"ListItem\",\"position\":1,\"name\":\"Accueil\",\"item\":\"http:\/\/nikipholie.eu\/en\/\"},{\"@type\":\"ListItem\",\"position\":2,\"name\":\"Boutique\",\"item\":\"http:\/\/nikipholie.eu\/en\/shop\/\"},{\"@type\":\"ListItem\",\"position\":3,\"name\":\"Antonio Lampecco, soliflore dans les tons bleus\"}]}]}<\/script>\n<!-- \/ Yoast SEO plugin. -->","yoast_head_json":{"title":"Antonio Lampecco, soliflore dans les tons bleus - Niki Pholie","robots":{"index":"index","follow":"follow","max-snippet":"max-snippet:-1","max-image-preview":"max-image-preview:large","max-video-preview":"max-video-preview:-1"},"canonical":"http:\/\/nikipholie.eu\/en\/product\/antonio-lampecco-soliflore-dans-les-tons-bleus\/","og_locale":"en_US","og_type":"article","og_title":"Antonio Lampecco, soliflore dans les tons bleus - Niki Pholie","og_description":"Soliflore en c\u00e9ramique bleue dans le style caract\u00e9ristique de l&#8217;artiste Antonio Lampecco. Sign\u00e9 AL. Diam\u00e8tre : 11 cm, hauteur : 5,5 cm.","og_url":"http:\/\/nikipholie.eu\/en\/product\/antonio-lampecco-soliflore-dans-les-tons-bleus\/","og_site_name":"Niki Pholie","article_modified_time":"2023-10-13T18:33:56+00:00","og_image":[{"width":1920,"height":2560,"url":"http:\/\/nikipholie.eu\/wp-content\/uploads\/2023\/08\/IMG_4876-scaled.jpeg","type":"image\/jpeg"}],"twitter_card":"summary_large_image","schema":{"@context":"https:\/\/schema.org","@graph":[{"@type":"WebSite","@id":"https:\/\/nikipholie.eu\/#website","url":"https:\/\/nikipholie.eu\/","name":"Niki Pholie","description":"Art ancien - Art contemporain","potentialAction":[{"@type":"SearchAction","target":{"@type":"EntryPoint","urlTemplate":"https:\/\/nikipholie.eu\/?s={search_term_string}"},"query-input":"required name=search_term_string"}],"inLanguage":"en-US"},{"@type":"ImageObject","@id":"http:\/\/nikipholie.eu\/en\/product\/antonio-lampecco-soliflore-dans-les-tons-bleus\/#primaryimage","inLanguage":"en-US","url":"http:\/\/nikipholie.eu\/wp-content\/uploads\/2023\/08\/IMG_4876-scaled.jpeg","contentUrl":"http:\/\/nikipholie.eu\/wp-content\/uploads\/2023\/08\/IMG_4876-scaled.jpeg","width":1920,"height":2560},{"@type":"WebPage","@id":"http:\/\/nikipholie.eu\/en\/product\/antonio-lampecco-soliflore-dans-les-tons-bleus\/#webpage","url":"http:\/\/nikipholie.eu\/en\/product\/antonio-lampecco-soliflore-dans-les-tons-bleus\/","name":"Antonio Lampecco, soliflore dans les tons bleus - Niki Pholie","isPartOf":{"@id":"https:\/\/nikipholie.eu\/#website"},"primaryImageOfPage":{"@id":"http:\/\/nikipholie.eu\/en\/product\/antonio-lampecco-soliflore-dans-les-tons-bleus\/#primaryimage"},"datePublished":"2023-08-23T16:07:24+00:00","dateModified":"2023-10-13T18:33:56+00:00","breadcrumb":{"@id":"http:\/\/nikipholie.eu\/en\/product\/antonio-lampecco-soliflore-dans-les-tons-bleus\/#breadcrumb"},"inLanguage":"en-US","potentialAction":[{"@type":"ReadAction","target":["http:\/\/nikipholie.eu\/en\/product\/antonio-lampecco-soliflore-dans-les-tons-bleus\/"]}]},{"@type":"BreadcrumbList","@id":"http:\/\/nikipholie.eu\/en\/product\/antonio-lampecco-soliflore-dans-les-tons-bleus\/#breadcrumb","itemListElement":[{"@type":"ListItem","position":1,"name":"Accueil","item":"http:\/\/nikipholie.eu\/en\/"},{"@type":"ListItem","position":2,"name":"Boutique","item":"http:\/\/nikipholie.eu\/en\/shop\/"},{"@type":"ListItem","position":3,"name":"Antonio Lampecco, soliflore dans les tons bleus"}]}]}},"_links":{"self":[{"href":"http:\/\/nikipholie.eu\/en\/wp-json\/wp\/v2\/product\/6860"}],"collection":[{"href":"http:\/\/nikipholie.eu\/en\/wp-json\/wp\/v2\/product"}],"about":[{"href":"http:\/\/nikipholie.eu\/en\/wp-json\/wp\/v2\/types\/product"}],"replies":[{"embeddable":true,"href":"http:\/\/nikipholie.eu\/en\/wp-json\/wp\/v2\/comments?post=6860"}],"wp:featuredmedia":[{"embeddable":true,"href":"http:\/\/nikipholie.eu\/en\/wp-json\/wp\/v2\/media\/6851"}],"wp:attachment":[{"href":"http:\/\/nikipholie.eu\/en\/wp-json\/wp\/v2\/media?parent=6860"}],"wp:term":[{"taxonomy":"product_cat","embeddable":true,"href":"http:\/\/nikipholie.eu\/en\/wp-json\/wp\/v2\/product_cat?post=6860"},{"taxonomy":"product_tag","embeddable":true,"href":"http:\/\/nikipholie.eu\/en\/wp-json\/wp\/v2\/product_tag?post=6860"}],"curies":[{"name":"wp","href":"https:\/\/api.w.org\/{rel}","templated":true}]}}