{"id":8199,"date":"2024-04-28T17:01:57","date_gmt":"2024-04-28T15:01:57","guid":{"rendered":"https:\/\/nikipholie.eu\/?post_type=product&#038;p=8199"},"modified":"2024-10-19T16:47:22","modified_gmt":"2024-10-19T14:47:22","slug":"sculpture-torro-signee-laszlo-tibay","status":"publish","type":"product","link":"http:\/\/nikipholie.eu\/en\/produit\/sculpture-torro-signee-laszlo-tibay\/","title":{"rendered":"Sculpture &#8220;Torro&#8221;, sign\u00e9e Laszlo Tibay"},"content":{"rendered":"<p>Sculpture en bronze laqu\u00e9 noir d&#8217;un taureau de face.<\/p>\n<p>Pi\u00e8ce unique, sign\u00e9e par l&#8217;artiste avec son cachet et celui de la fonderie. Num\u00e9rot\u00e9e 3\/8.<\/p>\n<p>Hauteur : 34 cm, longueur : 80 cm, largeur : 28 cm, poids : 20 kg<\/p>\n<p>Prix sur demande.<\/p>\n","protected":false},"excerpt":{"rendered":"<p>Sculpture en bronze laqu\u00e9 noir d&#8217;un taureau de face. Pi\u00e8ce unique, sign\u00e9e par l&#8217;artiste avec son cachet et celui de la fonderie. Num\u00e9rot\u00e9e 3\/8. Hauteur : 34 cm, longueur : 80 cm, largeur : 28 cm, poids : 20 kg Prix sur demande.<\/p>\n","protected":false},"featured_media":8185,"comment_status":"open","ping_status":"closed","template":"","meta":[],"product_cat":[54],"product_tag":[145,628,678,2109,2110,144,2108,2107,813],"yoast_head":"<!-- This site is optimized with the Yoast SEO plugin v17.6 - https:\/\/yoast.com\/wordpress\/plugins\/seo\/ -->\n<title>Sculpture &quot;Torro&quot;, sign\u00e9e Laszlo Tibay - Niki Pholie<\/title>\n<meta name=\"robots\" content=\"index, follow, max-snippet:-1, max-image-preview:large, max-video-preview:-1\" \/>\n<link rel=\"canonical\" href=\"http:\/\/nikipholie.eu\/en\/produit\/sculpture-torro-signee-laszlo-tibay\/\" \/>\n<meta property=\"og:locale\" content=\"en_US\" \/>\n<meta property=\"og:type\" content=\"article\" \/>\n<meta property=\"og:title\" content=\"Sculpture &quot;Torro&quot;, sign\u00e9e Laszlo Tibay - Niki Pholie\" \/>\n<meta property=\"og:description\" content=\"Sculpture en bronze laqu\u00e9 noir d&#8217;un taureau de face. Pi\u00e8ce unique, sign\u00e9e par l&#8217;artiste avec son cachet et celui de la fonderie. Num\u00e9rot\u00e9e 3\/8. Hauteur : 34 cm, longueur : 80 cm, largeur : 28 cm, poids : 20 kg Prix sur demande.\" \/>\n<meta property=\"og:url\" content=\"http:\/\/nikipholie.eu\/en\/produit\/sculpture-torro-signee-laszlo-tibay\/\" \/>\n<meta property=\"og:site_name\" content=\"Niki Pholie\" \/>\n<meta property=\"article:modified_time\" content=\"2024-10-19T14:47:22+00:00\" \/>\n<meta property=\"og:image\" content=\"https:\/\/nikipholie.eu\/wp-content\/uploads\/2024\/04\/IMG_7745-scaled.jpeg\" \/>\n\t<meta property=\"og:image:width\" content=\"2560\" \/>\n\t<meta property=\"og:image:height\" content=\"2115\" \/>\n<meta name=\"twitter:card\" content=\"summary_large_image\" \/>\n<script type=\"application\/ld+json\" class=\"yoast-schema-graph\">{\"@context\":\"https:\/\/schema.org\",\"@graph\":[{\"@type\":\"WebSite\",\"@id\":\"https:\/\/nikipholie.eu\/#website\",\"url\":\"https:\/\/nikipholie.eu\/\",\"name\":\"Niki Pholie\",\"description\":\"Art ancien - Art contemporain\",\"potentialAction\":[{\"@type\":\"SearchAction\",\"target\":{\"@type\":\"EntryPoint\",\"urlTemplate\":\"https:\/\/nikipholie.eu\/?s={search_term_string}\"},\"query-input\":\"required name=search_term_string\"}],\"inLanguage\":\"en-US\"},{\"@type\":\"ImageObject\",\"@id\":\"http:\/\/nikipholie.eu\/en\/produit\/sculpture-torro-signee-laszlo-tibay\/#primaryimage\",\"inLanguage\":\"en-US\",\"url\":\"http:\/\/nikipholie.eu\/wp-content\/uploads\/2024\/04\/IMG_7745-scaled.jpeg\",\"contentUrl\":\"http:\/\/nikipholie.eu\/wp-content\/uploads\/2024\/04\/IMG_7745-scaled.jpeg\",\"width\":2560,\"height\":2115},{\"@type\":\"WebPage\",\"@id\":\"http:\/\/nikipholie.eu\/en\/produit\/sculpture-torro-signee-laszlo-tibay\/#webpage\",\"url\":\"http:\/\/nikipholie.eu\/en\/produit\/sculpture-torro-signee-laszlo-tibay\/\",\"name\":\"Sculpture \\\"Torro\\\", sign\\u00e9e Laszlo Tibay - Niki Pholie\",\"isPartOf\":{\"@id\":\"https:\/\/nikipholie.eu\/#website\"},\"primaryImageOfPage\":{\"@id\":\"http:\/\/nikipholie.eu\/en\/produit\/sculpture-torro-signee-laszlo-tibay\/#primaryimage\"},\"datePublished\":\"2024-04-28T15:01:57+00:00\",\"dateModified\":\"2024-10-19T14:47:22+00:00\",\"breadcrumb\":{\"@id\":\"http:\/\/nikipholie.eu\/en\/produit\/sculpture-torro-signee-laszlo-tibay\/#breadcrumb\"},\"inLanguage\":\"en-US\",\"potentialAction\":[{\"@type\":\"ReadAction\",\"target\":[\"http:\/\/nikipholie.eu\/en\/produit\/sculpture-torro-signee-laszlo-tibay\/\"]}]},{\"@type\":\"BreadcrumbList\",\"@id\":\"http:\/\/nikipholie.eu\/en\/produit\/sculpture-torro-signee-laszlo-tibay\/#breadcrumb\",\"itemListElement\":[{\"@type\":\"ListItem\",\"position\":1,\"name\":\"Accueil\",\"item\":\"http:\/\/nikipholie.eu\/en\/\"},{\"@type\":\"ListItem\",\"position\":2,\"name\":\"Boutique\",\"item\":\"http:\/\/nikipholie.eu\/en\/shop\/\"},{\"@type\":\"ListItem\",\"position\":3,\"name\":\"Sculpture &#8220;Torro&#8221;, sign\\u00e9e Laszlo Tibay\"}]}]}<\/script>\n<!-- \/ Yoast SEO plugin. -->","yoast_head_json":{"title":"Sculpture \"Torro\", sign\u00e9e Laszlo Tibay - Niki Pholie","robots":{"index":"index","follow":"follow","max-snippet":"max-snippet:-1","max-image-preview":"max-image-preview:large","max-video-preview":"max-video-preview:-1"},"canonical":"http:\/\/nikipholie.eu\/en\/produit\/sculpture-torro-signee-laszlo-tibay\/","og_locale":"en_US","og_type":"article","og_title":"Sculpture \"Torro\", sign\u00e9e Laszlo Tibay - Niki Pholie","og_description":"Sculpture en bronze laqu\u00e9 noir d&#8217;un taureau de face. Pi\u00e8ce unique, sign\u00e9e par l&#8217;artiste avec son cachet et celui de la fonderie. Num\u00e9rot\u00e9e 3\/8. Hauteur : 34 cm, longueur : 80 cm, largeur : 28 cm, poids : 20 kg Prix sur demande.","og_url":"http:\/\/nikipholie.eu\/en\/produit\/sculpture-torro-signee-laszlo-tibay\/","og_site_name":"Niki Pholie","article_modified_time":"2024-10-19T14:47:22+00:00","og_image":[{"width":2560,"height":2115,"url":"https:\/\/nikipholie.eu\/wp-content\/uploads\/2024\/04\/IMG_7745-scaled.jpeg","type":"image\/jpeg"}],"twitter_card":"summary_large_image","schema":{"@context":"https:\/\/schema.org","@graph":[{"@type":"WebSite","@id":"https:\/\/nikipholie.eu\/#website","url":"https:\/\/nikipholie.eu\/","name":"Niki Pholie","description":"Art ancien - Art contemporain","potentialAction":[{"@type":"SearchAction","target":{"@type":"EntryPoint","urlTemplate":"https:\/\/nikipholie.eu\/?s={search_term_string}"},"query-input":"required name=search_term_string"}],"inLanguage":"en-US"},{"@type":"ImageObject","@id":"http:\/\/nikipholie.eu\/en\/produit\/sculpture-torro-signee-laszlo-tibay\/#primaryimage","inLanguage":"en-US","url":"http:\/\/nikipholie.eu\/wp-content\/uploads\/2024\/04\/IMG_7745-scaled.jpeg","contentUrl":"http:\/\/nikipholie.eu\/wp-content\/uploads\/2024\/04\/IMG_7745-scaled.jpeg","width":2560,"height":2115},{"@type":"WebPage","@id":"http:\/\/nikipholie.eu\/en\/produit\/sculpture-torro-signee-laszlo-tibay\/#webpage","url":"http:\/\/nikipholie.eu\/en\/produit\/sculpture-torro-signee-laszlo-tibay\/","name":"Sculpture \"Torro\", sign\u00e9e Laszlo Tibay - Niki Pholie","isPartOf":{"@id":"https:\/\/nikipholie.eu\/#website"},"primaryImageOfPage":{"@id":"http:\/\/nikipholie.eu\/en\/produit\/sculpture-torro-signee-laszlo-tibay\/#primaryimage"},"datePublished":"2024-04-28T15:01:57+00:00","dateModified":"2024-10-19T14:47:22+00:00","breadcrumb":{"@id":"http:\/\/nikipholie.eu\/en\/produit\/sculpture-torro-signee-laszlo-tibay\/#breadcrumb"},"inLanguage":"en-US","potentialAction":[{"@type":"ReadAction","target":["http:\/\/nikipholie.eu\/en\/produit\/sculpture-torro-signee-laszlo-tibay\/"]}]},{"@type":"BreadcrumbList","@id":"http:\/\/nikipholie.eu\/en\/produit\/sculpture-torro-signee-laszlo-tibay\/#breadcrumb","itemListElement":[{"@type":"ListItem","position":1,"name":"Accueil","item":"http:\/\/nikipholie.eu\/en\/"},{"@type":"ListItem","position":2,"name":"Boutique","item":"http:\/\/nikipholie.eu\/en\/shop\/"},{"@type":"ListItem","position":3,"name":"Sculpture &#8220;Torro&#8221;, sign\u00e9e Laszlo Tibay"}]}]}},"_links":{"self":[{"href":"http:\/\/nikipholie.eu\/en\/wp-json\/wp\/v2\/product\/8199"}],"collection":[{"href":"http:\/\/nikipholie.eu\/en\/wp-json\/wp\/v2\/product"}],"about":[{"href":"http:\/\/nikipholie.eu\/en\/wp-json\/wp\/v2\/types\/product"}],"replies":[{"embeddable":true,"href":"http:\/\/nikipholie.eu\/en\/wp-json\/wp\/v2\/comments?post=8199"}],"wp:featuredmedia":[{"embeddable":true,"href":"http:\/\/nikipholie.eu\/en\/wp-json\/wp\/v2\/media\/8185"}],"wp:attachment":[{"href":"http:\/\/nikipholie.eu\/en\/wp-json\/wp\/v2\/media?parent=8199"}],"wp:term":[{"taxonomy":"product_cat","embeddable":true,"href":"http:\/\/nikipholie.eu\/en\/wp-json\/wp\/v2\/product_cat?post=8199"},{"taxonomy":"product_tag","embeddable":true,"href":"http:\/\/nikipholie.eu\/en\/wp-json\/wp\/v2\/product_tag?post=8199"}],"curies":[{"name":"wp","href":"https:\/\/api.w.org\/{rel}","templated":true}]}}