{"id":9387,"date":"2024-12-26T14:33:11","date_gmt":"2024-12-26T13:33:58","guid":{"rendered":"https:\/\/nikipholie.eu\/?post_type=product&#038;p=9387"},"modified":"2024-12-26T14:34:05","modified_gmt":"2024-12-26T13:34:05","slug":"vase-with-two-faces-graffart-vsl","status":"publish","type":"product","link":"http:\/\/nikipholie.eu\/en\/product\/vase-with-two-faces-graffart-vsl\/","title":{"rendered":"Vase \u201cwith two faces\u201d, Graffart, VSL"},"content":{"rendered":"<p>This colorless, faceted, black-lined crystal vase features a design representing two female faces.<\/p>\n<p>Cut, engraved and acid-etched.<\/p>\n<p>Created in 1952, it is signed on the wheel on the base: Val-Saint-Lambert, cr\u00e9ation Charles Graffart.<\/p>\n<p>In addition to the signature, a number is also engraved: 146\/700.<\/p>\n<p>Height: 14.5 cm, diameter: 11.5 cm.<\/p>\n<p>This vase is shown on page 74 of the book Le g\u00e9nie verrier de l&#8217;Europe, T\u00e9moignages de l&#8217;historicisme \u00e0 la Modernit\u00e9, by Giuseppe Cappa, 2nd edition, 1998. Mardaga, Sprimont-Belgium.<\/p>\n<p>Also featured in the book 100 ans d&#8217;art verrier en Europe, de l&#8217;art nouveau \u00e0 l&#8217;art actuel, by G. Cappa,<\/p>\n<p>1983 exhibition of the Soci\u00e9t\u00e9 G\u00e9n\u00e9rale de Banque and the Banque G\u00e9n\u00e9rale du Luxembourg, ed. J. Verbruggen, Asse.<\/p>\n<p>Translated with DeepL.com (free version)<\/p>\n","protected":false},"excerpt":{"rendered":"<p><br data-mce-bogus=\"1\"><\/p>\n","protected":false},"featured_media":9391,"comment_status":"open","ping_status":"closed","template":"","meta":[],"product_cat":[46],"product_tag":[2071,2469,447,1552,2468,1216,1154,623,2325,100,283,2470],"yoast_head":"<!-- This site is optimized with the Yoast SEO plugin v17.6 - https:\/\/yoast.com\/wordpress\/plugins\/seo\/ -->\n<title>Vase \u201cwith two faces\u201d, Graffart, VSL - Niki Pholie<\/title>\n<meta name=\"robots\" content=\"index, follow, max-snippet:-1, max-image-preview:large, max-video-preview:-1\" \/>\n<link rel=\"canonical\" href=\"http:\/\/nikipholie.eu\/en\/product\/vase-with-two-faces-graffart-vsl\/\" \/>\n<meta property=\"og:locale\" content=\"en_US\" \/>\n<meta property=\"og:type\" content=\"article\" \/>\n<meta property=\"og:title\" content=\"Vase \u201cwith two faces\u201d, Graffart, VSL - Niki Pholie\" \/>\n<meta property=\"og:url\" content=\"http:\/\/nikipholie.eu\/en\/product\/vase-with-two-faces-graffart-vsl\/\" \/>\n<meta property=\"og:site_name\" content=\"Niki Pholie\" \/>\n<meta property=\"article:modified_time\" content=\"2024-12-26T13:34:05+00:00\" \/>\n<meta property=\"og:image\" content=\"http:\/\/nikipholie.eu\/wp-content\/uploads\/2024\/12\/IMG_5633-scaled.jpeg\" \/>\n\t<meta property=\"og:image:width\" content=\"1920\" \/>\n\t<meta property=\"og:image:height\" content=\"2560\" \/>\n<meta name=\"twitter:card\" content=\"summary_large_image\" \/>\n<meta name=\"twitter:label1\" content=\"Est. reading time\" \/>\n\t<meta name=\"twitter:data1\" content=\"1 minute\" \/>\n<script type=\"application\/ld+json\" class=\"yoast-schema-graph\">{\"@context\":\"https:\/\/schema.org\",\"@graph\":[{\"@type\":\"WebSite\",\"@id\":\"https:\/\/nikipholie.eu\/#website\",\"url\":\"https:\/\/nikipholie.eu\/\",\"name\":\"Niki Pholie\",\"description\":\"Art ancien - Art contemporain\",\"potentialAction\":[{\"@type\":\"SearchAction\",\"target\":{\"@type\":\"EntryPoint\",\"urlTemplate\":\"https:\/\/nikipholie.eu\/?s={search_term_string}\"},\"query-input\":\"required name=search_term_string\"}],\"inLanguage\":\"en-US\"},{\"@type\":\"ImageObject\",\"@id\":\"http:\/\/nikipholie.eu\/en\/product\/vase-with-two-faces-graffart-vsl\/#primaryimage\",\"inLanguage\":\"en-US\",\"url\":\"http:\/\/nikipholie.eu\/wp-content\/uploads\/2024\/12\/IMG_5633-scaled.jpeg\",\"contentUrl\":\"http:\/\/nikipholie.eu\/wp-content\/uploads\/2024\/12\/IMG_5633-scaled.jpeg\",\"width\":1920,\"height\":2560},{\"@type\":\"WebPage\",\"@id\":\"http:\/\/nikipholie.eu\/en\/product\/vase-with-two-faces-graffart-vsl\/#webpage\",\"url\":\"http:\/\/nikipholie.eu\/en\/product\/vase-with-two-faces-graffart-vsl\/\",\"name\":\"Vase \\u201cwith two faces\\u201d, Graffart, VSL - Niki Pholie\",\"isPartOf\":{\"@id\":\"https:\/\/nikipholie.eu\/#website\"},\"primaryImageOfPage\":{\"@id\":\"http:\/\/nikipholie.eu\/en\/product\/vase-with-two-faces-graffart-vsl\/#primaryimage\"},\"datePublished\":\"2024-12-26T13:33:58+00:00\",\"dateModified\":\"2024-12-26T13:34:05+00:00\",\"breadcrumb\":{\"@id\":\"http:\/\/nikipholie.eu\/en\/product\/vase-with-two-faces-graffart-vsl\/#breadcrumb\"},\"inLanguage\":\"en-US\",\"potentialAction\":[{\"@type\":\"ReadAction\",\"target\":[\"http:\/\/nikipholie.eu\/en\/product\/vase-with-two-faces-graffart-vsl\/\"]}]},{\"@type\":\"BreadcrumbList\",\"@id\":\"http:\/\/nikipholie.eu\/en\/product\/vase-with-two-faces-graffart-vsl\/#breadcrumb\",\"itemListElement\":[{\"@type\":\"ListItem\",\"position\":1,\"name\":\"Accueil\",\"item\":\"http:\/\/nikipholie.eu\/en\/\"},{\"@type\":\"ListItem\",\"position\":2,\"name\":\"Boutique\",\"item\":\"http:\/\/nikipholie.eu\/en\/shop\/\"},{\"@type\":\"ListItem\",\"position\":3,\"name\":\"Vase \\u201cwith two faces\\u201d, Graffart, VSL\"}]}]}<\/script>\n<!-- \/ Yoast SEO plugin. -->","yoast_head_json":{"title":"Vase \u201cwith two faces\u201d, Graffart, VSL - Niki Pholie","robots":{"index":"index","follow":"follow","max-snippet":"max-snippet:-1","max-image-preview":"max-image-preview:large","max-video-preview":"max-video-preview:-1"},"canonical":"http:\/\/nikipholie.eu\/en\/product\/vase-with-two-faces-graffart-vsl\/","og_locale":"en_US","og_type":"article","og_title":"Vase \u201cwith two faces\u201d, Graffart, VSL - Niki Pholie","og_url":"http:\/\/nikipholie.eu\/en\/product\/vase-with-two-faces-graffart-vsl\/","og_site_name":"Niki Pholie","article_modified_time":"2024-12-26T13:34:05+00:00","og_image":[{"width":1920,"height":2560,"url":"http:\/\/nikipholie.eu\/wp-content\/uploads\/2024\/12\/IMG_5633-scaled.jpeg","type":"image\/jpeg"}],"twitter_card":"summary_large_image","twitter_misc":{"Est. reading time":"1 minute"},"schema":{"@context":"https:\/\/schema.org","@graph":[{"@type":"WebSite","@id":"https:\/\/nikipholie.eu\/#website","url":"https:\/\/nikipholie.eu\/","name":"Niki Pholie","description":"Art ancien - Art contemporain","potentialAction":[{"@type":"SearchAction","target":{"@type":"EntryPoint","urlTemplate":"https:\/\/nikipholie.eu\/?s={search_term_string}"},"query-input":"required name=search_term_string"}],"inLanguage":"en-US"},{"@type":"ImageObject","@id":"http:\/\/nikipholie.eu\/en\/product\/vase-with-two-faces-graffart-vsl\/#primaryimage","inLanguage":"en-US","url":"http:\/\/nikipholie.eu\/wp-content\/uploads\/2024\/12\/IMG_5633-scaled.jpeg","contentUrl":"http:\/\/nikipholie.eu\/wp-content\/uploads\/2024\/12\/IMG_5633-scaled.jpeg","width":1920,"height":2560},{"@type":"WebPage","@id":"http:\/\/nikipholie.eu\/en\/product\/vase-with-two-faces-graffart-vsl\/#webpage","url":"http:\/\/nikipholie.eu\/en\/product\/vase-with-two-faces-graffart-vsl\/","name":"Vase \u201cwith two faces\u201d, Graffart, VSL - Niki Pholie","isPartOf":{"@id":"https:\/\/nikipholie.eu\/#website"},"primaryImageOfPage":{"@id":"http:\/\/nikipholie.eu\/en\/product\/vase-with-two-faces-graffart-vsl\/#primaryimage"},"datePublished":"2024-12-26T13:33:58+00:00","dateModified":"2024-12-26T13:34:05+00:00","breadcrumb":{"@id":"http:\/\/nikipholie.eu\/en\/product\/vase-with-two-faces-graffart-vsl\/#breadcrumb"},"inLanguage":"en-US","potentialAction":[{"@type":"ReadAction","target":["http:\/\/nikipholie.eu\/en\/product\/vase-with-two-faces-graffart-vsl\/"]}]},{"@type":"BreadcrumbList","@id":"http:\/\/nikipholie.eu\/en\/product\/vase-with-two-faces-graffart-vsl\/#breadcrumb","itemListElement":[{"@type":"ListItem","position":1,"name":"Accueil","item":"http:\/\/nikipholie.eu\/en\/"},{"@type":"ListItem","position":2,"name":"Boutique","item":"http:\/\/nikipholie.eu\/en\/shop\/"},{"@type":"ListItem","position":3,"name":"Vase \u201cwith two faces\u201d, Graffart, VSL"}]}]}},"_links":{"self":[{"href":"http:\/\/nikipholie.eu\/en\/wp-json\/wp\/v2\/product\/9387"}],"collection":[{"href":"http:\/\/nikipholie.eu\/en\/wp-json\/wp\/v2\/product"}],"about":[{"href":"http:\/\/nikipholie.eu\/en\/wp-json\/wp\/v2\/types\/product"}],"replies":[{"embeddable":true,"href":"http:\/\/nikipholie.eu\/en\/wp-json\/wp\/v2\/comments?post=9387"}],"wp:featuredmedia":[{"embeddable":true,"href":"http:\/\/nikipholie.eu\/en\/wp-json\/wp\/v2\/media\/9391"}],"wp:attachment":[{"href":"http:\/\/nikipholie.eu\/en\/wp-json\/wp\/v2\/media?parent=9387"}],"wp:term":[{"taxonomy":"product_cat","embeddable":true,"href":"http:\/\/nikipholie.eu\/en\/wp-json\/wp\/v2\/product_cat?post=9387"},{"taxonomy":"product_tag","embeddable":true,"href":"http:\/\/nikipholie.eu\/en\/wp-json\/wp\/v2\/product_tag?post=9387"}],"curies":[{"name":"wp","href":"https:\/\/api.w.org\/{rel}","templated":true}]}}