{"id":9912,"date":"2025-02-08T15:14:37","date_gmt":"2025-02-08T14:14:37","guid":{"rendered":"https:\/\/nikipholie.eu\/produit\/bonbonniere-danse-de-flore\/"},"modified":"2025-02-08T15:14:37","modified_gmt":"2025-02-08T14:14:37","slug":"bonbonniere-danse-de-flore","status":"publish","type":"product","link":"http:\/\/nikipholie.eu\/en\/product\/bonbonniere-danse-de-flore\/","title":{"rendered":"Bonbonni\u00e8re \u201cDanse de Flore&#8221;"},"content":{"rendered":"<p>Round bonbonni\u00e8re in cobalt-blue crystal. The lid is adorned with an acid-etched medallion, highlighted in gold with an antique mythological motif, while the body of the bonbonni\u00e8re is adorned with a frieze.<\/p>\n<p>Model by L\u00e9on Ledru 1923 &#8211; 1925.<\/p>\n<p>A similar model is in the Curtius Museum in Li\u00e8ge.<\/p>\n<p>References: Le val-Saint-Lambert, ses cristalleries et l&#8217;art du verre en Belgique, 3 \u00e8 edition, J. Philippe, editions de Perron, li\u00e8ge, pg 236.<\/p>\n<p>Translated with DeepL.com (free version)<\/p>\n","protected":false},"excerpt":{"rendered":"<p>Round bonbonni\u00e8re in cobalt-blue crystal. The lid is adorned with an acid-etched medallion, highlighted in gold with an antique mythological motif, while the body of the bonbonni\u00e8re is adorned with a frieze. Model by L\u00e9on Ledru 1923 &#8211; 1925. A similar model is in the Curtius Museum in Li\u00e8ge. References: Le val-Saint-Lambert, ses cristalleries et [&hellip;]<\/p>\n","protected":false},"featured_media":9902,"comment_status":"open","ping_status":"closed","template":"","meta":[],"product_cat":[46],"product_tag":[1961,1740,447,1552,2674,1080,2325,283],"yoast_head":"<!-- This site is optimized with the Yoast SEO plugin v17.6 - https:\/\/yoast.com\/wordpress\/plugins\/seo\/ -->\n<title>Bonbonni\u00e8re \u201cDanse de Flore&quot; - Niki Pholie<\/title>\n<meta name=\"robots\" content=\"index, follow, max-snippet:-1, max-image-preview:large, max-video-preview:-1\" \/>\n<link rel=\"canonical\" href=\"http:\/\/nikipholie.eu\/en\/product\/bonbonniere-danse-de-flore\/\" \/>\n<meta property=\"og:locale\" content=\"en_US\" \/>\n<meta property=\"og:type\" content=\"article\" \/>\n<meta property=\"og:title\" content=\"Bonbonni\u00e8re \u201cDanse de Flore&quot; - Niki Pholie\" \/>\n<meta property=\"og:description\" content=\"Round bonbonni\u00e8re in cobalt-blue crystal. The lid is adorned with an acid-etched medallion, highlighted in gold with an antique mythological motif, while the body of the bonbonni\u00e8re is adorned with a frieze. Model by L\u00e9on Ledru 1923 &#8211; 1925. A similar model is in the Curtius Museum in Li\u00e8ge. References: Le val-Saint-Lambert, ses cristalleries et [&hellip;]\" \/>\n<meta property=\"og:url\" content=\"http:\/\/nikipholie.eu\/en\/product\/bonbonniere-danse-de-flore\/\" \/>\n<meta property=\"og:site_name\" content=\"Niki Pholie\" \/>\n<meta property=\"og:image\" content=\"http:\/\/nikipholie.eu\/wp-content\/uploads\/2025\/02\/IMG_6380-scaled.jpeg\" \/>\n\t<meta property=\"og:image:width\" content=\"1920\" \/>\n\t<meta property=\"og:image:height\" content=\"2560\" \/>\n<meta name=\"twitter:card\" content=\"summary_large_image\" \/>\n<script type=\"application\/ld+json\" class=\"yoast-schema-graph\">{\"@context\":\"https:\/\/schema.org\",\"@graph\":[{\"@type\":\"WebSite\",\"@id\":\"https:\/\/nikipholie.eu\/#website\",\"url\":\"https:\/\/nikipholie.eu\/\",\"name\":\"Niki Pholie\",\"description\":\"Art ancien - Art contemporain\",\"potentialAction\":[{\"@type\":\"SearchAction\",\"target\":{\"@type\":\"EntryPoint\",\"urlTemplate\":\"https:\/\/nikipholie.eu\/?s={search_term_string}\"},\"query-input\":\"required name=search_term_string\"}],\"inLanguage\":\"en-US\"},{\"@type\":\"ImageObject\",\"@id\":\"http:\/\/nikipholie.eu\/en\/product\/bonbonniere-danse-de-flore\/#primaryimage\",\"inLanguage\":\"en-US\",\"url\":\"http:\/\/nikipholie.eu\/wp-content\/uploads\/2025\/02\/IMG_6380-scaled.jpeg\",\"contentUrl\":\"http:\/\/nikipholie.eu\/wp-content\/uploads\/2025\/02\/IMG_6380-scaled.jpeg\",\"width\":1920,\"height\":2560},{\"@type\":\"WebPage\",\"@id\":\"http:\/\/nikipholie.eu\/en\/product\/bonbonniere-danse-de-flore\/#webpage\",\"url\":\"http:\/\/nikipholie.eu\/en\/product\/bonbonniere-danse-de-flore\/\",\"name\":\"Bonbonni\\u00e8re \\u201cDanse de Flore\\\" - Niki Pholie\",\"isPartOf\":{\"@id\":\"https:\/\/nikipholie.eu\/#website\"},\"primaryImageOfPage\":{\"@id\":\"http:\/\/nikipholie.eu\/en\/product\/bonbonniere-danse-de-flore\/#primaryimage\"},\"datePublished\":\"2025-02-08T14:14:37+00:00\",\"dateModified\":\"2025-02-08T14:14:37+00:00\",\"breadcrumb\":{\"@id\":\"http:\/\/nikipholie.eu\/en\/product\/bonbonniere-danse-de-flore\/#breadcrumb\"},\"inLanguage\":\"en-US\",\"potentialAction\":[{\"@type\":\"ReadAction\",\"target\":[\"http:\/\/nikipholie.eu\/en\/product\/bonbonniere-danse-de-flore\/\"]}]},{\"@type\":\"BreadcrumbList\",\"@id\":\"http:\/\/nikipholie.eu\/en\/product\/bonbonniere-danse-de-flore\/#breadcrumb\",\"itemListElement\":[{\"@type\":\"ListItem\",\"position\":1,\"name\":\"Accueil\",\"item\":\"http:\/\/nikipholie.eu\/en\/\"},{\"@type\":\"ListItem\",\"position\":2,\"name\":\"Boutique\",\"item\":\"http:\/\/nikipholie.eu\/en\/shop\/\"},{\"@type\":\"ListItem\",\"position\":3,\"name\":\"Bonbonni\\u00e8re \\u201cDanse de Flore&#8221;\"}]}]}<\/script>\n<!-- \/ Yoast SEO plugin. -->","yoast_head_json":{"title":"Bonbonni\u00e8re \u201cDanse de Flore\" - Niki Pholie","robots":{"index":"index","follow":"follow","max-snippet":"max-snippet:-1","max-image-preview":"max-image-preview:large","max-video-preview":"max-video-preview:-1"},"canonical":"http:\/\/nikipholie.eu\/en\/product\/bonbonniere-danse-de-flore\/","og_locale":"en_US","og_type":"article","og_title":"Bonbonni\u00e8re \u201cDanse de Flore\" - Niki Pholie","og_description":"Round bonbonni\u00e8re in cobalt-blue crystal. The lid is adorned with an acid-etched medallion, highlighted in gold with an antique mythological motif, while the body of the bonbonni\u00e8re is adorned with a frieze. Model by L\u00e9on Ledru 1923 &#8211; 1925. A similar model is in the Curtius Museum in Li\u00e8ge. References: Le val-Saint-Lambert, ses cristalleries et [&hellip;]","og_url":"http:\/\/nikipholie.eu\/en\/product\/bonbonniere-danse-de-flore\/","og_site_name":"Niki Pholie","og_image":[{"width":1920,"height":2560,"url":"http:\/\/nikipholie.eu\/wp-content\/uploads\/2025\/02\/IMG_6380-scaled.jpeg","type":"image\/jpeg"}],"twitter_card":"summary_large_image","schema":{"@context":"https:\/\/schema.org","@graph":[{"@type":"WebSite","@id":"https:\/\/nikipholie.eu\/#website","url":"https:\/\/nikipholie.eu\/","name":"Niki Pholie","description":"Art ancien - Art contemporain","potentialAction":[{"@type":"SearchAction","target":{"@type":"EntryPoint","urlTemplate":"https:\/\/nikipholie.eu\/?s={search_term_string}"},"query-input":"required name=search_term_string"}],"inLanguage":"en-US"},{"@type":"ImageObject","@id":"http:\/\/nikipholie.eu\/en\/product\/bonbonniere-danse-de-flore\/#primaryimage","inLanguage":"en-US","url":"http:\/\/nikipholie.eu\/wp-content\/uploads\/2025\/02\/IMG_6380-scaled.jpeg","contentUrl":"http:\/\/nikipholie.eu\/wp-content\/uploads\/2025\/02\/IMG_6380-scaled.jpeg","width":1920,"height":2560},{"@type":"WebPage","@id":"http:\/\/nikipholie.eu\/en\/product\/bonbonniere-danse-de-flore\/#webpage","url":"http:\/\/nikipholie.eu\/en\/product\/bonbonniere-danse-de-flore\/","name":"Bonbonni\u00e8re \u201cDanse de Flore\" - Niki Pholie","isPartOf":{"@id":"https:\/\/nikipholie.eu\/#website"},"primaryImageOfPage":{"@id":"http:\/\/nikipholie.eu\/en\/product\/bonbonniere-danse-de-flore\/#primaryimage"},"datePublished":"2025-02-08T14:14:37+00:00","dateModified":"2025-02-08T14:14:37+00:00","breadcrumb":{"@id":"http:\/\/nikipholie.eu\/en\/product\/bonbonniere-danse-de-flore\/#breadcrumb"},"inLanguage":"en-US","potentialAction":[{"@type":"ReadAction","target":["http:\/\/nikipholie.eu\/en\/product\/bonbonniere-danse-de-flore\/"]}]},{"@type":"BreadcrumbList","@id":"http:\/\/nikipholie.eu\/en\/product\/bonbonniere-danse-de-flore\/#breadcrumb","itemListElement":[{"@type":"ListItem","position":1,"name":"Accueil","item":"http:\/\/nikipholie.eu\/en\/"},{"@type":"ListItem","position":2,"name":"Boutique","item":"http:\/\/nikipholie.eu\/en\/shop\/"},{"@type":"ListItem","position":3,"name":"Bonbonni\u00e8re \u201cDanse de Flore&#8221;"}]}]}},"_links":{"self":[{"href":"http:\/\/nikipholie.eu\/en\/wp-json\/wp\/v2\/product\/9912"}],"collection":[{"href":"http:\/\/nikipholie.eu\/en\/wp-json\/wp\/v2\/product"}],"about":[{"href":"http:\/\/nikipholie.eu\/en\/wp-json\/wp\/v2\/types\/product"}],"replies":[{"embeddable":true,"href":"http:\/\/nikipholie.eu\/en\/wp-json\/wp\/v2\/comments?post=9912"}],"wp:featuredmedia":[{"embeddable":true,"href":"http:\/\/nikipholie.eu\/en\/wp-json\/wp\/v2\/media\/9902"}],"wp:attachment":[{"href":"http:\/\/nikipholie.eu\/en\/wp-json\/wp\/v2\/media?parent=9912"}],"wp:term":[{"taxonomy":"product_cat","embeddable":true,"href":"http:\/\/nikipholie.eu\/en\/wp-json\/wp\/v2\/product_cat?post=9912"},{"taxonomy":"product_tag","embeddable":true,"href":"http:\/\/nikipholie.eu\/en\/wp-json\/wp\/v2\/product_tag?post=9912"}],"curies":[{"name":"wp","href":"https:\/\/api.w.org\/{rel}","templated":true}]}}