{"id":1001,"date":"2020-08-20T20:54:53","date_gmt":"2020-08-20T18:54:53","guid":{"rendered":"http:\/\/nikipholie.eu\/?page_id=1001"},"modified":"2024-07-29T10:46:08","modified_gmt":"2024-07-29T08:46:08","slug":"jacques-zimmermann","status":"publish","type":"page","link":"https:\/\/nikipholie.eu\/en\/jacques-zimmermann\/","title":{"rendered":"Jacques Zimmermann"},"content":{"rendered":"\t\t<div data-elementor-type=\"wp-page\" data-elementor-id=\"1001\" class=\"elementor elementor-1001 elementor-1000\" data-elementor-settings=\"[]\">\n\t\t\t\t\t\t<div class=\"elementor-inner\">\n\t\t\t\t\t\t\t<div class=\"elementor-section-wrap\">\n\t\t\t\t\t\t\t<section class=\"elementor-section elementor-top-section elementor-element elementor-element-f077651 elementor-section-boxed elementor-section-height-default elementor-section-height-default elementor-invisible\" data-id=\"f077651\" data-element_type=\"section\" data-settings=\"{&quot;animation&quot;:&quot;fadeIn&quot;}\">\n\t\t\t\t\t\t<div class=\"elementor-container elementor-column-gap-default\">\n\t\t\t\t\t\t\t<div class=\"elementor-row\">\n\t\t\t\t\t<div class=\"elementor-column elementor-col-100 elementor-top-column elementor-element elementor-element-13c2015\" data-id=\"13c2015\" data-element_type=\"column\">\n\t\t\t<div class=\"elementor-column-wrap elementor-element-populated\">\n\t\t\t\t\t\t\t<div class=\"elementor-widget-wrap\">\n\t\t\t\t\t\t<div class=\"elementor-element elementor-element-44dfda6 elementor-widget elementor-widget-toggle\" data-id=\"44dfda6\" data-element_type=\"widget\" data-widget_type=\"toggle.default\">\n\t\t\t\t<div class=\"elementor-widget-container\">\n\t\t\t\t\t<div class=\"elementor-toggle\" role=\"tablist\">\n\t\t\t\t\t\t\t<div class=\"elementor-toggle-item\">\n\t\t\t\t\t<h3 id=\"elementor-tab-title-7221\" class=\"elementor-tab-title\" data-tab=\"1\" role=\"tab\" aria-controls=\"elementor-tab-content-7221\" aria-expanded=\"false\">\n\t\t\t\t\t\t\t\t\t\t\t\t<span class=\"elementor-toggle-icon elementor-toggle-icon-right\" aria-hidden=\"true\">\n\t\t\t\t\t\t\t\t\t\t\t\t\t\t\t<span class=\"elementor-toggle-icon-closed\"><i class=\"fas fa-chevron-down\"><\/i><\/span>\n\t\t\t\t\t\t\t\t<span class=\"elementor-toggle-icon-opened\"><i class=\"elementor-toggle-icon-opened fas fa-angle-up\"><\/i><\/span>\n\t\t\t\t\t\t\t\t\t\t\t\t\t<\/span>\n\t\t\t\t\t\t\t\t\t\t\t\t<a href=\"\" class=\"elementor-toggle-title\">Learn more about Jacques Zimmermann aka \"Zim\"<\/a>\n\t\t\t\t\t<\/h3>\n\n\t\t\t\t\t<div id=\"elementor-tab-content-7221\" class=\"elementor-tab-content elementor-clearfix\" data-tab=\"1\" role=\"tabpanel\" aria-labelledby=\"elementor-tab-title-7221\"><p>Born in Antwerp in 1929, Jacques Zimmermann moved quickly with his family to Brussels. It was there that he discovered the Flemish and Dutch landscapers. He began his studies as a draughtsman at the Institut Saint-Luc in Brussels.<\/p><p>After the war, in 1951, he began exhibiting at Philippe-Edouard Toussaint&#8217;s Saint-Laurent bookshop and gallery, where many young, innovative artists (L\u00e9opold Plomteux, Jo Delahaut, Jean Milo, Camiel Van Breedaem, Jacques Lacomblez, Marie Carlier, etc.) gathered, until he answered a classified ad to accompany a tour of puppeteers in the Belgian Congo. That&#8217;s how he met his future wife. He then became a theater decorator and puppeteer, painting sets as the tour progressed.<\/p><p>This one-year stay in Africa (1955 &#8211; 1956) will mark the work of Jacques Zimmermann, less by the encounter with African art than by the exuberant nature that he discovers during the tour, and which will remain a recurring source of inspiration (\u00abJacques Zimmermann\u00bb, \u00c9ditions Syllepse).<\/p><p>In 1957, he joined the &#8220;Phases&#8221; movement, founded in Paris by Edouard Jaguer in 1952 \u2013 1953, which adopted the ethics of surrealism. From the beginning, Zim\u2019s artistic work was nourished by the magical realism of Chirico\u2019s perpectives.<\/p><p>From 1956 to 1994, he was appointed professor of composition in drawing at the Institut of Saint-Luc in Brussels.<\/p><p>During the 1960s and 1970s, he led a triple career as a painter, teacher of drawing and puppeteer. The weight of this triple activity is one of the reasons for the almost total interruption of his career as a painter between 1974 and 1979.<\/p><p>It is however at this moment that abstraction gives way to a dreamlike figuration where ambiguous beings dominate, barely trimmed from their abstract soil, half-insects, half-theatrical characters. Next to the painted works are works with felt tips, large black and white drawings in which Jacques Zimmermann integrates the influence of Albrecht D\u00fcrer\u2019s drawings.<\/p><p>In the 1980s, he exhibited mainly at the International Art Gallery in Lasnes. In 1990, he participated in the exhibition \u00abPhases -Belgique\u00bb, in Mons, alongside the former collaborators of the magazine Edda.<\/p><p>His career as a painter gradually took over, as his career as a puppeteer came to an end, and then, in 1994, as a teacher. Jacques Zimmermann also creates wood and metal assemblies, strongly inspired by African art of which he is a great collector. His painting blends admirably with this type of art.<\/p><p>In 1996, a retrospective of his work was organized at the Schaerbeek municipal house (Jacques Zimmermann, Itin\u00e9raires, Catalogue d&#8217;exposition).<\/p><p>In 2001, he was elected Member of the Royal Academy of Fine Art of Belgium.<\/p><p>In 2014, he was the recipient of the Gaston Bertrand Prize, rewarding \u00aba Belgian painter of at least 45 years, having his own approach and means invented by him, to make visible his inner world\u00bb. On this occasion, a major retrospective is held at the Centre d&#8217;art du Rouge-Clo\u00eetre (\u00abJacques Zimmermann &#8211; Laureate of the Gaston Bertrand Prize\u00bb).<\/p><p>He likes to explore a powerfully dreamlike world that is situated at the crossroads of invented forms and imaginary landscape. His paintings are composed of plant and mineral sensations, sometimes bathed by a glowing sun or the cold glows of the northern lights.<br \/>Today, more than 90 years old, Zim continues to paint!<\/p><p>Works in the collections of: Mus\u00e9e des Beaux-Arts de Bruxelles, Mus\u00e9e des Beaux-Arts de Mons, Cr\u00e9dit Communal de Bruxelles, Banque Bruxelles-Lambert, Belgian State, Royal Museum of Mariemont, Province of Hainaut, Universit\u00e9 libre de Bruxelles.<\/p><\/div>\n\t\t\t\t<\/div>\n\t\t\t\t\t\t\t\t<\/div>\n\t\t\t\t<\/div>\n\t\t\t\t<\/div>\n\t\t\t\t\t\t<\/div>\n\t\t\t\t\t<\/div>\n\t\t<\/div>\n\t\t\t\t\t\t\t\t<\/div>\n\t\t\t\t\t<\/div>\n\t\t<\/section>\n\t\t\t\t<section class=\"elementor-section elementor-top-section elementor-element elementor-element-0e6e356 elementor-section-stretched elementor-section-boxed elementor-section-height-default elementor-section-height-default elementor-invisible\" data-id=\"0e6e356\" data-element_type=\"section\" data-settings=\"{&quot;animation&quot;:&quot;fadeIn&quot;,&quot;stretch_section&quot;:&quot;section-stretched&quot;,&quot;background_background&quot;:&quot;classic&quot;}\">\n\t\t\t\t\t\t<div class=\"elementor-container elementor-column-gap-default\">\n\t\t\t\t\t\t\t<div class=\"elementor-row\">\n\t\t\t\t\t<div class=\"elementor-column elementor-col-100 elementor-top-column elementor-element elementor-element-0859355\" data-id=\"0859355\" data-element_type=\"column\">\n\t\t\t<div class=\"elementor-column-wrap elementor-element-populated\">\n\t\t\t\t\t\t\t<div class=\"elementor-widget-wrap\">\n\t\t\t\t\t\t<div class=\"elementor-element elementor-element-e8dfc42 elementor-widget elementor-widget-image\" data-id=\"e8dfc42\" data-element_type=\"widget\" data-widget_type=\"image.default\">\n\t\t\t\t<div class=\"elementor-widget-container\">\n\t\t\t\t\t\t\t\t<div class=\"elementor-image\">\n\t\t\t\t\t\t\t\t\t\t\t\t<img width=\"225\" height=\"300\" src=\"https:\/\/nikipholie.eu\/wp-content\/uploads\/2020\/10\/IMG_0147-225x300.jpg\" class=\"attachment-medium size-medium\" alt=\"\" loading=\"lazy\" srcset=\"https:\/\/nikipholie.eu\/wp-content\/uploads\/2020\/10\/IMG_0147-225x300.jpg 225w, https:\/\/nikipholie.eu\/wp-content\/uploads\/2020\/10\/IMG_0147-scaled-600x800.jpg 600w, https:\/\/nikipholie.eu\/wp-content\/uploads\/2020\/10\/IMG_0147-768x1024.jpg 768w, https:\/\/nikipholie.eu\/wp-content\/uploads\/2020\/10\/IMG_0147-1152x1536.jpg 1152w, https:\/\/nikipholie.eu\/wp-content\/uploads\/2020\/10\/IMG_0147-1536x2048.jpg 1536w, https:\/\/nikipholie.eu\/wp-content\/uploads\/2020\/10\/IMG_0147-scaled.jpg 1920w\" sizes=\"(max-width: 225px) 100vw, 225px\" \/>\t\t\t\t\t\t\t\t\t\t\t\t\t\t<\/div>\n\t\t\t\t\t\t<\/div>\n\t\t\t\t<\/div>\n\t\t\t\t\t\t<\/div>\n\t\t\t\t\t<\/div>\n\t\t<\/div>\n\t\t\t\t\t\t\t\t<\/div>\n\t\t\t\t\t<\/div>\n\t\t<\/section>\n\t\t\t\t<section class=\"elementor-section elementor-top-section elementor-element elementor-element-2e49902 elementor-section-boxed elementor-section-height-default elementor-section-height-default\" data-id=\"2e49902\" data-element_type=\"section\">\n\t\t\t\t\t\t<div class=\"elementor-container elementor-column-gap-default\">\n\t\t\t\t\t\t\t<div class=\"elementor-row\">\n\t\t\t\t\t<div class=\"elementor-column elementor-col-100 elementor-top-column elementor-element elementor-element-b474071\" data-id=\"b474071\" data-element_type=\"column\">\n\t\t\t<div class=\"elementor-column-wrap\">\n\t\t\t\t\t\t\t<div class=\"elementor-widget-wrap\">\n\t\t\t\t\t\t\t\t<\/div>\n\t\t\t\t\t<\/div>\n\t\t<\/div>\n\t\t\t\t\t\t\t\t<\/div>\n\t\t\t\t\t<\/div>\n\t\t<\/section>\n\t\t\t\t\t\t<\/div>\n\t\t\t\t\t\t<\/div>\n\t\t\t\t\t<\/div>\n\t\t","protected":false},"excerpt":{"rendered":"<p>Learn more about Jacques Zimmermann aka &#8220;Zim&#8221; Born in Antwerp in 1929, Jacques Zimmermann moved quickly with his family to Brussels. It was there that he discovered the Flemish and Dutch landscapers. He began his studies as a draughtsman at the Institut Saint-Luc in Brussels. After the war, in 1951, he began exhibiting at Philippe-Edouard [&hellip;]<\/p>\n","protected":false},"author":2,"featured_media":1716,"parent":0,"menu_order":0,"comment_status":"closed","ping_status":"closed","template":"elementor_header_footer","meta":[],"yoast_head":"<!-- This site is optimized with the Yoast SEO plugin v17.6 - https:\/\/yoast.com\/wordpress\/plugins\/seo\/ -->\n<title>Jacques Zimmermann - Niki Pholie<\/title>\n<meta name=\"robots\" content=\"index, follow, max-snippet:-1, max-image-preview:large, max-video-preview:-1\" \/>\n<link rel=\"canonical\" href=\"https:\/\/nikipholie.eu\/en\/jacques-zimmermann\/\" \/>\n<meta property=\"og:locale\" content=\"en_US\" \/>\n<meta property=\"og:type\" content=\"article\" \/>\n<meta property=\"og:title\" content=\"Jacques Zimmermann - Niki Pholie\" \/>\n<meta property=\"og:description\" content=\"Learn more about Jacques Zimmermann aka &#8220;Zim&#8221; Born in Antwerp in 1929, Jacques Zimmermann moved quickly with his family to Brussels. It was there that he discovered the Flemish and Dutch landscapers. He began his studies as a draughtsman at the Institut Saint-Luc in Brussels. After the war, in 1951, he began exhibiting at Philippe-Edouard [&hellip;]\" \/>\n<meta property=\"og:url\" content=\"https:\/\/nikipholie.eu\/en\/jacques-zimmermann\/\" \/>\n<meta property=\"og:site_name\" content=\"Niki Pholie\" \/>\n<meta property=\"article:modified_time\" content=\"2024-07-29T08:46:08+00:00\" \/>\n<meta property=\"og:image\" content=\"http:\/\/nikipholie.eu\/wp-content\/uploads\/2020\/10\/IMG_0147-scaled.jpg\" \/>\n\t<meta property=\"og:image:width\" content=\"1920\" \/>\n\t<meta property=\"og:image:height\" content=\"2560\" \/>\n<meta name=\"twitter:card\" content=\"summary_large_image\" \/>\n<meta name=\"twitter:label1\" content=\"Est. reading time\" \/>\n\t<meta name=\"twitter:data1\" content=\"3 minutes\" \/>\n<script type=\"application\/ld+json\" class=\"yoast-schema-graph\">{\"@context\":\"https:\/\/schema.org\",\"@graph\":[{\"@type\":\"WebSite\",\"@id\":\"https:\/\/nikipholie.eu\/#website\",\"url\":\"https:\/\/nikipholie.eu\/\",\"name\":\"Niki Pholie\",\"description\":\"Art ancien - Art contemporain\",\"potentialAction\":[{\"@type\":\"SearchAction\",\"target\":{\"@type\":\"EntryPoint\",\"urlTemplate\":\"https:\/\/nikipholie.eu\/?s={search_term_string}\"},\"query-input\":\"required name=search_term_string\"}],\"inLanguage\":\"en-US\"},{\"@type\":\"ImageObject\",\"@id\":\"https:\/\/nikipholie.eu\/en\/jacques-zimmermann\/#primaryimage\",\"inLanguage\":\"en-US\",\"url\":\"https:\/\/nikipholie.eu\/wp-content\/uploads\/2020\/10\/IMG_0147-scaled.jpg\",\"contentUrl\":\"https:\/\/nikipholie.eu\/wp-content\/uploads\/2020\/10\/IMG_0147-scaled.jpg\",\"width\":1920,\"height\":2560},{\"@type\":\"WebPage\",\"@id\":\"https:\/\/nikipholie.eu\/en\/jacques-zimmermann\/#webpage\",\"url\":\"https:\/\/nikipholie.eu\/en\/jacques-zimmermann\/\",\"name\":\"Jacques Zimmermann - Niki Pholie\",\"isPartOf\":{\"@id\":\"https:\/\/nikipholie.eu\/#website\"},\"primaryImageOfPage\":{\"@id\":\"https:\/\/nikipholie.eu\/en\/jacques-zimmermann\/#primaryimage\"},\"datePublished\":\"2020-08-20T18:54:53+00:00\",\"dateModified\":\"2024-07-29T08:46:08+00:00\",\"breadcrumb\":{\"@id\":\"https:\/\/nikipholie.eu\/en\/jacques-zimmermann\/#breadcrumb\"},\"inLanguage\":\"en-US\",\"potentialAction\":[{\"@type\":\"ReadAction\",\"target\":[\"https:\/\/nikipholie.eu\/en\/jacques-zimmermann\/\"]}]},{\"@type\":\"BreadcrumbList\",\"@id\":\"https:\/\/nikipholie.eu\/en\/jacques-zimmermann\/#breadcrumb\",\"itemListElement\":[{\"@type\":\"ListItem\",\"position\":1,\"name\":\"Accueil\",\"item\":\"http:\/\/nikipholie.eu\/en\/\"},{\"@type\":\"ListItem\",\"position\":2,\"name\":\"Jacques Zimmermann\"}]}]}<\/script>\n<!-- \/ Yoast SEO plugin. -->","yoast_head_json":{"title":"Jacques Zimmermann - Niki Pholie","robots":{"index":"index","follow":"follow","max-snippet":"max-snippet:-1","max-image-preview":"max-image-preview:large","max-video-preview":"max-video-preview:-1"},"canonical":"https:\/\/nikipholie.eu\/en\/jacques-zimmermann\/","og_locale":"en_US","og_type":"article","og_title":"Jacques Zimmermann - Niki Pholie","og_description":"Learn more about Jacques Zimmermann aka &#8220;Zim&#8221; Born in Antwerp in 1929, Jacques Zimmermann moved quickly with his family to Brussels. It was there that he discovered the Flemish and Dutch landscapers. He began his studies as a draughtsman at the Institut Saint-Luc in Brussels. After the war, in 1951, he began exhibiting at Philippe-Edouard [&hellip;]","og_url":"https:\/\/nikipholie.eu\/en\/jacques-zimmermann\/","og_site_name":"Niki Pholie","article_modified_time":"2024-07-29T08:46:08+00:00","og_image":[{"width":1920,"height":2560,"url":"http:\/\/nikipholie.eu\/wp-content\/uploads\/2020\/10\/IMG_0147-scaled.jpg","type":"image\/jpeg"}],"twitter_card":"summary_large_image","twitter_misc":{"Est. reading time":"3 minutes"},"schema":{"@context":"https:\/\/schema.org","@graph":[{"@type":"WebSite","@id":"https:\/\/nikipholie.eu\/#website","url":"https:\/\/nikipholie.eu\/","name":"Niki Pholie","description":"Art ancien - Art contemporain","potentialAction":[{"@type":"SearchAction","target":{"@type":"EntryPoint","urlTemplate":"https:\/\/nikipholie.eu\/?s={search_term_string}"},"query-input":"required name=search_term_string"}],"inLanguage":"en-US"},{"@type":"ImageObject","@id":"https:\/\/nikipholie.eu\/en\/jacques-zimmermann\/#primaryimage","inLanguage":"en-US","url":"https:\/\/nikipholie.eu\/wp-content\/uploads\/2020\/10\/IMG_0147-scaled.jpg","contentUrl":"https:\/\/nikipholie.eu\/wp-content\/uploads\/2020\/10\/IMG_0147-scaled.jpg","width":1920,"height":2560},{"@type":"WebPage","@id":"https:\/\/nikipholie.eu\/en\/jacques-zimmermann\/#webpage","url":"https:\/\/nikipholie.eu\/en\/jacques-zimmermann\/","name":"Jacques Zimmermann - Niki Pholie","isPartOf":{"@id":"https:\/\/nikipholie.eu\/#website"},"primaryImageOfPage":{"@id":"https:\/\/nikipholie.eu\/en\/jacques-zimmermann\/#primaryimage"},"datePublished":"2020-08-20T18:54:53+00:00","dateModified":"2024-07-29T08:46:08+00:00","breadcrumb":{"@id":"https:\/\/nikipholie.eu\/en\/jacques-zimmermann\/#breadcrumb"},"inLanguage":"en-US","potentialAction":[{"@type":"ReadAction","target":["https:\/\/nikipholie.eu\/en\/jacques-zimmermann\/"]}]},{"@type":"BreadcrumbList","@id":"https:\/\/nikipholie.eu\/en\/jacques-zimmermann\/#breadcrumb","itemListElement":[{"@type":"ListItem","position":1,"name":"Accueil","item":"http:\/\/nikipholie.eu\/en\/"},{"@type":"ListItem","position":2,"name":"Jacques Zimmermann"}]}]}},"_links":{"self":[{"href":"https:\/\/nikipholie.eu\/en\/wp-json\/wp\/v2\/pages\/1001"}],"collection":[{"href":"https:\/\/nikipholie.eu\/en\/wp-json\/wp\/v2\/pages"}],"about":[{"href":"https:\/\/nikipholie.eu\/en\/wp-json\/wp\/v2\/types\/page"}],"author":[{"embeddable":true,"href":"https:\/\/nikipholie.eu\/en\/wp-json\/wp\/v2\/users\/2"}],"replies":[{"embeddable":true,"href":"https:\/\/nikipholie.eu\/en\/wp-json\/wp\/v2\/comments?post=1001"}],"version-history":[{"count":14,"href":"https:\/\/nikipholie.eu\/en\/wp-json\/wp\/v2\/pages\/1001\/revisions"}],"predecessor-version":[{"id":8384,"href":"https:\/\/nikipholie.eu\/en\/wp-json\/wp\/v2\/pages\/1001\/revisions\/8384"}],"wp:featuredmedia":[{"embeddable":true,"href":"https:\/\/nikipholie.eu\/en\/wp-json\/wp\/v2\/media\/1716"}],"wp:attachment":[{"href":"https:\/\/nikipholie.eu\/en\/wp-json\/wp\/v2\/media?parent=1001"}],"curies":[{"name":"wp","href":"https:\/\/api.w.org\/{rel}","templated":true}]}}