{"id":10257,"date":"2025-03-09T14:11:38","date_gmt":"2025-03-09T13:11:38","guid":{"rendered":"https:\/\/nikipholie.eu\/produit\/mobirone-halinka-jakubowska\/"},"modified":"2025-03-09T14:11:38","modified_gmt":"2025-03-09T13:11:38","slug":"mobirone-halinka-jakubowska","status":"publish","type":"product","link":"https:\/\/nikipholie.eu\/en\/product\/mobirone-halinka-jakubowska\/","title":{"rendered":"&#8220;Mobirone&#8221;, Halinka Jakubowska"},"content":{"rendered":"<p>Laser-cut granite stone sculpture customized by sculptor Halinka Jakubowska, 2013. Signed and dated on the edge.<\/p>\n<p>Standing on a Plexiglas base.<\/p>\n<p>Dimensions: overall height: 33 cm x width: 42 cm x depth of sculpture 3.2 cm<\/p>\n<p>base: 30 x 9.5 cm.<\/p>\n<p>Weight: 3 kg<\/p>\n<p>Halinka Jakubowska was born in Poland and has lived in Belgium for many years. She is an award-winning sculptor in Belgium, whose work has been featured in several national solo exhibitions. She has completed several public projects, including fountains and statues.<\/p>\n<p>2020: exhibition at the Mus\u00e9e de la M\u00e9tallurgie et de l&#8217;Industrie, Li\u00e8ge.<\/p>\n","protected":false},"excerpt":{"rendered":"<p>Laser-cut granite stone sculpture customized by sculptor Halinka Jakubowska, 2013. Signed and dated on the edge. Standing on a Plexiglas base. Dimensions: overall height: 33 cm x width: 42 cm x depth of sculpture 3.2 cm base: 30 x 9.5 cm. Weight: 3 kg Halinka Jakubowska was born in Poland and has lived in Belgium [&hellip;]<\/p>\n","protected":false},"featured_media":10241,"comment_status":"open","ping_status":"closed","template":"","meta":[],"product_cat":[54],"product_tag":[2830,2827,2162,2164,2825,673,144,2826,2829,2828],"yoast_head":"<!-- This site is optimized with the Yoast SEO plugin v17.6 - https:\/\/yoast.com\/wordpress\/plugins\/seo\/ -->\n<title>&quot;Mobirone&quot;, Halinka Jakubowska - Niki Pholie<\/title>\n<meta name=\"robots\" content=\"index, follow, max-snippet:-1, max-image-preview:large, max-video-preview:-1\" \/>\n<link rel=\"canonical\" href=\"https:\/\/nikipholie.eu\/en\/product\/mobirone-halinka-jakubowska\/\" \/>\n<meta property=\"og:locale\" content=\"en_US\" \/>\n<meta property=\"og:type\" content=\"article\" \/>\n<meta property=\"og:title\" content=\"&quot;Mobirone&quot;, Halinka Jakubowska - Niki Pholie\" \/>\n<meta property=\"og:description\" content=\"Laser-cut granite stone sculpture customized by sculptor Halinka Jakubowska, 2013. Signed and dated on the edge. Standing on a Plexiglas base. Dimensions: overall height: 33 cm x width: 42 cm x depth of sculpture 3.2 cm base: 30 x 9.5 cm. Weight: 3 kg Halinka Jakubowska was born in Poland and has lived in Belgium [&hellip;]\" \/>\n<meta property=\"og:url\" content=\"https:\/\/nikipholie.eu\/en\/product\/mobirone-halinka-jakubowska\/\" \/>\n<meta property=\"og:site_name\" content=\"Niki Pholie\" \/>\n<meta property=\"og:image\" content=\"https:\/\/nikipholie.eu\/wp-content\/uploads\/2025\/03\/IMG_6723-scaled.jpeg\" \/>\n\t<meta property=\"og:image:width\" content=\"2560\" \/>\n\t<meta property=\"og:image:height\" content=\"1920\" \/>\n<meta name=\"twitter:card\" content=\"summary_large_image\" \/>\n<script type=\"application\/ld+json\" class=\"yoast-schema-graph\">{\"@context\":\"https:\/\/schema.org\",\"@graph\":[{\"@type\":\"WebSite\",\"@id\":\"https:\/\/nikipholie.eu\/#website\",\"url\":\"https:\/\/nikipholie.eu\/\",\"name\":\"Niki Pholie\",\"description\":\"Art ancien - Art contemporain\",\"potentialAction\":[{\"@type\":\"SearchAction\",\"target\":{\"@type\":\"EntryPoint\",\"urlTemplate\":\"https:\/\/nikipholie.eu\/?s={search_term_string}\"},\"query-input\":\"required name=search_term_string\"}],\"inLanguage\":\"en-US\"},{\"@type\":\"ImageObject\",\"@id\":\"https:\/\/nikipholie.eu\/en\/product\/mobirone-halinka-jakubowska\/#primaryimage\",\"inLanguage\":\"en-US\",\"url\":\"https:\/\/nikipholie.eu\/wp-content\/uploads\/2025\/03\/IMG_6723-scaled.jpeg\",\"contentUrl\":\"https:\/\/nikipholie.eu\/wp-content\/uploads\/2025\/03\/IMG_6723-scaled.jpeg\",\"width\":2560,\"height\":1920},{\"@type\":\"WebPage\",\"@id\":\"https:\/\/nikipholie.eu\/en\/product\/mobirone-halinka-jakubowska\/#webpage\",\"url\":\"https:\/\/nikipholie.eu\/en\/product\/mobirone-halinka-jakubowska\/\",\"name\":\"\\\"Mobirone\\\", Halinka Jakubowska - Niki Pholie\",\"isPartOf\":{\"@id\":\"https:\/\/nikipholie.eu\/#website\"},\"primaryImageOfPage\":{\"@id\":\"https:\/\/nikipholie.eu\/en\/product\/mobirone-halinka-jakubowska\/#primaryimage\"},\"datePublished\":\"2025-03-09T13:11:38+00:00\",\"dateModified\":\"2025-03-09T13:11:38+00:00\",\"breadcrumb\":{\"@id\":\"https:\/\/nikipholie.eu\/en\/product\/mobirone-halinka-jakubowska\/#breadcrumb\"},\"inLanguage\":\"en-US\",\"potentialAction\":[{\"@type\":\"ReadAction\",\"target\":[\"https:\/\/nikipholie.eu\/en\/product\/mobirone-halinka-jakubowska\/\"]}]},{\"@type\":\"BreadcrumbList\",\"@id\":\"https:\/\/nikipholie.eu\/en\/product\/mobirone-halinka-jakubowska\/#breadcrumb\",\"itemListElement\":[{\"@type\":\"ListItem\",\"position\":1,\"name\":\"Accueil\",\"item\":\"https:\/\/nikipholie.eu\/en\/\"},{\"@type\":\"ListItem\",\"position\":2,\"name\":\"Boutique\",\"item\":\"https:\/\/nikipholie.eu\/en\/shop\/\"},{\"@type\":\"ListItem\",\"position\":3,\"name\":\"&#8220;Mobirone&#8221;, Halinka Jakubowska\"}]}]}<\/script>\n<!-- \/ Yoast SEO plugin. -->","yoast_head_json":{"title":"\"Mobirone\", Halinka Jakubowska - Niki Pholie","robots":{"index":"index","follow":"follow","max-snippet":"max-snippet:-1","max-image-preview":"max-image-preview:large","max-video-preview":"max-video-preview:-1"},"canonical":"https:\/\/nikipholie.eu\/en\/product\/mobirone-halinka-jakubowska\/","og_locale":"en_US","og_type":"article","og_title":"\"Mobirone\", Halinka Jakubowska - Niki Pholie","og_description":"Laser-cut granite stone sculpture customized by sculptor Halinka Jakubowska, 2013. Signed and dated on the edge. Standing on a Plexiglas base. Dimensions: overall height: 33 cm x width: 42 cm x depth of sculpture 3.2 cm base: 30 x 9.5 cm. Weight: 3 kg Halinka Jakubowska was born in Poland and has lived in Belgium [&hellip;]","og_url":"https:\/\/nikipholie.eu\/en\/product\/mobirone-halinka-jakubowska\/","og_site_name":"Niki Pholie","og_image":[{"width":2560,"height":1920,"url":"https:\/\/nikipholie.eu\/wp-content\/uploads\/2025\/03\/IMG_6723-scaled.jpeg","type":"image\/jpeg"}],"twitter_card":"summary_large_image","schema":{"@context":"https:\/\/schema.org","@graph":[{"@type":"WebSite","@id":"https:\/\/nikipholie.eu\/#website","url":"https:\/\/nikipholie.eu\/","name":"Niki Pholie","description":"Art ancien - Art contemporain","potentialAction":[{"@type":"SearchAction","target":{"@type":"EntryPoint","urlTemplate":"https:\/\/nikipholie.eu\/?s={search_term_string}"},"query-input":"required name=search_term_string"}],"inLanguage":"en-US"},{"@type":"ImageObject","@id":"https:\/\/nikipholie.eu\/en\/product\/mobirone-halinka-jakubowska\/#primaryimage","inLanguage":"en-US","url":"https:\/\/nikipholie.eu\/wp-content\/uploads\/2025\/03\/IMG_6723-scaled.jpeg","contentUrl":"https:\/\/nikipholie.eu\/wp-content\/uploads\/2025\/03\/IMG_6723-scaled.jpeg","width":2560,"height":1920},{"@type":"WebPage","@id":"https:\/\/nikipholie.eu\/en\/product\/mobirone-halinka-jakubowska\/#webpage","url":"https:\/\/nikipholie.eu\/en\/product\/mobirone-halinka-jakubowska\/","name":"\"Mobirone\", Halinka Jakubowska - Niki Pholie","isPartOf":{"@id":"https:\/\/nikipholie.eu\/#website"},"primaryImageOfPage":{"@id":"https:\/\/nikipholie.eu\/en\/product\/mobirone-halinka-jakubowska\/#primaryimage"},"datePublished":"2025-03-09T13:11:38+00:00","dateModified":"2025-03-09T13:11:38+00:00","breadcrumb":{"@id":"https:\/\/nikipholie.eu\/en\/product\/mobirone-halinka-jakubowska\/#breadcrumb"},"inLanguage":"en-US","potentialAction":[{"@type":"ReadAction","target":["https:\/\/nikipholie.eu\/en\/product\/mobirone-halinka-jakubowska\/"]}]},{"@type":"BreadcrumbList","@id":"https:\/\/nikipholie.eu\/en\/product\/mobirone-halinka-jakubowska\/#breadcrumb","itemListElement":[{"@type":"ListItem","position":1,"name":"Accueil","item":"https:\/\/nikipholie.eu\/en\/"},{"@type":"ListItem","position":2,"name":"Boutique","item":"https:\/\/nikipholie.eu\/en\/shop\/"},{"@type":"ListItem","position":3,"name":"&#8220;Mobirone&#8221;, Halinka Jakubowska"}]}]}},"_links":{"self":[{"href":"https:\/\/nikipholie.eu\/en\/wp-json\/wp\/v2\/product\/10257"}],"collection":[{"href":"https:\/\/nikipholie.eu\/en\/wp-json\/wp\/v2\/product"}],"about":[{"href":"https:\/\/nikipholie.eu\/en\/wp-json\/wp\/v2\/types\/product"}],"replies":[{"embeddable":true,"href":"https:\/\/nikipholie.eu\/en\/wp-json\/wp\/v2\/comments?post=10257"}],"wp:featuredmedia":[{"embeddable":true,"href":"https:\/\/nikipholie.eu\/en\/wp-json\/wp\/v2\/media\/10241"}],"wp:attachment":[{"href":"https:\/\/nikipholie.eu\/en\/wp-json\/wp\/v2\/media?parent=10257"}],"wp:term":[{"taxonomy":"product_cat","embeddable":true,"href":"https:\/\/nikipholie.eu\/en\/wp-json\/wp\/v2\/product_cat?post=10257"},{"taxonomy":"product_tag","embeddable":true,"href":"https:\/\/nikipholie.eu\/en\/wp-json\/wp\/v2\/product_tag?post=10257"}],"curies":[{"name":"wp","href":"https:\/\/api.w.org\/{rel}","templated":true}]}}