{"id":11039,"date":"2025-05-19T13:04:21","date_gmt":"2025-05-19T11:04:21","guid":{"rendered":"https:\/\/nikipholie.eu\/produit\/cracked-earthenware-elephants-l-francois-1882-1965\/"},"modified":"2025-05-19T13:18:56","modified_gmt":"2025-05-19T11:18:56","slug":"cracked-earthenware-elephants-l-francois-1882-1965","status":"publish","type":"product","link":"https:\/\/nikipholie.eu\/en\/product\/cracked-earthenware-elephants-l-francois-1882-1965\/","title":{"rendered":"Cracked earthenware elephants, L. Fran\u00e7ois (1882 &#8211; 1965)"},"content":{"rendered":"<p>Animal sculpture in cream cracked earthenware, representing the mother and her baby elephant.<\/p>\n<p>Signed L. Fran\u00e7ois* on the terrace. Manufactured by the Saint-Radegonde factory, stamped below.<\/p>\n<p>Sold by \u201cle Printemps\u201d department store in 1931.<\/p>\n<p>Dimensions: 28.9 x 43.7 cm.<\/p>\n<p>Typically art deco in subject, material and representation.<\/p>\n<p>Excellent condition.<\/p>\n<p>Appears in the book \u201cCraquel\u00e9s, Les animaux en c\u00e9ramique 1920-1940\u201d, P. Malaureille, Massin \u00e9d, Paris, 1993, pg 64-65.<\/p>\n<p>*L. Fran\u00e7ois is the signature of Fran\u00e7ois Levallois (Douai 1882 &#8211; 1965), who worked as a decorator at the Manufacture de S\u00e8vres before taking over the management of Saint-Radegonde in 1930.<\/p>\n<p>&nbsp;<\/p>\n","protected":false},"excerpt":{"rendered":"<p>Animal sculpture in cream cracked earthenware, representing the mother and her baby elephant. Signed L. Fran\u00e7ois* on the terrace. Manufactured by the Saint-Radegonde factory, stamped below. Sold by \u201cle Printemps\u201d department store in 1931. Dimensions: 28.9 x 43.7 cm. Typically art deco in subject, material and representation. Excellent condition. Appears in the book \u201cCraquel\u00e9s, Les [&hellip;]<\/p>\n","protected":false},"featured_media":11023,"comment_status":"open","ping_status":"closed","template":"","meta":[],"product_cat":[183,54],"product_tag":[88,2635,173,383,3125,102,3128,651,572,3127,3126],"yoast_head":"<!-- This site is optimized with the Yoast SEO plugin v17.6 - https:\/\/yoast.com\/wordpress\/plugins\/seo\/ -->\n<title>Cracked earthenware elephants, L. Fran\u00e7ois (1882 - 1965) - Niki Pholie<\/title>\n<meta name=\"robots\" content=\"index, follow, max-snippet:-1, max-image-preview:large, max-video-preview:-1\" \/>\n<link rel=\"canonical\" href=\"https:\/\/nikipholie.eu\/en\/product\/cracked-earthenware-elephants-l-francois-1882-1965\/\" \/>\n<meta property=\"og:locale\" content=\"en_US\" \/>\n<meta property=\"og:type\" content=\"article\" \/>\n<meta property=\"og:title\" content=\"Cracked earthenware elephants, L. Fran\u00e7ois (1882 - 1965) - Niki Pholie\" \/>\n<meta property=\"og:description\" content=\"Animal sculpture in cream cracked earthenware, representing the mother and her baby elephant. Signed L. Fran\u00e7ois* on the terrace. Manufactured by the Saint-Radegonde factory, stamped below. Sold by \u201cle Printemps\u201d department store in 1931. Dimensions: 28.9 x 43.7 cm. Typically art deco in subject, material and representation. Excellent condition. Appears in the book \u201cCraquel\u00e9s, Les [&hellip;]\" \/>\n<meta property=\"og:url\" content=\"https:\/\/nikipholie.eu\/en\/product\/cracked-earthenware-elephants-l-francois-1882-1965\/\" \/>\n<meta property=\"og:site_name\" content=\"Niki Pholie\" \/>\n<meta property=\"article:modified_time\" content=\"2025-05-19T11:18:56+00:00\" \/>\n<meta property=\"og:image\" content=\"http:\/\/nikipholie.eu\/wp-content\/uploads\/2025\/05\/IMG_7879-scaled.jpeg\" \/>\n\t<meta property=\"og:image:width\" content=\"2560\" \/>\n\t<meta property=\"og:image:height\" content=\"1920\" \/>\n<meta name=\"twitter:card\" content=\"summary_large_image\" \/>\n<script type=\"application\/ld+json\" class=\"yoast-schema-graph\">{\"@context\":\"https:\/\/schema.org\",\"@graph\":[{\"@type\":\"WebSite\",\"@id\":\"https:\/\/nikipholie.eu\/#website\",\"url\":\"https:\/\/nikipholie.eu\/\",\"name\":\"Niki Pholie\",\"description\":\"Art ancien - Art contemporain\",\"potentialAction\":[{\"@type\":\"SearchAction\",\"target\":{\"@type\":\"EntryPoint\",\"urlTemplate\":\"https:\/\/nikipholie.eu\/?s={search_term_string}\"},\"query-input\":\"required name=search_term_string\"}],\"inLanguage\":\"en-US\"},{\"@type\":\"ImageObject\",\"@id\":\"https:\/\/nikipholie.eu\/en\/product\/cracked-earthenware-elephants-l-francois-1882-1965\/#primaryimage\",\"inLanguage\":\"en-US\",\"url\":\"https:\/\/nikipholie.eu\/wp-content\/uploads\/2025\/05\/IMG_7879-scaled.jpeg\",\"contentUrl\":\"https:\/\/nikipholie.eu\/wp-content\/uploads\/2025\/05\/IMG_7879-scaled.jpeg\",\"width\":2560,\"height\":1920},{\"@type\":\"WebPage\",\"@id\":\"https:\/\/nikipholie.eu\/en\/product\/cracked-earthenware-elephants-l-francois-1882-1965\/#webpage\",\"url\":\"https:\/\/nikipholie.eu\/en\/product\/cracked-earthenware-elephants-l-francois-1882-1965\/\",\"name\":\"Cracked earthenware elephants, L. Fran\\u00e7ois (1882 - 1965) - Niki Pholie\",\"isPartOf\":{\"@id\":\"https:\/\/nikipholie.eu\/#website\"},\"primaryImageOfPage\":{\"@id\":\"https:\/\/nikipholie.eu\/en\/product\/cracked-earthenware-elephants-l-francois-1882-1965\/#primaryimage\"},\"datePublished\":\"2025-05-19T11:04:21+00:00\",\"dateModified\":\"2025-05-19T11:18:56+00:00\",\"breadcrumb\":{\"@id\":\"https:\/\/nikipholie.eu\/en\/product\/cracked-earthenware-elephants-l-francois-1882-1965\/#breadcrumb\"},\"inLanguage\":\"en-US\",\"potentialAction\":[{\"@type\":\"ReadAction\",\"target\":[\"https:\/\/nikipholie.eu\/en\/product\/cracked-earthenware-elephants-l-francois-1882-1965\/\"]}]},{\"@type\":\"BreadcrumbList\",\"@id\":\"https:\/\/nikipholie.eu\/en\/product\/cracked-earthenware-elephants-l-francois-1882-1965\/#breadcrumb\",\"itemListElement\":[{\"@type\":\"ListItem\",\"position\":1,\"name\":\"Accueil\",\"item\":\"http:\/\/nikipholie.eu\/en\/\"},{\"@type\":\"ListItem\",\"position\":2,\"name\":\"Boutique\",\"item\":\"http:\/\/nikipholie.eu\/en\/shop\/\"},{\"@type\":\"ListItem\",\"position\":3,\"name\":\"Cracked earthenware elephants, L. Fran\\u00e7ois (1882 &#8211; 1965)\"}]}]}<\/script>\n<!-- \/ Yoast SEO plugin. -->","yoast_head_json":{"title":"Cracked earthenware elephants, L. Fran\u00e7ois (1882 - 1965) - Niki Pholie","robots":{"index":"index","follow":"follow","max-snippet":"max-snippet:-1","max-image-preview":"max-image-preview:large","max-video-preview":"max-video-preview:-1"},"canonical":"https:\/\/nikipholie.eu\/en\/product\/cracked-earthenware-elephants-l-francois-1882-1965\/","og_locale":"en_US","og_type":"article","og_title":"Cracked earthenware elephants, L. Fran\u00e7ois (1882 - 1965) - Niki Pholie","og_description":"Animal sculpture in cream cracked earthenware, representing the mother and her baby elephant. Signed L. Fran\u00e7ois* on the terrace. Manufactured by the Saint-Radegonde factory, stamped below. Sold by \u201cle Printemps\u201d department store in 1931. Dimensions: 28.9 x 43.7 cm. Typically art deco in subject, material and representation. Excellent condition. Appears in the book \u201cCraquel\u00e9s, Les [&hellip;]","og_url":"https:\/\/nikipholie.eu\/en\/product\/cracked-earthenware-elephants-l-francois-1882-1965\/","og_site_name":"Niki Pholie","article_modified_time":"2025-05-19T11:18:56+00:00","og_image":[{"width":2560,"height":1920,"url":"http:\/\/nikipholie.eu\/wp-content\/uploads\/2025\/05\/IMG_7879-scaled.jpeg","type":"image\/jpeg"}],"twitter_card":"summary_large_image","schema":{"@context":"https:\/\/schema.org","@graph":[{"@type":"WebSite","@id":"https:\/\/nikipholie.eu\/#website","url":"https:\/\/nikipholie.eu\/","name":"Niki Pholie","description":"Art ancien - Art contemporain","potentialAction":[{"@type":"SearchAction","target":{"@type":"EntryPoint","urlTemplate":"https:\/\/nikipholie.eu\/?s={search_term_string}"},"query-input":"required name=search_term_string"}],"inLanguage":"en-US"},{"@type":"ImageObject","@id":"https:\/\/nikipholie.eu\/en\/product\/cracked-earthenware-elephants-l-francois-1882-1965\/#primaryimage","inLanguage":"en-US","url":"https:\/\/nikipholie.eu\/wp-content\/uploads\/2025\/05\/IMG_7879-scaled.jpeg","contentUrl":"https:\/\/nikipholie.eu\/wp-content\/uploads\/2025\/05\/IMG_7879-scaled.jpeg","width":2560,"height":1920},{"@type":"WebPage","@id":"https:\/\/nikipholie.eu\/en\/product\/cracked-earthenware-elephants-l-francois-1882-1965\/#webpage","url":"https:\/\/nikipholie.eu\/en\/product\/cracked-earthenware-elephants-l-francois-1882-1965\/","name":"Cracked earthenware elephants, L. Fran\u00e7ois (1882 - 1965) - Niki Pholie","isPartOf":{"@id":"https:\/\/nikipholie.eu\/#website"},"primaryImageOfPage":{"@id":"https:\/\/nikipholie.eu\/en\/product\/cracked-earthenware-elephants-l-francois-1882-1965\/#primaryimage"},"datePublished":"2025-05-19T11:04:21+00:00","dateModified":"2025-05-19T11:18:56+00:00","breadcrumb":{"@id":"https:\/\/nikipholie.eu\/en\/product\/cracked-earthenware-elephants-l-francois-1882-1965\/#breadcrumb"},"inLanguage":"en-US","potentialAction":[{"@type":"ReadAction","target":["https:\/\/nikipholie.eu\/en\/product\/cracked-earthenware-elephants-l-francois-1882-1965\/"]}]},{"@type":"BreadcrumbList","@id":"https:\/\/nikipholie.eu\/en\/product\/cracked-earthenware-elephants-l-francois-1882-1965\/#breadcrumb","itemListElement":[{"@type":"ListItem","position":1,"name":"Accueil","item":"http:\/\/nikipholie.eu\/en\/"},{"@type":"ListItem","position":2,"name":"Boutique","item":"http:\/\/nikipholie.eu\/en\/shop\/"},{"@type":"ListItem","position":3,"name":"Cracked earthenware elephants, L. Fran\u00e7ois (1882 &#8211; 1965)"}]}]}},"_links":{"self":[{"href":"https:\/\/nikipholie.eu\/en\/wp-json\/wp\/v2\/product\/11039"}],"collection":[{"href":"https:\/\/nikipholie.eu\/en\/wp-json\/wp\/v2\/product"}],"about":[{"href":"https:\/\/nikipholie.eu\/en\/wp-json\/wp\/v2\/types\/product"}],"replies":[{"embeddable":true,"href":"https:\/\/nikipholie.eu\/en\/wp-json\/wp\/v2\/comments?post=11039"}],"wp:featuredmedia":[{"embeddable":true,"href":"https:\/\/nikipholie.eu\/en\/wp-json\/wp\/v2\/media\/11023"}],"wp:attachment":[{"href":"https:\/\/nikipholie.eu\/en\/wp-json\/wp\/v2\/media?parent=11039"}],"wp:term":[{"taxonomy":"product_cat","embeddable":true,"href":"https:\/\/nikipholie.eu\/en\/wp-json\/wp\/v2\/product_cat?post=11039"},{"taxonomy":"product_tag","embeddable":true,"href":"https:\/\/nikipholie.eu\/en\/wp-json\/wp\/v2\/product_tag?post=11039"}],"curies":[{"name":"wp","href":"https:\/\/api.w.org\/{rel}","templated":true}]}}