{"id":12292,"date":"2025-10-22T12:17:36","date_gmt":"2025-10-22T10:17:36","guid":{"rendered":"https:\/\/nikipholie.eu\/produit\/le-xxe-siecle-en-2000-dessins-de-presse-j-lamalle-p-lestrohan-les-arenes-2012\/"},"modified":"2025-10-22T12:17:36","modified_gmt":"2025-10-22T10:17:36","slug":"le-xxe-siecle-en-2000-dessins-de-presse-j-lamalle-p-lestrohan-les-arenes-2012","status":"publish","type":"product","link":"https:\/\/nikipholie.eu\/en\/product\/le-xxe-siecle-en-2000-dessins-de-presse-j-lamalle-p-lestrohan-les-arenes-2012\/","title":{"rendered":"&#8220;Le XXe si\u00e8cle en 2000 dessins de presse&#8221;, J. Lamalle, P. Lestrohan, Les Ar\u00e8nes, 2012"},"content":{"rendered":"<p>Important book of press drawings concerning the 20th century.<\/p>\n<p>The craze began in the 1900s, with a flowering of illustrated satirical newspapers. The most famous were called L&#8217;Assiette au Beurre, Le Cocorico, Le Rire. During the Great War, press cartoons are a way to conjure horror with laughter, notably with Le Canard encha\u00een\u00e9, La Ba\u00efonnette and Le Crapouillot. The Popular Front, the rise of Nazism, the Spanish War and the Occupation are the scene of violent clashes. With the 30 glorieuses, press cartoons are turning more towards comedy of manners and satire of consumer society. It is the emergence of a &#8216;clear line&#8217; embodied by Bosc and Semp\u00e9. The Algerian war and May 68 put the most virulent press cartoon, Sin\u00e9 in the lead, back into the spotlight. Le Canard encha\u00een\u00e9 mocks General de Gaulle with Moisan, Tim makes the beautiful days of L&#8217;Express, the teams from Hara-Kiri and Charlie Hebdo, with Reiser and Cabu, push the boundaries of propriety. The major dailies all had their emblematic cartoonist: Faizant for Le Figaro, Plantu for Le Monde, Willem for Lib\u00e9ration.<\/p>\n<p>Format \/ Dimensions: 33.5 x 28.5 x 4.2 cm<\/p>\n<p>605 color pages<\/p>\n<p>Language: French<\/p>\n<p>Publisher: The Arenas<br \/>\nISBN:9782352042136<br \/>\nCondition: cardboard cover very slightly damaged at the bottom.<\/p>\n","protected":false},"excerpt":{"rendered":"<p>Important book of press drawings concerning the 20th century. The craze began in the 1900s, with a flowering of illustrated satirical newspapers. The most famous were called L&#8217;Assiette au Beurre, Le Cocorico, Le Rire. During the Great War, press cartoons are a way to conjure horror with laughter, notably with Le Canard encha\u00een\u00e9, La Ba\u00efonnette [&hellip;]<\/p>\n","protected":false},"featured_media":11521,"comment_status":"open","ping_status":"closed","template":"","meta":[],"product_cat":[365],"product_tag":[3573,3575,3572,419,1341,850,3574,3571],"yoast_head":"<!-- This site is optimized with the Yoast SEO plugin v17.6 - https:\/\/yoast.com\/wordpress\/plugins\/seo\/ -->\n<title>&quot;Le XXe si\u00e8cle en 2000 dessins de presse&quot;, J. Lamalle, P. Lestrohan, Les Ar\u00e8nes, 2012 - Niki Pholie<\/title>\n<meta name=\"robots\" content=\"index, follow, max-snippet:-1, max-image-preview:large, max-video-preview:-1\" \/>\n<link rel=\"canonical\" href=\"https:\/\/nikipholie.eu\/en\/product\/le-xxe-siecle-en-2000-dessins-de-presse-j-lamalle-p-lestrohan-les-arenes-2012\/\" \/>\n<meta property=\"og:locale\" content=\"en_US\" \/>\n<meta property=\"og:type\" content=\"article\" \/>\n<meta property=\"og:title\" content=\"&quot;Le XXe si\u00e8cle en 2000 dessins de presse&quot;, J. Lamalle, P. Lestrohan, Les Ar\u00e8nes, 2012 - Niki Pholie\" \/>\n<meta property=\"og:description\" content=\"Important book of press drawings concerning the 20th century. The craze began in the 1900s, with a flowering of illustrated satirical newspapers. The most famous were called L&#8217;Assiette au Beurre, Le Cocorico, Le Rire. During the Great War, press cartoons are a way to conjure horror with laughter, notably with Le Canard encha\u00een\u00e9, La Ba\u00efonnette [&hellip;]\" \/>\n<meta property=\"og:url\" content=\"https:\/\/nikipholie.eu\/en\/product\/le-xxe-siecle-en-2000-dessins-de-presse-j-lamalle-p-lestrohan-les-arenes-2012\/\" \/>\n<meta property=\"og:site_name\" content=\"Niki Pholie\" \/>\n<meta property=\"og:image\" content=\"http:\/\/nikipholie.eu\/wp-content\/uploads\/2025\/07\/IMG_8587-scaled.jpeg\" \/>\n\t<meta property=\"og:image:width\" content=\"1920\" \/>\n\t<meta property=\"og:image:height\" content=\"2560\" \/>\n<meta name=\"twitter:card\" content=\"summary_large_image\" \/>\n<meta name=\"twitter:label1\" content=\"Est. reading time\" \/>\n\t<meta name=\"twitter:data1\" content=\"1 minute\" \/>\n<script type=\"application\/ld+json\" class=\"yoast-schema-graph\">{\"@context\":\"https:\/\/schema.org\",\"@graph\":[{\"@type\":\"WebSite\",\"@id\":\"http:\/\/nikipholie.eu\/#website\",\"url\":\"http:\/\/nikipholie.eu\/\",\"name\":\"Niki Pholie\",\"description\":\"Art ancien - Art contemporain\",\"potentialAction\":[{\"@type\":\"SearchAction\",\"target\":{\"@type\":\"EntryPoint\",\"urlTemplate\":\"http:\/\/nikipholie.eu\/?s={search_term_string}\"},\"query-input\":\"required name=search_term_string\"}],\"inLanguage\":\"en-US\"},{\"@type\":\"ImageObject\",\"@id\":\"https:\/\/nikipholie.eu\/en\/product\/le-xxe-siecle-en-2000-dessins-de-presse-j-lamalle-p-lestrohan-les-arenes-2012\/#primaryimage\",\"inLanguage\":\"en-US\",\"url\":\"https:\/\/nikipholie.eu\/wp-content\/uploads\/2025\/07\/IMG_8587-scaled.jpeg\",\"contentUrl\":\"https:\/\/nikipholie.eu\/wp-content\/uploads\/2025\/07\/IMG_8587-scaled.jpeg\",\"width\":1920,\"height\":2560},{\"@type\":\"WebPage\",\"@id\":\"https:\/\/nikipholie.eu\/en\/product\/le-xxe-siecle-en-2000-dessins-de-presse-j-lamalle-p-lestrohan-les-arenes-2012\/#webpage\",\"url\":\"https:\/\/nikipholie.eu\/en\/product\/le-xxe-siecle-en-2000-dessins-de-presse-j-lamalle-p-lestrohan-les-arenes-2012\/\",\"name\":\"\\\"Le XXe si\\u00e8cle en 2000 dessins de presse\\\", J. Lamalle, P. Lestrohan, Les Ar\\u00e8nes, 2012 - Niki Pholie\",\"isPartOf\":{\"@id\":\"http:\/\/nikipholie.eu\/#website\"},\"primaryImageOfPage\":{\"@id\":\"https:\/\/nikipholie.eu\/en\/product\/le-xxe-siecle-en-2000-dessins-de-presse-j-lamalle-p-lestrohan-les-arenes-2012\/#primaryimage\"},\"datePublished\":\"2025-10-22T10:17:36+00:00\",\"dateModified\":\"2025-10-22T10:17:36+00:00\",\"breadcrumb\":{\"@id\":\"https:\/\/nikipholie.eu\/en\/product\/le-xxe-siecle-en-2000-dessins-de-presse-j-lamalle-p-lestrohan-les-arenes-2012\/#breadcrumb\"},\"inLanguage\":\"en-US\",\"potentialAction\":[{\"@type\":\"ReadAction\",\"target\":[\"https:\/\/nikipholie.eu\/en\/product\/le-xxe-siecle-en-2000-dessins-de-presse-j-lamalle-p-lestrohan-les-arenes-2012\/\"]}]},{\"@type\":\"BreadcrumbList\",\"@id\":\"https:\/\/nikipholie.eu\/en\/product\/le-xxe-siecle-en-2000-dessins-de-presse-j-lamalle-p-lestrohan-les-arenes-2012\/#breadcrumb\",\"itemListElement\":[{\"@type\":\"ListItem\",\"position\":1,\"name\":\"Accueil\",\"item\":\"http:\/\/nikipholie.eu\/en\/\"},{\"@type\":\"ListItem\",\"position\":2,\"name\":\"Boutique\",\"item\":\"http:\/\/nikipholie.eu\/en\/shop\/\"},{\"@type\":\"ListItem\",\"position\":3,\"name\":\"&#8220;Le XXe si\\u00e8cle en 2000 dessins de presse&#8221;, J. Lamalle, P. Lestrohan, Les Ar\\u00e8nes, 2012\"}]}]}<\/script>\n<!-- \/ Yoast SEO plugin. -->","yoast_head_json":{"title":"\"Le XXe si\u00e8cle en 2000 dessins de presse\", J. Lamalle, P. Lestrohan, Les Ar\u00e8nes, 2012 - Niki Pholie","robots":{"index":"index","follow":"follow","max-snippet":"max-snippet:-1","max-image-preview":"max-image-preview:large","max-video-preview":"max-video-preview:-1"},"canonical":"https:\/\/nikipholie.eu\/en\/product\/le-xxe-siecle-en-2000-dessins-de-presse-j-lamalle-p-lestrohan-les-arenes-2012\/","og_locale":"en_US","og_type":"article","og_title":"\"Le XXe si\u00e8cle en 2000 dessins de presse\", J. Lamalle, P. Lestrohan, Les Ar\u00e8nes, 2012 - Niki Pholie","og_description":"Important book of press drawings concerning the 20th century. The craze began in the 1900s, with a flowering of illustrated satirical newspapers. The most famous were called L&#8217;Assiette au Beurre, Le Cocorico, Le Rire. During the Great War, press cartoons are a way to conjure horror with laughter, notably with Le Canard encha\u00een\u00e9, La Ba\u00efonnette [&hellip;]","og_url":"https:\/\/nikipholie.eu\/en\/product\/le-xxe-siecle-en-2000-dessins-de-presse-j-lamalle-p-lestrohan-les-arenes-2012\/","og_site_name":"Niki Pholie","og_image":[{"width":1920,"height":2560,"url":"http:\/\/nikipholie.eu\/wp-content\/uploads\/2025\/07\/IMG_8587-scaled.jpeg","type":"image\/jpeg"}],"twitter_card":"summary_large_image","twitter_misc":{"Est. reading time":"1 minute"},"schema":{"@context":"https:\/\/schema.org","@graph":[{"@type":"WebSite","@id":"http:\/\/nikipholie.eu\/#website","url":"http:\/\/nikipholie.eu\/","name":"Niki Pholie","description":"Art ancien - Art contemporain","potentialAction":[{"@type":"SearchAction","target":{"@type":"EntryPoint","urlTemplate":"http:\/\/nikipholie.eu\/?s={search_term_string}"},"query-input":"required name=search_term_string"}],"inLanguage":"en-US"},{"@type":"ImageObject","@id":"https:\/\/nikipholie.eu\/en\/product\/le-xxe-siecle-en-2000-dessins-de-presse-j-lamalle-p-lestrohan-les-arenes-2012\/#primaryimage","inLanguage":"en-US","url":"https:\/\/nikipholie.eu\/wp-content\/uploads\/2025\/07\/IMG_8587-scaled.jpeg","contentUrl":"https:\/\/nikipholie.eu\/wp-content\/uploads\/2025\/07\/IMG_8587-scaled.jpeg","width":1920,"height":2560},{"@type":"WebPage","@id":"https:\/\/nikipholie.eu\/en\/product\/le-xxe-siecle-en-2000-dessins-de-presse-j-lamalle-p-lestrohan-les-arenes-2012\/#webpage","url":"https:\/\/nikipholie.eu\/en\/product\/le-xxe-siecle-en-2000-dessins-de-presse-j-lamalle-p-lestrohan-les-arenes-2012\/","name":"\"Le XXe si\u00e8cle en 2000 dessins de presse\", J. Lamalle, P. Lestrohan, Les Ar\u00e8nes, 2012 - Niki Pholie","isPartOf":{"@id":"http:\/\/nikipholie.eu\/#website"},"primaryImageOfPage":{"@id":"https:\/\/nikipholie.eu\/en\/product\/le-xxe-siecle-en-2000-dessins-de-presse-j-lamalle-p-lestrohan-les-arenes-2012\/#primaryimage"},"datePublished":"2025-10-22T10:17:36+00:00","dateModified":"2025-10-22T10:17:36+00:00","breadcrumb":{"@id":"https:\/\/nikipholie.eu\/en\/product\/le-xxe-siecle-en-2000-dessins-de-presse-j-lamalle-p-lestrohan-les-arenes-2012\/#breadcrumb"},"inLanguage":"en-US","potentialAction":[{"@type":"ReadAction","target":["https:\/\/nikipholie.eu\/en\/product\/le-xxe-siecle-en-2000-dessins-de-presse-j-lamalle-p-lestrohan-les-arenes-2012\/"]}]},{"@type":"BreadcrumbList","@id":"https:\/\/nikipholie.eu\/en\/product\/le-xxe-siecle-en-2000-dessins-de-presse-j-lamalle-p-lestrohan-les-arenes-2012\/#breadcrumb","itemListElement":[{"@type":"ListItem","position":1,"name":"Accueil","item":"http:\/\/nikipholie.eu\/en\/"},{"@type":"ListItem","position":2,"name":"Boutique","item":"http:\/\/nikipholie.eu\/en\/shop\/"},{"@type":"ListItem","position":3,"name":"&#8220;Le XXe si\u00e8cle en 2000 dessins de presse&#8221;, J. Lamalle, P. Lestrohan, Les Ar\u00e8nes, 2012"}]}]}},"_links":{"self":[{"href":"https:\/\/nikipholie.eu\/en\/wp-json\/wp\/v2\/product\/12292"}],"collection":[{"href":"https:\/\/nikipholie.eu\/en\/wp-json\/wp\/v2\/product"}],"about":[{"href":"https:\/\/nikipholie.eu\/en\/wp-json\/wp\/v2\/types\/product"}],"replies":[{"embeddable":true,"href":"https:\/\/nikipholie.eu\/en\/wp-json\/wp\/v2\/comments?post=12292"}],"wp:featuredmedia":[{"embeddable":true,"href":"https:\/\/nikipholie.eu\/en\/wp-json\/wp\/v2\/media\/11521"}],"wp:attachment":[{"href":"https:\/\/nikipholie.eu\/en\/wp-json\/wp\/v2\/media?parent=12292"}],"wp:term":[{"taxonomy":"product_cat","embeddable":true,"href":"https:\/\/nikipholie.eu\/en\/wp-json\/wp\/v2\/product_cat?post=12292"},{"taxonomy":"product_tag","embeddable":true,"href":"https:\/\/nikipholie.eu\/en\/wp-json\/wp\/v2\/product_tag?post=12292"}],"curies":[{"name":"wp","href":"https:\/\/api.w.org\/{rel}","templated":true}]}}