{"id":12784,"date":"2024-07-27T19:48:36","date_gmt":"2024-07-27T17:48:36","guid":{"rendered":"https:\/\/nikipholie.eu\/produit\/lorfevrerie-civile-ancienne-du-pays-de-liege-massoz-alleur-1991\/"},"modified":"2024-07-27T19:48:36","modified_gmt":"2024-07-27T17:48:36","slug":"lorfevrerie-civile-ancienne-du-pays-de-liege-massoz-alleur-1991","status":"publish","type":"product","link":"https:\/\/nikipholie.eu\/en\/product\/lorfevrerie-civile-ancienne-du-pays-de-liege-massoz-alleur-1991\/","title":{"rendered":"&#8220;L&#8217;orf\u00e8vrerie civile ancienne du Pays de Li\u00e8ge&#8221;, Massoz Alleur, 1991"},"content":{"rendered":"<p>Book on civil silverware in the Pays de Li\u00e8ge, created for an exhibition at the Mus\u00e9e de l&#8217;Art Wallon de Li\u00e8ge in 1991.The book illustrates the different exhibits with the details of the punches and marks on the objects.327 pages. Format: 33.5 x 24 cm.Very good condition.<\/p>\n","protected":false},"excerpt":{"rendered":"<p>Book on civil silverware in the Pays de Li\u00e8ge, created for an exhibition at the Mus\u00e9e de l&#8217;Art Wallon de Li\u00e8ge in 1991.The book illustrates the different exhibits with the details of the punches and marks on the objects.327 pages. Format: 33.5 x 24 cm.Very good condition.<\/p>\n","protected":false},"featured_media":8347,"comment_status":"open","ping_status":"closed","template":"","meta":[],"product_cat":[365],"product_tag":[3759,1303,850,3761,1196,3758,3760],"yoast_head":"<!-- This site is optimized with the Yoast SEO plugin v17.6 - https:\/\/yoast.com\/wordpress\/plugins\/seo\/ -->\n<title>&quot;L&#039;orf\u00e8vrerie civile ancienne du Pays de Li\u00e8ge&quot;, Massoz Alleur, 1991 - Niki Pholie<\/title>\n<meta name=\"robots\" content=\"index, follow, max-snippet:-1, max-image-preview:large, max-video-preview:-1\" \/>\n<link rel=\"canonical\" href=\"https:\/\/nikipholie.eu\/en\/product\/lorfevrerie-civile-ancienne-du-pays-de-liege-massoz-alleur-1991\/\" \/>\n<meta property=\"og:locale\" content=\"en_US\" \/>\n<meta property=\"og:type\" content=\"article\" \/>\n<meta property=\"og:title\" content=\"&quot;L&#039;orf\u00e8vrerie civile ancienne du Pays de Li\u00e8ge&quot;, Massoz Alleur, 1991 - Niki Pholie\" \/>\n<meta property=\"og:description\" content=\"Book on civil silverware in the Pays de Li\u00e8ge, created for an exhibition at the Mus\u00e9e de l&#8217;Art Wallon de Li\u00e8ge in 1991.The book illustrates the different exhibits with the details of the punches and marks on the objects.327 pages. Format: 33.5 x 24 cm.Very good condition.\" \/>\n<meta property=\"og:url\" content=\"https:\/\/nikipholie.eu\/en\/product\/lorfevrerie-civile-ancienne-du-pays-de-liege-massoz-alleur-1991\/\" \/>\n<meta property=\"og:site_name\" content=\"Niki Pholie\" \/>\n<meta property=\"og:image\" content=\"http:\/\/nikipholie.eu\/wp-content\/uploads\/2024\/07\/IMG_1546-1-scaled.jpeg\" \/>\n\t<meta property=\"og:image:width\" content=\"2082\" \/>\n\t<meta property=\"og:image:height\" content=\"2560\" \/>\n<meta name=\"twitter:card\" content=\"summary_large_image\" \/>\n<script type=\"application\/ld+json\" class=\"yoast-schema-graph\">{\"@context\":\"https:\/\/schema.org\",\"@graph\":[{\"@type\":\"WebSite\",\"@id\":\"https:\/\/nikipholie.eu\/#website\",\"url\":\"https:\/\/nikipholie.eu\/\",\"name\":\"Niki Pholie\",\"description\":\"Art ancien - Art contemporain\",\"potentialAction\":[{\"@type\":\"SearchAction\",\"target\":{\"@type\":\"EntryPoint\",\"urlTemplate\":\"https:\/\/nikipholie.eu\/?s={search_term_string}\"},\"query-input\":\"required name=search_term_string\"}],\"inLanguage\":\"en-US\"},{\"@type\":\"ImageObject\",\"@id\":\"https:\/\/nikipholie.eu\/en\/product\/lorfevrerie-civile-ancienne-du-pays-de-liege-massoz-alleur-1991\/#primaryimage\",\"inLanguage\":\"en-US\",\"url\":\"https:\/\/nikipholie.eu\/wp-content\/uploads\/2024\/07\/IMG_1546-1-scaled.jpeg\",\"contentUrl\":\"https:\/\/nikipholie.eu\/wp-content\/uploads\/2024\/07\/IMG_1546-1-scaled.jpeg\",\"width\":2082,\"height\":2560},{\"@type\":\"WebPage\",\"@id\":\"https:\/\/nikipholie.eu\/en\/product\/lorfevrerie-civile-ancienne-du-pays-de-liege-massoz-alleur-1991\/#webpage\",\"url\":\"https:\/\/nikipholie.eu\/en\/product\/lorfevrerie-civile-ancienne-du-pays-de-liege-massoz-alleur-1991\/\",\"name\":\"\\\"L'orf\\u00e8vrerie civile ancienne du Pays de Li\\u00e8ge\\\", Massoz Alleur, 1991 - Niki Pholie\",\"isPartOf\":{\"@id\":\"https:\/\/nikipholie.eu\/#website\"},\"primaryImageOfPage\":{\"@id\":\"https:\/\/nikipholie.eu\/en\/product\/lorfevrerie-civile-ancienne-du-pays-de-liege-massoz-alleur-1991\/#primaryimage\"},\"datePublished\":\"2024-07-27T17:48:36+00:00\",\"dateModified\":\"2024-07-27T17:48:36+00:00\",\"breadcrumb\":{\"@id\":\"https:\/\/nikipholie.eu\/en\/product\/lorfevrerie-civile-ancienne-du-pays-de-liege-massoz-alleur-1991\/#breadcrumb\"},\"inLanguage\":\"en-US\",\"potentialAction\":[{\"@type\":\"ReadAction\",\"target\":[\"https:\/\/nikipholie.eu\/en\/product\/lorfevrerie-civile-ancienne-du-pays-de-liege-massoz-alleur-1991\/\"]}]},{\"@type\":\"BreadcrumbList\",\"@id\":\"https:\/\/nikipholie.eu\/en\/product\/lorfevrerie-civile-ancienne-du-pays-de-liege-massoz-alleur-1991\/#breadcrumb\",\"itemListElement\":[{\"@type\":\"ListItem\",\"position\":1,\"name\":\"Accueil\",\"item\":\"http:\/\/nikipholie.eu\/en\/\"},{\"@type\":\"ListItem\",\"position\":2,\"name\":\"Boutique\",\"item\":\"http:\/\/nikipholie.eu\/en\/shop\/\"},{\"@type\":\"ListItem\",\"position\":3,\"name\":\"&#8220;L&#8217;orf\\u00e8vrerie civile ancienne du Pays de Li\\u00e8ge&#8221;, Massoz Alleur, 1991\"}]}]}<\/script>\n<!-- \/ Yoast SEO plugin. -->","yoast_head_json":{"title":"\"L'orf\u00e8vrerie civile ancienne du Pays de Li\u00e8ge\", Massoz Alleur, 1991 - Niki Pholie","robots":{"index":"index","follow":"follow","max-snippet":"max-snippet:-1","max-image-preview":"max-image-preview:large","max-video-preview":"max-video-preview:-1"},"canonical":"https:\/\/nikipholie.eu\/en\/product\/lorfevrerie-civile-ancienne-du-pays-de-liege-massoz-alleur-1991\/","og_locale":"en_US","og_type":"article","og_title":"\"L'orf\u00e8vrerie civile ancienne du Pays de Li\u00e8ge\", Massoz Alleur, 1991 - Niki Pholie","og_description":"Book on civil silverware in the Pays de Li\u00e8ge, created for an exhibition at the Mus\u00e9e de l&#8217;Art Wallon de Li\u00e8ge in 1991.The book illustrates the different exhibits with the details of the punches and marks on the objects.327 pages. Format: 33.5 x 24 cm.Very good condition.","og_url":"https:\/\/nikipholie.eu\/en\/product\/lorfevrerie-civile-ancienne-du-pays-de-liege-massoz-alleur-1991\/","og_site_name":"Niki Pholie","og_image":[{"width":2082,"height":2560,"url":"http:\/\/nikipholie.eu\/wp-content\/uploads\/2024\/07\/IMG_1546-1-scaled.jpeg","type":"image\/jpeg"}],"twitter_card":"summary_large_image","schema":{"@context":"https:\/\/schema.org","@graph":[{"@type":"WebSite","@id":"https:\/\/nikipholie.eu\/#website","url":"https:\/\/nikipholie.eu\/","name":"Niki Pholie","description":"Art ancien - Art contemporain","potentialAction":[{"@type":"SearchAction","target":{"@type":"EntryPoint","urlTemplate":"https:\/\/nikipholie.eu\/?s={search_term_string}"},"query-input":"required name=search_term_string"}],"inLanguage":"en-US"},{"@type":"ImageObject","@id":"https:\/\/nikipholie.eu\/en\/product\/lorfevrerie-civile-ancienne-du-pays-de-liege-massoz-alleur-1991\/#primaryimage","inLanguage":"en-US","url":"https:\/\/nikipholie.eu\/wp-content\/uploads\/2024\/07\/IMG_1546-1-scaled.jpeg","contentUrl":"https:\/\/nikipholie.eu\/wp-content\/uploads\/2024\/07\/IMG_1546-1-scaled.jpeg","width":2082,"height":2560},{"@type":"WebPage","@id":"https:\/\/nikipholie.eu\/en\/product\/lorfevrerie-civile-ancienne-du-pays-de-liege-massoz-alleur-1991\/#webpage","url":"https:\/\/nikipholie.eu\/en\/product\/lorfevrerie-civile-ancienne-du-pays-de-liege-massoz-alleur-1991\/","name":"\"L'orf\u00e8vrerie civile ancienne du Pays de Li\u00e8ge\", Massoz Alleur, 1991 - Niki Pholie","isPartOf":{"@id":"https:\/\/nikipholie.eu\/#website"},"primaryImageOfPage":{"@id":"https:\/\/nikipholie.eu\/en\/product\/lorfevrerie-civile-ancienne-du-pays-de-liege-massoz-alleur-1991\/#primaryimage"},"datePublished":"2024-07-27T17:48:36+00:00","dateModified":"2024-07-27T17:48:36+00:00","breadcrumb":{"@id":"https:\/\/nikipholie.eu\/en\/product\/lorfevrerie-civile-ancienne-du-pays-de-liege-massoz-alleur-1991\/#breadcrumb"},"inLanguage":"en-US","potentialAction":[{"@type":"ReadAction","target":["https:\/\/nikipholie.eu\/en\/product\/lorfevrerie-civile-ancienne-du-pays-de-liege-massoz-alleur-1991\/"]}]},{"@type":"BreadcrumbList","@id":"https:\/\/nikipholie.eu\/en\/product\/lorfevrerie-civile-ancienne-du-pays-de-liege-massoz-alleur-1991\/#breadcrumb","itemListElement":[{"@type":"ListItem","position":1,"name":"Accueil","item":"http:\/\/nikipholie.eu\/en\/"},{"@type":"ListItem","position":2,"name":"Boutique","item":"http:\/\/nikipholie.eu\/en\/shop\/"},{"@type":"ListItem","position":3,"name":"&#8220;L&#8217;orf\u00e8vrerie civile ancienne du Pays de Li\u00e8ge&#8221;, Massoz Alleur, 1991"}]}]}},"_links":{"self":[{"href":"https:\/\/nikipholie.eu\/en\/wp-json\/wp\/v2\/product\/12784"}],"collection":[{"href":"https:\/\/nikipholie.eu\/en\/wp-json\/wp\/v2\/product"}],"about":[{"href":"https:\/\/nikipholie.eu\/en\/wp-json\/wp\/v2\/types\/product"}],"replies":[{"embeddable":true,"href":"https:\/\/nikipholie.eu\/en\/wp-json\/wp\/v2\/comments?post=12784"}],"wp:featuredmedia":[{"embeddable":true,"href":"https:\/\/nikipholie.eu\/en\/wp-json\/wp\/v2\/media\/8347"}],"wp:attachment":[{"href":"https:\/\/nikipholie.eu\/en\/wp-json\/wp\/v2\/media?parent=12784"}],"wp:term":[{"taxonomy":"product_cat","embeddable":true,"href":"https:\/\/nikipholie.eu\/en\/wp-json\/wp\/v2\/product_cat?post=12784"},{"taxonomy":"product_tag","embeddable":true,"href":"https:\/\/nikipholie.eu\/en\/wp-json\/wp\/v2\/product_tag?post=12784"}],"curies":[{"name":"wp","href":"https:\/\/api.w.org\/{rel}","templated":true}]}}