{"id":12853,"date":"2026-01-16T17:11:32","date_gmt":"2026-01-16T16:11:32","guid":{"rendered":"https:\/\/nikipholie.eu\/produit\/le-maitre-decole-lithograph-rene-magritte\/"},"modified":"2026-01-16T17:11:32","modified_gmt":"2026-01-16T16:11:32","slug":"le-maitre-decole-lithograph-rene-magritte","status":"publish","type":"product","link":"https:\/\/nikipholie.eu\/en\/product\/le-maitre-decole-lithograph-rene-magritte\/","title":{"rendered":"&#8220;Le Ma\u00eetre d&#8217;\u00e9cole&#8221;, lithograph, Ren\u00e9 Magritte"},"content":{"rendered":"<p>Lithograph in colors from the oil on canvas, the school teacher, of 1955 by Ren\u00e9 Magritte, signed in the plate by Magritte and numbered 211 on an edition of 275 copies. This lithograph was printed and published in 2010 at Art-Lithographies in Paris, on BFK Rives paper 100% cotton of 300 g\/m 2. by a traditional lithographic printing process, one drawing per color, one color per passage.<\/p>\n<p>The lithography bears the dry seals of the Magritte Foundation and the ADAGP (Society of Authors of Graphic and Plastic Arts). The lithography has been authorized, supervised and validated by ADAGP and by Mr. Charly Herscovici, president of the Magritte Foundation, president of the Magritte Museum and unique representative of the Magritte Succession.<\/p>\n<p>Framed under glass in a blue frame.Dimensions: 80 x 67 cm<\/p>\n<p>Note: a very slight gap at the bottom right frame.<\/p>\n","protected":false},"excerpt":{"rendered":"<p>Lithograph in colors from the oil on canvas, the school teacher, of 1955 by Ren\u00e9 Magritte, signed in the plate by Magritte and numbered 211 on an edition of 275 copies. This lithograph was printed and published in 2010 at Art-Lithographies in Paris, on BFK Rives paper 100% cotton of 300 g\/m 2. by a [&hellip;]<\/p>\n","protected":false},"featured_media":12841,"comment_status":"open","ping_status":"closed","template":"","meta":[],"product_cat":[58,59],"product_tag":[3782,912,713,2856,3781],"yoast_head":"<!-- This site is optimized with the Yoast SEO plugin v17.6 - https:\/\/yoast.com\/wordpress\/plugins\/seo\/ -->\n<title>&quot;Le Ma\u00eetre d&#039;\u00e9cole&quot;, lithograph, Ren\u00e9 Magritte - Niki Pholie<\/title>\n<meta name=\"robots\" content=\"index, follow, max-snippet:-1, max-image-preview:large, max-video-preview:-1\" \/>\n<link rel=\"canonical\" href=\"https:\/\/nikipholie.eu\/en\/product\/le-maitre-decole-lithograph-rene-magritte\/\" \/>\n<meta property=\"og:locale\" content=\"en_US\" \/>\n<meta property=\"og:type\" content=\"article\" \/>\n<meta property=\"og:title\" content=\"&quot;Le Ma\u00eetre d&#039;\u00e9cole&quot;, lithograph, Ren\u00e9 Magritte - Niki Pholie\" \/>\n<meta property=\"og:description\" content=\"Lithograph in colors from the oil on canvas, the school teacher, of 1955 by Ren\u00e9 Magritte, signed in the plate by Magritte and numbered 211 on an edition of 275 copies. This lithograph was printed and published in 2010 at Art-Lithographies in Paris, on BFK Rives paper 100% cotton of 300 g\/m 2. by a [&hellip;]\" \/>\n<meta property=\"og:url\" content=\"https:\/\/nikipholie.eu\/en\/product\/le-maitre-decole-lithograph-rene-magritte\/\" \/>\n<meta property=\"og:site_name\" content=\"Niki Pholie\" \/>\n<meta property=\"og:image\" content=\"http:\/\/nikipholie.eu\/wp-content\/uploads\/2026\/01\/IMG_2196.jpeg\" \/>\n\t<meta property=\"og:image:width\" content=\"2132\" \/>\n\t<meta property=\"og:image:height\" content=\"2325\" \/>\n<meta name=\"twitter:card\" content=\"summary_large_image\" \/>\n<meta name=\"twitter:label1\" content=\"Est. reading time\" \/>\n\t<meta name=\"twitter:data1\" content=\"1 minute\" \/>\n<script type=\"application\/ld+json\" class=\"yoast-schema-graph\">{\"@context\":\"https:\/\/schema.org\",\"@graph\":[{\"@type\":\"WebSite\",\"@id\":\"https:\/\/nikipholie.eu\/#website\",\"url\":\"https:\/\/nikipholie.eu\/\",\"name\":\"Niki Pholie\",\"description\":\"Art ancien - Art contemporain\",\"potentialAction\":[{\"@type\":\"SearchAction\",\"target\":{\"@type\":\"EntryPoint\",\"urlTemplate\":\"https:\/\/nikipholie.eu\/?s={search_term_string}\"},\"query-input\":\"required name=search_term_string\"}],\"inLanguage\":\"en-US\"},{\"@type\":\"ImageObject\",\"@id\":\"https:\/\/nikipholie.eu\/en\/product\/le-maitre-decole-lithograph-rene-magritte\/#primaryimage\",\"inLanguage\":\"en-US\",\"url\":\"https:\/\/nikipholie.eu\/wp-content\/uploads\/2026\/01\/IMG_2196.jpeg\",\"contentUrl\":\"https:\/\/nikipholie.eu\/wp-content\/uploads\/2026\/01\/IMG_2196.jpeg\",\"width\":2132,\"height\":2325},{\"@type\":\"WebPage\",\"@id\":\"https:\/\/nikipholie.eu\/en\/product\/le-maitre-decole-lithograph-rene-magritte\/#webpage\",\"url\":\"https:\/\/nikipholie.eu\/en\/product\/le-maitre-decole-lithograph-rene-magritte\/\",\"name\":\"\\\"Le Ma\\u00eetre d'\\u00e9cole\\\", lithograph, Ren\\u00e9 Magritte - Niki Pholie\",\"isPartOf\":{\"@id\":\"https:\/\/nikipholie.eu\/#website\"},\"primaryImageOfPage\":{\"@id\":\"https:\/\/nikipholie.eu\/en\/product\/le-maitre-decole-lithograph-rene-magritte\/#primaryimage\"},\"datePublished\":\"2026-01-16T16:11:32+00:00\",\"dateModified\":\"2026-01-16T16:11:32+00:00\",\"breadcrumb\":{\"@id\":\"https:\/\/nikipholie.eu\/en\/product\/le-maitre-decole-lithograph-rene-magritte\/#breadcrumb\"},\"inLanguage\":\"en-US\",\"potentialAction\":[{\"@type\":\"ReadAction\",\"target\":[\"https:\/\/nikipholie.eu\/en\/product\/le-maitre-decole-lithograph-rene-magritte\/\"]}]},{\"@type\":\"BreadcrumbList\",\"@id\":\"https:\/\/nikipholie.eu\/en\/product\/le-maitre-decole-lithograph-rene-magritte\/#breadcrumb\",\"itemListElement\":[{\"@type\":\"ListItem\",\"position\":1,\"name\":\"Accueil\",\"item\":\"http:\/\/nikipholie.eu\/en\/\"},{\"@type\":\"ListItem\",\"position\":2,\"name\":\"Boutique\",\"item\":\"http:\/\/nikipholie.eu\/en\/shop\/\"},{\"@type\":\"ListItem\",\"position\":3,\"name\":\"&#8220;Le Ma\\u00eetre d&#8217;\\u00e9cole&#8221;, lithograph, Ren\\u00e9 Magritte\"}]}]}<\/script>\n<!-- \/ Yoast SEO plugin. -->","yoast_head_json":{"title":"\"Le Ma\u00eetre d'\u00e9cole\", lithograph, Ren\u00e9 Magritte - Niki Pholie","robots":{"index":"index","follow":"follow","max-snippet":"max-snippet:-1","max-image-preview":"max-image-preview:large","max-video-preview":"max-video-preview:-1"},"canonical":"https:\/\/nikipholie.eu\/en\/product\/le-maitre-decole-lithograph-rene-magritte\/","og_locale":"en_US","og_type":"article","og_title":"\"Le Ma\u00eetre d'\u00e9cole\", lithograph, Ren\u00e9 Magritte - Niki Pholie","og_description":"Lithograph in colors from the oil on canvas, the school teacher, of 1955 by Ren\u00e9 Magritte, signed in the plate by Magritte and numbered 211 on an edition of 275 copies. This lithograph was printed and published in 2010 at Art-Lithographies in Paris, on BFK Rives paper 100% cotton of 300 g\/m 2. by a [&hellip;]","og_url":"https:\/\/nikipholie.eu\/en\/product\/le-maitre-decole-lithograph-rene-magritte\/","og_site_name":"Niki Pholie","og_image":[{"width":2132,"height":2325,"url":"http:\/\/nikipholie.eu\/wp-content\/uploads\/2026\/01\/IMG_2196.jpeg","type":"image\/jpeg"}],"twitter_card":"summary_large_image","twitter_misc":{"Est. reading time":"1 minute"},"schema":{"@context":"https:\/\/schema.org","@graph":[{"@type":"WebSite","@id":"https:\/\/nikipholie.eu\/#website","url":"https:\/\/nikipholie.eu\/","name":"Niki Pholie","description":"Art ancien - Art contemporain","potentialAction":[{"@type":"SearchAction","target":{"@type":"EntryPoint","urlTemplate":"https:\/\/nikipholie.eu\/?s={search_term_string}"},"query-input":"required name=search_term_string"}],"inLanguage":"en-US"},{"@type":"ImageObject","@id":"https:\/\/nikipholie.eu\/en\/product\/le-maitre-decole-lithograph-rene-magritte\/#primaryimage","inLanguage":"en-US","url":"https:\/\/nikipholie.eu\/wp-content\/uploads\/2026\/01\/IMG_2196.jpeg","contentUrl":"https:\/\/nikipholie.eu\/wp-content\/uploads\/2026\/01\/IMG_2196.jpeg","width":2132,"height":2325},{"@type":"WebPage","@id":"https:\/\/nikipholie.eu\/en\/product\/le-maitre-decole-lithograph-rene-magritte\/#webpage","url":"https:\/\/nikipholie.eu\/en\/product\/le-maitre-decole-lithograph-rene-magritte\/","name":"\"Le Ma\u00eetre d'\u00e9cole\", lithograph, Ren\u00e9 Magritte - Niki Pholie","isPartOf":{"@id":"https:\/\/nikipholie.eu\/#website"},"primaryImageOfPage":{"@id":"https:\/\/nikipholie.eu\/en\/product\/le-maitre-decole-lithograph-rene-magritte\/#primaryimage"},"datePublished":"2026-01-16T16:11:32+00:00","dateModified":"2026-01-16T16:11:32+00:00","breadcrumb":{"@id":"https:\/\/nikipholie.eu\/en\/product\/le-maitre-decole-lithograph-rene-magritte\/#breadcrumb"},"inLanguage":"en-US","potentialAction":[{"@type":"ReadAction","target":["https:\/\/nikipholie.eu\/en\/product\/le-maitre-decole-lithograph-rene-magritte\/"]}]},{"@type":"BreadcrumbList","@id":"https:\/\/nikipholie.eu\/en\/product\/le-maitre-decole-lithograph-rene-magritte\/#breadcrumb","itemListElement":[{"@type":"ListItem","position":1,"name":"Accueil","item":"http:\/\/nikipholie.eu\/en\/"},{"@type":"ListItem","position":2,"name":"Boutique","item":"http:\/\/nikipholie.eu\/en\/shop\/"},{"@type":"ListItem","position":3,"name":"&#8220;Le Ma\u00eetre d&#8217;\u00e9cole&#8221;, lithograph, Ren\u00e9 Magritte"}]}]}},"_links":{"self":[{"href":"https:\/\/nikipholie.eu\/en\/wp-json\/wp\/v2\/product\/12853"}],"collection":[{"href":"https:\/\/nikipholie.eu\/en\/wp-json\/wp\/v2\/product"}],"about":[{"href":"https:\/\/nikipholie.eu\/en\/wp-json\/wp\/v2\/types\/product"}],"replies":[{"embeddable":true,"href":"https:\/\/nikipholie.eu\/en\/wp-json\/wp\/v2\/comments?post=12853"}],"wp:featuredmedia":[{"embeddable":true,"href":"https:\/\/nikipholie.eu\/en\/wp-json\/wp\/v2\/media\/12841"}],"wp:attachment":[{"href":"https:\/\/nikipholie.eu\/en\/wp-json\/wp\/v2\/media?parent=12853"}],"wp:term":[{"taxonomy":"product_cat","embeddable":true,"href":"https:\/\/nikipholie.eu\/en\/wp-json\/wp\/v2\/product_cat?post=12853"},{"taxonomy":"product_tag","embeddable":true,"href":"https:\/\/nikipholie.eu\/en\/wp-json\/wp\/v2\/product_tag?post=12853"}],"curies":[{"name":"wp","href":"https:\/\/api.w.org\/{rel}","templated":true}]}}