{"id":4064,"date":"2021-03-27T18:03:14","date_gmt":"2021-03-27T17:03:14","guid":{"rendered":"http:\/\/nikipholie.eu\/produit\/oeuf-cisele-renfermant-un-poussin-a-linterieur-dune-piece-materiau-de-type-pierre-a-savon-fond-plat-permettant-de-le-poser-l-85-cm-p-74g\/"},"modified":"2023-06-16T11:43:19","modified_gmt":"2023-06-16T09:43:19","slug":"oeuf-cisele-renfermant-un-poussin-a-linterieur-dune-piece-materiau-de-type-pierre-a-savon-fond-plat-permettant-de-le-poser-l-85-cm-p-74g","status":"publish","type":"product","link":"https:\/\/nikipholie.eu\/en\/product\/oeuf-cisele-renfermant-un-poussin-a-linterieur-dune-piece-materiau-de-type-pierre-a-savon-fond-plat-permettant-de-le-poser-l-85-cm-p-74g\/","title":{"rendered":"Oeuf cisel\u00e9 renfermant un poussin"},"content":{"rendered":"<p>Travail de ciselure d&#8217;un oeuf en pierre \u00e0 savon, ajour\u00e9 avec un poussin fix\u00e9 \u00e0 l&#8217;int\u00e9rieur.<\/p>\n<p>L: 8,5 cm; P: 74g.<\/p>\n<p>Fond plat permettant de le poser.<\/p>\n","protected":false},"excerpt":{"rendered":"<p>Travail de ciselure d&#8217;un oeuf en pierre \u00e0 savon, ajour\u00e9 avec un poussin fix\u00e9 \u00e0 l&#8217;int\u00e9rieur. L: 8,5 cm; P: 74g. Fond plat permettant de le poser.<\/p>\n","protected":false},"featured_media":3232,"comment_status":"open","ping_status":"closed","template":"","meta":[],"product_cat":[408],"product_tag":[488,103,478,448,489,490],"yoast_head":"<!-- This site is optimized with the Yoast SEO plugin v17.6 - https:\/\/yoast.com\/wordpress\/plugins\/seo\/ -->\n<title>Oeuf cisel\u00e9 renfermant un poussin - Niki Pholie<\/title>\n<meta name=\"robots\" content=\"index, follow, max-snippet:-1, max-image-preview:large, max-video-preview:-1\" \/>\n<link rel=\"canonical\" href=\"https:\/\/nikipholie.eu\/en\/product\/oeuf-cisele-renfermant-un-poussin-a-linterieur-dune-piece-materiau-de-type-pierre-a-savon-fond-plat-permettant-de-le-poser-l-85-cm-p-74g\/\" \/>\n<meta property=\"og:locale\" content=\"en_US\" \/>\n<meta property=\"og:type\" content=\"article\" \/>\n<meta property=\"og:title\" content=\"Oeuf cisel\u00e9 renfermant un poussin - Niki Pholie\" \/>\n<meta property=\"og:description\" content=\"Travail de ciselure d&#8217;un oeuf en pierre \u00e0 savon, ajour\u00e9 avec un poussin fix\u00e9 \u00e0 l&#8217;int\u00e9rieur. L: 8,5 cm; P: 74g. Fond plat permettant de le poser.\" \/>\n<meta property=\"og:url\" content=\"https:\/\/nikipholie.eu\/en\/product\/oeuf-cisele-renfermant-un-poussin-a-linterieur-dune-piece-materiau-de-type-pierre-a-savon-fond-plat-permettant-de-le-poser-l-85-cm-p-74g\/\" \/>\n<meta property=\"og:site_name\" content=\"Niki Pholie\" \/>\n<meta property=\"article:modified_time\" content=\"2023-06-16T09:43:19+00:00\" \/>\n<meta property=\"og:image\" content=\"http:\/\/nikipholie.eu\/wp-content\/uploads\/2021\/03\/IMG_2401-scaled.jpeg\" \/>\n\t<meta property=\"og:image:width\" content=\"1920\" \/>\n\t<meta property=\"og:image:height\" content=\"2560\" \/>\n<meta name=\"twitter:card\" content=\"summary_large_image\" \/>\n<script type=\"application\/ld+json\" class=\"yoast-schema-graph\">{\"@context\":\"https:\/\/schema.org\",\"@graph\":[{\"@type\":\"WebSite\",\"@id\":\"https:\/\/nikipholie.eu\/#website\",\"url\":\"https:\/\/nikipholie.eu\/\",\"name\":\"Niki Pholie\",\"description\":\"Art ancien - Art contemporain\",\"potentialAction\":[{\"@type\":\"SearchAction\",\"target\":{\"@type\":\"EntryPoint\",\"urlTemplate\":\"https:\/\/nikipholie.eu\/?s={search_term_string}\"},\"query-input\":\"required name=search_term_string\"}],\"inLanguage\":\"en-US\"},{\"@type\":\"ImageObject\",\"@id\":\"https:\/\/nikipholie.eu\/en\/product\/oeuf-cisele-renfermant-un-poussin-a-linterieur-dune-piece-materiau-de-type-pierre-a-savon-fond-plat-permettant-de-le-poser-l-85-cm-p-74g\/#primaryimage\",\"inLanguage\":\"en-US\",\"url\":\"https:\/\/nikipholie.eu\/wp-content\/uploads\/2021\/03\/IMG_2401-scaled.jpeg\",\"contentUrl\":\"https:\/\/nikipholie.eu\/wp-content\/uploads\/2021\/03\/IMG_2401-scaled.jpeg\",\"width\":1920,\"height\":2560},{\"@type\":\"WebPage\",\"@id\":\"https:\/\/nikipholie.eu\/en\/product\/oeuf-cisele-renfermant-un-poussin-a-linterieur-dune-piece-materiau-de-type-pierre-a-savon-fond-plat-permettant-de-le-poser-l-85-cm-p-74g\/#webpage\",\"url\":\"https:\/\/nikipholie.eu\/en\/product\/oeuf-cisele-renfermant-un-poussin-a-linterieur-dune-piece-materiau-de-type-pierre-a-savon-fond-plat-permettant-de-le-poser-l-85-cm-p-74g\/\",\"name\":\"Oeuf cisel\\u00e9 renfermant un poussin - Niki Pholie\",\"isPartOf\":{\"@id\":\"https:\/\/nikipholie.eu\/#website\"},\"primaryImageOfPage\":{\"@id\":\"https:\/\/nikipholie.eu\/en\/product\/oeuf-cisele-renfermant-un-poussin-a-linterieur-dune-piece-materiau-de-type-pierre-a-savon-fond-plat-permettant-de-le-poser-l-85-cm-p-74g\/#primaryimage\"},\"datePublished\":\"2021-03-27T17:03:14+00:00\",\"dateModified\":\"2023-06-16T09:43:19+00:00\",\"breadcrumb\":{\"@id\":\"https:\/\/nikipholie.eu\/en\/product\/oeuf-cisele-renfermant-un-poussin-a-linterieur-dune-piece-materiau-de-type-pierre-a-savon-fond-plat-permettant-de-le-poser-l-85-cm-p-74g\/#breadcrumb\"},\"inLanguage\":\"en-US\",\"potentialAction\":[{\"@type\":\"ReadAction\",\"target\":[\"https:\/\/nikipholie.eu\/en\/product\/oeuf-cisele-renfermant-un-poussin-a-linterieur-dune-piece-materiau-de-type-pierre-a-savon-fond-plat-permettant-de-le-poser-l-85-cm-p-74g\/\"]}]},{\"@type\":\"BreadcrumbList\",\"@id\":\"https:\/\/nikipholie.eu\/en\/product\/oeuf-cisele-renfermant-un-poussin-a-linterieur-dune-piece-materiau-de-type-pierre-a-savon-fond-plat-permettant-de-le-poser-l-85-cm-p-74g\/#breadcrumb\",\"itemListElement\":[{\"@type\":\"ListItem\",\"position\":1,\"name\":\"Accueil\",\"item\":\"http:\/\/nikipholie.eu\/en\/\"},{\"@type\":\"ListItem\",\"position\":2,\"name\":\"Boutique\",\"item\":\"http:\/\/nikipholie.eu\/en\/shop\/\"},{\"@type\":\"ListItem\",\"position\":3,\"name\":\"Oeuf cisel\\u00e9 renfermant un poussin\"}]}]}<\/script>\n<!-- \/ Yoast SEO plugin. -->","yoast_head_json":{"title":"Oeuf cisel\u00e9 renfermant un poussin - Niki Pholie","robots":{"index":"index","follow":"follow","max-snippet":"max-snippet:-1","max-image-preview":"max-image-preview:large","max-video-preview":"max-video-preview:-1"},"canonical":"https:\/\/nikipholie.eu\/en\/product\/oeuf-cisele-renfermant-un-poussin-a-linterieur-dune-piece-materiau-de-type-pierre-a-savon-fond-plat-permettant-de-le-poser-l-85-cm-p-74g\/","og_locale":"en_US","og_type":"article","og_title":"Oeuf cisel\u00e9 renfermant un poussin - Niki Pholie","og_description":"Travail de ciselure d&#8217;un oeuf en pierre \u00e0 savon, ajour\u00e9 avec un poussin fix\u00e9 \u00e0 l&#8217;int\u00e9rieur. L: 8,5 cm; P: 74g. Fond plat permettant de le poser.","og_url":"https:\/\/nikipholie.eu\/en\/product\/oeuf-cisele-renfermant-un-poussin-a-linterieur-dune-piece-materiau-de-type-pierre-a-savon-fond-plat-permettant-de-le-poser-l-85-cm-p-74g\/","og_site_name":"Niki Pholie","article_modified_time":"2023-06-16T09:43:19+00:00","og_image":[{"width":1920,"height":2560,"url":"http:\/\/nikipholie.eu\/wp-content\/uploads\/2021\/03\/IMG_2401-scaled.jpeg","type":"image\/jpeg"}],"twitter_card":"summary_large_image","schema":{"@context":"https:\/\/schema.org","@graph":[{"@type":"WebSite","@id":"https:\/\/nikipholie.eu\/#website","url":"https:\/\/nikipholie.eu\/","name":"Niki Pholie","description":"Art ancien - Art contemporain","potentialAction":[{"@type":"SearchAction","target":{"@type":"EntryPoint","urlTemplate":"https:\/\/nikipholie.eu\/?s={search_term_string}"},"query-input":"required name=search_term_string"}],"inLanguage":"en-US"},{"@type":"ImageObject","@id":"https:\/\/nikipholie.eu\/en\/product\/oeuf-cisele-renfermant-un-poussin-a-linterieur-dune-piece-materiau-de-type-pierre-a-savon-fond-plat-permettant-de-le-poser-l-85-cm-p-74g\/#primaryimage","inLanguage":"en-US","url":"https:\/\/nikipholie.eu\/wp-content\/uploads\/2021\/03\/IMG_2401-scaled.jpeg","contentUrl":"https:\/\/nikipholie.eu\/wp-content\/uploads\/2021\/03\/IMG_2401-scaled.jpeg","width":1920,"height":2560},{"@type":"WebPage","@id":"https:\/\/nikipholie.eu\/en\/product\/oeuf-cisele-renfermant-un-poussin-a-linterieur-dune-piece-materiau-de-type-pierre-a-savon-fond-plat-permettant-de-le-poser-l-85-cm-p-74g\/#webpage","url":"https:\/\/nikipholie.eu\/en\/product\/oeuf-cisele-renfermant-un-poussin-a-linterieur-dune-piece-materiau-de-type-pierre-a-savon-fond-plat-permettant-de-le-poser-l-85-cm-p-74g\/","name":"Oeuf cisel\u00e9 renfermant un poussin - Niki Pholie","isPartOf":{"@id":"https:\/\/nikipholie.eu\/#website"},"primaryImageOfPage":{"@id":"https:\/\/nikipholie.eu\/en\/product\/oeuf-cisele-renfermant-un-poussin-a-linterieur-dune-piece-materiau-de-type-pierre-a-savon-fond-plat-permettant-de-le-poser-l-85-cm-p-74g\/#primaryimage"},"datePublished":"2021-03-27T17:03:14+00:00","dateModified":"2023-06-16T09:43:19+00:00","breadcrumb":{"@id":"https:\/\/nikipholie.eu\/en\/product\/oeuf-cisele-renfermant-un-poussin-a-linterieur-dune-piece-materiau-de-type-pierre-a-savon-fond-plat-permettant-de-le-poser-l-85-cm-p-74g\/#breadcrumb"},"inLanguage":"en-US","potentialAction":[{"@type":"ReadAction","target":["https:\/\/nikipholie.eu\/en\/product\/oeuf-cisele-renfermant-un-poussin-a-linterieur-dune-piece-materiau-de-type-pierre-a-savon-fond-plat-permettant-de-le-poser-l-85-cm-p-74g\/"]}]},{"@type":"BreadcrumbList","@id":"https:\/\/nikipholie.eu\/en\/product\/oeuf-cisele-renfermant-un-poussin-a-linterieur-dune-piece-materiau-de-type-pierre-a-savon-fond-plat-permettant-de-le-poser-l-85-cm-p-74g\/#breadcrumb","itemListElement":[{"@type":"ListItem","position":1,"name":"Accueil","item":"http:\/\/nikipholie.eu\/en\/"},{"@type":"ListItem","position":2,"name":"Boutique","item":"http:\/\/nikipholie.eu\/en\/shop\/"},{"@type":"ListItem","position":3,"name":"Oeuf cisel\u00e9 renfermant un poussin"}]}]}},"_links":{"self":[{"href":"https:\/\/nikipholie.eu\/en\/wp-json\/wp\/v2\/product\/4064"}],"collection":[{"href":"https:\/\/nikipholie.eu\/en\/wp-json\/wp\/v2\/product"}],"about":[{"href":"https:\/\/nikipholie.eu\/en\/wp-json\/wp\/v2\/types\/product"}],"replies":[{"embeddable":true,"href":"https:\/\/nikipholie.eu\/en\/wp-json\/wp\/v2\/comments?post=4064"}],"wp:featuredmedia":[{"embeddable":true,"href":"https:\/\/nikipholie.eu\/en\/wp-json\/wp\/v2\/media\/3232"}],"wp:attachment":[{"href":"https:\/\/nikipholie.eu\/en\/wp-json\/wp\/v2\/media?parent=4064"}],"wp:term":[{"taxonomy":"product_cat","embeddable":true,"href":"https:\/\/nikipholie.eu\/en\/wp-json\/wp\/v2\/product_cat?post=4064"},{"taxonomy":"product_tag","embeddable":true,"href":"https:\/\/nikipholie.eu\/en\/wp-json\/wp\/v2\/product_tag?post=4064"}],"curies":[{"name":"wp","href":"https:\/\/api.w.org\/{rel}","templated":true}]}}