{"id":4131,"date":"2021-03-03T21:52:13","date_gmt":"2021-03-03T20:52:13","guid":{"rendered":"http:\/\/nikipholie.eu\/produit\/vase-machiavel-collection-luxval-du-val-saint-lambert-art-deco-catalogue-de-1935-couleur-clair-legerement-mauve-hauteur-8-inch-soit-20-cm-moyen-modele\/"},"modified":"2021-06-26T13:59:08","modified_gmt":"2021-06-26T11:59:08","slug":"vase-machiavel-collection-luxval-du-val-saint-lambert-art-deco-catalogue-de-1935-couleur-clair-legerement-mauve-hauteur-8-inch-soit-20-cm-moyen-modele","status":"publish","type":"product","link":"https:\/\/nikipholie.eu\/en\/product\/vase-machiavel-collection-luxval-du-val-saint-lambert-art-deco-catalogue-de-1935-couleur-clair-legerement-mauve-hauteur-8-inch-soit-20-cm-moyen-modele\/","title":{"rendered":"Vase Machiavel, collection Luxval du Val-Saint-Lambert, Art D\u00e9co, catalogue de 1935. Couleur clair, l\u00e9g\u00e8rement mauve. Hauteur 8 inch soit 20 cm ( moyen mod\u00e8le)."},"content":{"rendered":"","protected":false},"excerpt":{"rendered":"","protected":false},"featured_media":2731,"comment_status":"open","ping_status":"closed","template":"","meta":[],"product_cat":[46],"product_tag":[104,101,100],"yoast_head":"<!-- This site is optimized with the Yoast SEO plugin v17.6 - https:\/\/yoast.com\/wordpress\/plugins\/seo\/ -->\n<title>Vase Machiavel, collection Luxval du Val-Saint-Lambert, Art D\u00e9co, catalogue de 1935. Couleur clair, l\u00e9g\u00e8rement mauve. Hauteur 8 inch soit 20 cm ( moyen mod\u00e8le). - Niki Pholie<\/title>\n<meta name=\"robots\" content=\"index, follow, max-snippet:-1, max-image-preview:large, max-video-preview:-1\" \/>\n<link rel=\"canonical\" href=\"https:\/\/nikipholie.eu\/en\/product\/vase-machiavel-collection-luxval-du-val-saint-lambert-art-deco-catalogue-de-1935-couleur-clair-legerement-mauve-hauteur-8-inch-soit-20-cm-moyen-modele\/\" \/>\n<meta property=\"og:locale\" content=\"en_US\" \/>\n<meta property=\"og:type\" content=\"article\" \/>\n<meta property=\"og:title\" content=\"Vase Machiavel, collection Luxval du Val-Saint-Lambert, Art D\u00e9co, catalogue de 1935. Couleur clair, l\u00e9g\u00e8rement mauve. Hauteur 8 inch soit 20 cm ( moyen mod\u00e8le). - Niki Pholie\" \/>\n<meta property=\"og:url\" content=\"https:\/\/nikipholie.eu\/en\/product\/vase-machiavel-collection-luxval-du-val-saint-lambert-art-deco-catalogue-de-1935-couleur-clair-legerement-mauve-hauteur-8-inch-soit-20-cm-moyen-modele\/\" \/>\n<meta property=\"og:site_name\" content=\"Niki Pholie\" \/>\n<meta property=\"article:modified_time\" content=\"2021-06-26T11:59:08+00:00\" \/>\n<meta property=\"og:image\" content=\"https:\/\/nikipholie.eu\/wp-content\/uploads\/2021\/03\/IMG_2062-scaled.jpeg\" \/>\n\t<meta property=\"og:image:width\" content=\"1920\" \/>\n\t<meta property=\"og:image:height\" content=\"2560\" \/>\n<meta name=\"twitter:card\" content=\"summary_large_image\" \/>\n<script type=\"application\/ld+json\" class=\"yoast-schema-graph\">{\"@context\":\"https:\/\/schema.org\",\"@graph\":[{\"@type\":\"WebSite\",\"@id\":\"https:\/\/nikipholie.eu\/#website\",\"url\":\"https:\/\/nikipholie.eu\/\",\"name\":\"Niki Pholie\",\"description\":\"Art ancien - Art contemporain\",\"potentialAction\":[{\"@type\":\"SearchAction\",\"target\":{\"@type\":\"EntryPoint\",\"urlTemplate\":\"https:\/\/nikipholie.eu\/?s={search_term_string}\"},\"query-input\":\"required name=search_term_string\"}],\"inLanguage\":\"en-US\"},{\"@type\":\"ImageObject\",\"@id\":\"https:\/\/nikipholie.eu\/en\/product\/vase-machiavel-collection-luxval-du-val-saint-lambert-art-deco-catalogue-de-1935-couleur-clair-legerement-mauve-hauteur-8-inch-soit-20-cm-moyen-modele\/#primaryimage\",\"inLanguage\":\"en-US\",\"url\":\"https:\/\/nikipholie.eu\/wp-content\/uploads\/2021\/03\/IMG_2062-scaled.jpeg\",\"contentUrl\":\"https:\/\/nikipholie.eu\/wp-content\/uploads\/2021\/03\/IMG_2062-scaled.jpeg\",\"width\":1920,\"height\":2560},{\"@type\":\"WebPage\",\"@id\":\"https:\/\/nikipholie.eu\/en\/product\/vase-machiavel-collection-luxval-du-val-saint-lambert-art-deco-catalogue-de-1935-couleur-clair-legerement-mauve-hauteur-8-inch-soit-20-cm-moyen-modele\/#webpage\",\"url\":\"https:\/\/nikipholie.eu\/en\/product\/vase-machiavel-collection-luxval-du-val-saint-lambert-art-deco-catalogue-de-1935-couleur-clair-legerement-mauve-hauteur-8-inch-soit-20-cm-moyen-modele\/\",\"name\":\"Vase Machiavel, collection Luxval du Val-Saint-Lambert, Art D\\u00e9co, catalogue de 1935. Couleur clair, l\\u00e9g\\u00e8rement mauve. Hauteur 8 inch soit 20 cm ( moyen mod\\u00e8le). - Niki Pholie\",\"isPartOf\":{\"@id\":\"https:\/\/nikipholie.eu\/#website\"},\"primaryImageOfPage\":{\"@id\":\"https:\/\/nikipholie.eu\/en\/product\/vase-machiavel-collection-luxval-du-val-saint-lambert-art-deco-catalogue-de-1935-couleur-clair-legerement-mauve-hauteur-8-inch-soit-20-cm-moyen-modele\/#primaryimage\"},\"datePublished\":\"2021-03-03T20:52:13+00:00\",\"dateModified\":\"2021-06-26T11:59:08+00:00\",\"breadcrumb\":{\"@id\":\"https:\/\/nikipholie.eu\/en\/product\/vase-machiavel-collection-luxval-du-val-saint-lambert-art-deco-catalogue-de-1935-couleur-clair-legerement-mauve-hauteur-8-inch-soit-20-cm-moyen-modele\/#breadcrumb\"},\"inLanguage\":\"en-US\",\"potentialAction\":[{\"@type\":\"ReadAction\",\"target\":[\"https:\/\/nikipholie.eu\/en\/product\/vase-machiavel-collection-luxval-du-val-saint-lambert-art-deco-catalogue-de-1935-couleur-clair-legerement-mauve-hauteur-8-inch-soit-20-cm-moyen-modele\/\"]}]},{\"@type\":\"BreadcrumbList\",\"@id\":\"https:\/\/nikipholie.eu\/en\/product\/vase-machiavel-collection-luxval-du-val-saint-lambert-art-deco-catalogue-de-1935-couleur-clair-legerement-mauve-hauteur-8-inch-soit-20-cm-moyen-modele\/#breadcrumb\",\"itemListElement\":[{\"@type\":\"ListItem\",\"position\":1,\"name\":\"Accueil\",\"item\":\"https:\/\/nikipholie.eu\/en\/\"},{\"@type\":\"ListItem\",\"position\":2,\"name\":\"Boutique\",\"item\":\"https:\/\/nikipholie.eu\/en\/shop\/\"},{\"@type\":\"ListItem\",\"position\":3,\"name\":\"Vase Machiavel, collection Luxval du Val-Saint-Lambert, Art D\\u00e9co, catalogue de 1935. Couleur clair, l\\u00e9g\\u00e8rement mauve. Hauteur 8 inch soit 20 cm ( moyen mod\\u00e8le).\"}]}]}<\/script>\n<!-- \/ Yoast SEO plugin. -->","yoast_head_json":{"title":"Vase Machiavel, collection Luxval du Val-Saint-Lambert, Art D\u00e9co, catalogue de 1935. Couleur clair, l\u00e9g\u00e8rement mauve. Hauteur 8 inch soit 20 cm ( moyen mod\u00e8le). - Niki Pholie","robots":{"index":"index","follow":"follow","max-snippet":"max-snippet:-1","max-image-preview":"max-image-preview:large","max-video-preview":"max-video-preview:-1"},"canonical":"https:\/\/nikipholie.eu\/en\/product\/vase-machiavel-collection-luxval-du-val-saint-lambert-art-deco-catalogue-de-1935-couleur-clair-legerement-mauve-hauteur-8-inch-soit-20-cm-moyen-modele\/","og_locale":"en_US","og_type":"article","og_title":"Vase Machiavel, collection Luxval du Val-Saint-Lambert, Art D\u00e9co, catalogue de 1935. Couleur clair, l\u00e9g\u00e8rement mauve. Hauteur 8 inch soit 20 cm ( moyen mod\u00e8le). - Niki Pholie","og_url":"https:\/\/nikipholie.eu\/en\/product\/vase-machiavel-collection-luxval-du-val-saint-lambert-art-deco-catalogue-de-1935-couleur-clair-legerement-mauve-hauteur-8-inch-soit-20-cm-moyen-modele\/","og_site_name":"Niki Pholie","article_modified_time":"2021-06-26T11:59:08+00:00","og_image":[{"width":1920,"height":2560,"url":"https:\/\/nikipholie.eu\/wp-content\/uploads\/2021\/03\/IMG_2062-scaled.jpeg","type":"image\/jpeg"}],"twitter_card":"summary_large_image","schema":{"@context":"https:\/\/schema.org","@graph":[{"@type":"WebSite","@id":"https:\/\/nikipholie.eu\/#website","url":"https:\/\/nikipholie.eu\/","name":"Niki Pholie","description":"Art ancien - Art contemporain","potentialAction":[{"@type":"SearchAction","target":{"@type":"EntryPoint","urlTemplate":"https:\/\/nikipholie.eu\/?s={search_term_string}"},"query-input":"required name=search_term_string"}],"inLanguage":"en-US"},{"@type":"ImageObject","@id":"https:\/\/nikipholie.eu\/en\/product\/vase-machiavel-collection-luxval-du-val-saint-lambert-art-deco-catalogue-de-1935-couleur-clair-legerement-mauve-hauteur-8-inch-soit-20-cm-moyen-modele\/#primaryimage","inLanguage":"en-US","url":"https:\/\/nikipholie.eu\/wp-content\/uploads\/2021\/03\/IMG_2062-scaled.jpeg","contentUrl":"https:\/\/nikipholie.eu\/wp-content\/uploads\/2021\/03\/IMG_2062-scaled.jpeg","width":1920,"height":2560},{"@type":"WebPage","@id":"https:\/\/nikipholie.eu\/en\/product\/vase-machiavel-collection-luxval-du-val-saint-lambert-art-deco-catalogue-de-1935-couleur-clair-legerement-mauve-hauteur-8-inch-soit-20-cm-moyen-modele\/#webpage","url":"https:\/\/nikipholie.eu\/en\/product\/vase-machiavel-collection-luxval-du-val-saint-lambert-art-deco-catalogue-de-1935-couleur-clair-legerement-mauve-hauteur-8-inch-soit-20-cm-moyen-modele\/","name":"Vase Machiavel, collection Luxval du Val-Saint-Lambert, Art D\u00e9co, catalogue de 1935. Couleur clair, l\u00e9g\u00e8rement mauve. Hauteur 8 inch soit 20 cm ( moyen mod\u00e8le). - Niki Pholie","isPartOf":{"@id":"https:\/\/nikipholie.eu\/#website"},"primaryImageOfPage":{"@id":"https:\/\/nikipholie.eu\/en\/product\/vase-machiavel-collection-luxval-du-val-saint-lambert-art-deco-catalogue-de-1935-couleur-clair-legerement-mauve-hauteur-8-inch-soit-20-cm-moyen-modele\/#primaryimage"},"datePublished":"2021-03-03T20:52:13+00:00","dateModified":"2021-06-26T11:59:08+00:00","breadcrumb":{"@id":"https:\/\/nikipholie.eu\/en\/product\/vase-machiavel-collection-luxval-du-val-saint-lambert-art-deco-catalogue-de-1935-couleur-clair-legerement-mauve-hauteur-8-inch-soit-20-cm-moyen-modele\/#breadcrumb"},"inLanguage":"en-US","potentialAction":[{"@type":"ReadAction","target":["https:\/\/nikipholie.eu\/en\/product\/vase-machiavel-collection-luxval-du-val-saint-lambert-art-deco-catalogue-de-1935-couleur-clair-legerement-mauve-hauteur-8-inch-soit-20-cm-moyen-modele\/"]}]},{"@type":"BreadcrumbList","@id":"https:\/\/nikipholie.eu\/en\/product\/vase-machiavel-collection-luxval-du-val-saint-lambert-art-deco-catalogue-de-1935-couleur-clair-legerement-mauve-hauteur-8-inch-soit-20-cm-moyen-modele\/#breadcrumb","itemListElement":[{"@type":"ListItem","position":1,"name":"Accueil","item":"https:\/\/nikipholie.eu\/en\/"},{"@type":"ListItem","position":2,"name":"Boutique","item":"https:\/\/nikipholie.eu\/en\/shop\/"},{"@type":"ListItem","position":3,"name":"Vase Machiavel, collection Luxval du Val-Saint-Lambert, Art D\u00e9co, catalogue de 1935. Couleur clair, l\u00e9g\u00e8rement mauve. Hauteur 8 inch soit 20 cm ( moyen mod\u00e8le)."}]}]}},"_links":{"self":[{"href":"https:\/\/nikipholie.eu\/en\/wp-json\/wp\/v2\/product\/4131"}],"collection":[{"href":"https:\/\/nikipholie.eu\/en\/wp-json\/wp\/v2\/product"}],"about":[{"href":"https:\/\/nikipholie.eu\/en\/wp-json\/wp\/v2\/types\/product"}],"replies":[{"embeddable":true,"href":"https:\/\/nikipholie.eu\/en\/wp-json\/wp\/v2\/comments?post=4131"}],"wp:featuredmedia":[{"embeddable":true,"href":"https:\/\/nikipholie.eu\/en\/wp-json\/wp\/v2\/media\/2731"}],"wp:attachment":[{"href":"https:\/\/nikipholie.eu\/en\/wp-json\/wp\/v2\/media?parent=4131"}],"wp:term":[{"taxonomy":"product_cat","embeddable":true,"href":"https:\/\/nikipholie.eu\/en\/wp-json\/wp\/v2\/product_cat?post=4131"},{"taxonomy":"product_tag","embeddable":true,"href":"https:\/\/nikipholie.eu\/en\/wp-json\/wp\/v2\/product_tag?post=4131"}],"curies":[{"name":"wp","href":"https:\/\/api.w.org\/{rel}","templated":true}]}}