{"id":4133,"date":"2021-03-03T21:42:27","date_gmt":"2021-03-03T20:42:27","guid":{"rendered":"http:\/\/nikipholie.eu\/produit\/vase-en-verre-hyalite-souffle-decore-dun-dessin-a-lor-epoque-debut-xx-eme-hauteur-21-cm-tres-bon-etat\/"},"modified":"2024-08-16T16:25:19","modified_gmt":"2024-08-16T14:25:19","slug":"vase-en-verre-hyalite-souffle-decore-dun-dessin-a-lor-epoque-debut-xx-eme-hauteur-21-cm-tres-bon-etat","status":"publish","type":"product","link":"https:\/\/nikipholie.eu\/en\/product\/vase-en-verre-hyalite-souffle-decore-dun-dessin-a-lor-epoque-debut-xx-eme-hauteur-21-cm-tres-bon-etat\/","title":{"rendered":"Vase noir et or"},"content":{"rendered":"<p>Vase noir rehauss\u00e9 d&#8217;un dessin de feuillage stylis\u00e9 dor\u00e9 tr\u00e8s d\u00e9coratif.<\/p>\n<p>Epoque : XX eme. Verrerie de Boom, Belgique.<\/p>\n<p>Hauteur: 21 cm. Tr\u00e8s bon \u00e9tat.<\/p>\n","protected":false},"excerpt":{"rendered":"<p>Vase noir rehauss\u00e9 d&#8217;un dessin de feuillage stylis\u00e9 dor\u00e9 tr\u00e8s d\u00e9coratif. Epoque : XX eme. Verrerie de Boom, Belgique. Hauteur: 21 cm. Tr\u00e8s bon \u00e9tat.<\/p>\n","protected":false},"featured_media":2746,"comment_status":"open","ping_status":"closed","template":"","meta":[],"product_cat":[46],"product_tag":[882,103,102,611,100,612,616],"yoast_head":"<!-- This site is optimized with the Yoast SEO plugin v17.6 - https:\/\/yoast.com\/wordpress\/plugins\/seo\/ -->\n<title>Vase noir et or - Niki Pholie<\/title>\n<meta name=\"robots\" content=\"index, follow, max-snippet:-1, max-image-preview:large, max-video-preview:-1\" \/>\n<link rel=\"canonical\" href=\"https:\/\/nikipholie.eu\/en\/product\/vase-en-verre-hyalite-souffle-decore-dun-dessin-a-lor-epoque-debut-xx-eme-hauteur-21-cm-tres-bon-etat\/\" \/>\n<meta property=\"og:locale\" content=\"en_US\" \/>\n<meta property=\"og:type\" content=\"article\" \/>\n<meta property=\"og:title\" content=\"Vase noir et or - Niki Pholie\" \/>\n<meta property=\"og:description\" content=\"Vase noir rehauss\u00e9 d&#8217;un dessin de feuillage stylis\u00e9 dor\u00e9 tr\u00e8s d\u00e9coratif. Epoque : XX eme. Verrerie de Boom, Belgique. Hauteur: 21 cm. Tr\u00e8s bon \u00e9tat.\" \/>\n<meta property=\"og:url\" content=\"https:\/\/nikipholie.eu\/en\/product\/vase-en-verre-hyalite-souffle-decore-dun-dessin-a-lor-epoque-debut-xx-eme-hauteur-21-cm-tres-bon-etat\/\" \/>\n<meta property=\"og:site_name\" content=\"Niki Pholie\" \/>\n<meta property=\"article:modified_time\" content=\"2024-08-16T14:25:19+00:00\" \/>\n<meta property=\"og:image\" content=\"http:\/\/nikipholie.eu\/wp-content\/uploads\/2021\/03\/IMG_2067-scaled.jpeg\" \/>\n\t<meta property=\"og:image:width\" content=\"1920\" \/>\n\t<meta property=\"og:image:height\" content=\"2560\" \/>\n<meta name=\"twitter:card\" content=\"summary_large_image\" \/>\n<script type=\"application\/ld+json\" class=\"yoast-schema-graph\">{\"@context\":\"https:\/\/schema.org\",\"@graph\":[{\"@type\":\"WebSite\",\"@id\":\"https:\/\/nikipholie.eu\/#website\",\"url\":\"https:\/\/nikipholie.eu\/\",\"name\":\"Niki Pholie\",\"description\":\"Art ancien - Art contemporain\",\"potentialAction\":[{\"@type\":\"SearchAction\",\"target\":{\"@type\":\"EntryPoint\",\"urlTemplate\":\"https:\/\/nikipholie.eu\/?s={search_term_string}\"},\"query-input\":\"required name=search_term_string\"}],\"inLanguage\":\"en-US\"},{\"@type\":\"ImageObject\",\"@id\":\"https:\/\/nikipholie.eu\/en\/product\/vase-en-verre-hyalite-souffle-decore-dun-dessin-a-lor-epoque-debut-xx-eme-hauteur-21-cm-tres-bon-etat\/#primaryimage\",\"inLanguage\":\"en-US\",\"url\":\"https:\/\/nikipholie.eu\/wp-content\/uploads\/2021\/03\/IMG_2067-scaled.jpeg\",\"contentUrl\":\"https:\/\/nikipholie.eu\/wp-content\/uploads\/2021\/03\/IMG_2067-scaled.jpeg\",\"width\":1920,\"height\":2560},{\"@type\":\"WebPage\",\"@id\":\"https:\/\/nikipholie.eu\/en\/product\/vase-en-verre-hyalite-souffle-decore-dun-dessin-a-lor-epoque-debut-xx-eme-hauteur-21-cm-tres-bon-etat\/#webpage\",\"url\":\"https:\/\/nikipholie.eu\/en\/product\/vase-en-verre-hyalite-souffle-decore-dun-dessin-a-lor-epoque-debut-xx-eme-hauteur-21-cm-tres-bon-etat\/\",\"name\":\"Vase noir et or - Niki Pholie\",\"isPartOf\":{\"@id\":\"https:\/\/nikipholie.eu\/#website\"},\"primaryImageOfPage\":{\"@id\":\"https:\/\/nikipholie.eu\/en\/product\/vase-en-verre-hyalite-souffle-decore-dun-dessin-a-lor-epoque-debut-xx-eme-hauteur-21-cm-tres-bon-etat\/#primaryimage\"},\"datePublished\":\"2021-03-03T20:42:27+00:00\",\"dateModified\":\"2024-08-16T14:25:19+00:00\",\"breadcrumb\":{\"@id\":\"https:\/\/nikipholie.eu\/en\/product\/vase-en-verre-hyalite-souffle-decore-dun-dessin-a-lor-epoque-debut-xx-eme-hauteur-21-cm-tres-bon-etat\/#breadcrumb\"},\"inLanguage\":\"en-US\",\"potentialAction\":[{\"@type\":\"ReadAction\",\"target\":[\"https:\/\/nikipholie.eu\/en\/product\/vase-en-verre-hyalite-souffle-decore-dun-dessin-a-lor-epoque-debut-xx-eme-hauteur-21-cm-tres-bon-etat\/\"]}]},{\"@type\":\"BreadcrumbList\",\"@id\":\"https:\/\/nikipholie.eu\/en\/product\/vase-en-verre-hyalite-souffle-decore-dun-dessin-a-lor-epoque-debut-xx-eme-hauteur-21-cm-tres-bon-etat\/#breadcrumb\",\"itemListElement\":[{\"@type\":\"ListItem\",\"position\":1,\"name\":\"Accueil\",\"item\":\"http:\/\/nikipholie.eu\/en\/\"},{\"@type\":\"ListItem\",\"position\":2,\"name\":\"Boutique\",\"item\":\"http:\/\/nikipholie.eu\/en\/shop\/\"},{\"@type\":\"ListItem\",\"position\":3,\"name\":\"Vase noir et or\"}]}]}<\/script>\n<!-- \/ Yoast SEO plugin. -->","yoast_head_json":{"title":"Vase noir et or - Niki Pholie","robots":{"index":"index","follow":"follow","max-snippet":"max-snippet:-1","max-image-preview":"max-image-preview:large","max-video-preview":"max-video-preview:-1"},"canonical":"https:\/\/nikipholie.eu\/en\/product\/vase-en-verre-hyalite-souffle-decore-dun-dessin-a-lor-epoque-debut-xx-eme-hauteur-21-cm-tres-bon-etat\/","og_locale":"en_US","og_type":"article","og_title":"Vase noir et or - Niki Pholie","og_description":"Vase noir rehauss\u00e9 d&#8217;un dessin de feuillage stylis\u00e9 dor\u00e9 tr\u00e8s d\u00e9coratif. Epoque : XX eme. Verrerie de Boom, Belgique. Hauteur: 21 cm. Tr\u00e8s bon \u00e9tat.","og_url":"https:\/\/nikipholie.eu\/en\/product\/vase-en-verre-hyalite-souffle-decore-dun-dessin-a-lor-epoque-debut-xx-eme-hauteur-21-cm-tres-bon-etat\/","og_site_name":"Niki Pholie","article_modified_time":"2024-08-16T14:25:19+00:00","og_image":[{"width":1920,"height":2560,"url":"http:\/\/nikipholie.eu\/wp-content\/uploads\/2021\/03\/IMG_2067-scaled.jpeg","type":"image\/jpeg"}],"twitter_card":"summary_large_image","schema":{"@context":"https:\/\/schema.org","@graph":[{"@type":"WebSite","@id":"https:\/\/nikipholie.eu\/#website","url":"https:\/\/nikipholie.eu\/","name":"Niki Pholie","description":"Art ancien - Art contemporain","potentialAction":[{"@type":"SearchAction","target":{"@type":"EntryPoint","urlTemplate":"https:\/\/nikipholie.eu\/?s={search_term_string}"},"query-input":"required name=search_term_string"}],"inLanguage":"en-US"},{"@type":"ImageObject","@id":"https:\/\/nikipholie.eu\/en\/product\/vase-en-verre-hyalite-souffle-decore-dun-dessin-a-lor-epoque-debut-xx-eme-hauteur-21-cm-tres-bon-etat\/#primaryimage","inLanguage":"en-US","url":"https:\/\/nikipholie.eu\/wp-content\/uploads\/2021\/03\/IMG_2067-scaled.jpeg","contentUrl":"https:\/\/nikipholie.eu\/wp-content\/uploads\/2021\/03\/IMG_2067-scaled.jpeg","width":1920,"height":2560},{"@type":"WebPage","@id":"https:\/\/nikipholie.eu\/en\/product\/vase-en-verre-hyalite-souffle-decore-dun-dessin-a-lor-epoque-debut-xx-eme-hauteur-21-cm-tres-bon-etat\/#webpage","url":"https:\/\/nikipholie.eu\/en\/product\/vase-en-verre-hyalite-souffle-decore-dun-dessin-a-lor-epoque-debut-xx-eme-hauteur-21-cm-tres-bon-etat\/","name":"Vase noir et or - Niki Pholie","isPartOf":{"@id":"https:\/\/nikipholie.eu\/#website"},"primaryImageOfPage":{"@id":"https:\/\/nikipholie.eu\/en\/product\/vase-en-verre-hyalite-souffle-decore-dun-dessin-a-lor-epoque-debut-xx-eme-hauteur-21-cm-tres-bon-etat\/#primaryimage"},"datePublished":"2021-03-03T20:42:27+00:00","dateModified":"2024-08-16T14:25:19+00:00","breadcrumb":{"@id":"https:\/\/nikipholie.eu\/en\/product\/vase-en-verre-hyalite-souffle-decore-dun-dessin-a-lor-epoque-debut-xx-eme-hauteur-21-cm-tres-bon-etat\/#breadcrumb"},"inLanguage":"en-US","potentialAction":[{"@type":"ReadAction","target":["https:\/\/nikipholie.eu\/en\/product\/vase-en-verre-hyalite-souffle-decore-dun-dessin-a-lor-epoque-debut-xx-eme-hauteur-21-cm-tres-bon-etat\/"]}]},{"@type":"BreadcrumbList","@id":"https:\/\/nikipholie.eu\/en\/product\/vase-en-verre-hyalite-souffle-decore-dun-dessin-a-lor-epoque-debut-xx-eme-hauteur-21-cm-tres-bon-etat\/#breadcrumb","itemListElement":[{"@type":"ListItem","position":1,"name":"Accueil","item":"http:\/\/nikipholie.eu\/en\/"},{"@type":"ListItem","position":2,"name":"Boutique","item":"http:\/\/nikipholie.eu\/en\/shop\/"},{"@type":"ListItem","position":3,"name":"Vase noir et or"}]}]}},"_links":{"self":[{"href":"https:\/\/nikipholie.eu\/en\/wp-json\/wp\/v2\/product\/4133"}],"collection":[{"href":"https:\/\/nikipholie.eu\/en\/wp-json\/wp\/v2\/product"}],"about":[{"href":"https:\/\/nikipholie.eu\/en\/wp-json\/wp\/v2\/types\/product"}],"replies":[{"embeddable":true,"href":"https:\/\/nikipholie.eu\/en\/wp-json\/wp\/v2\/comments?post=4133"}],"wp:featuredmedia":[{"embeddable":true,"href":"https:\/\/nikipholie.eu\/en\/wp-json\/wp\/v2\/media\/2746"}],"wp:attachment":[{"href":"https:\/\/nikipholie.eu\/en\/wp-json\/wp\/v2\/media?parent=4133"}],"wp:term":[{"taxonomy":"product_cat","embeddable":true,"href":"https:\/\/nikipholie.eu\/en\/wp-json\/wp\/v2\/product_cat?post=4133"},{"taxonomy":"product_tag","embeddable":true,"href":"https:\/\/nikipholie.eu\/en\/wp-json\/wp\/v2\/product_tag?post=4133"}],"curies":[{"name":"wp","href":"https:\/\/api.w.org\/{rel}","templated":true}]}}