{"id":4170,"date":"2020-11-08T12:12:29","date_gmt":"2020-11-08T11:12:29","guid":{"rendered":"http:\/\/nikipholie.eu\/produit\/lithogravure-representant-une-elegante-assise-de-profil-rousseurs-au-pourtour-encadrement-en-bois-sous-verre-fond-arriere-abime-dim-355-x-295-cm-avec-le-cadre-la-gravure-fait-23-x-18-cm-envir\/"},"modified":"2024-10-21T13:39:31","modified_gmt":"2024-10-21T11:39:31","slug":"lithogravure-representant-une-elegante-assise-de-profil-rousseurs-au-pourtour-encadrement-en-bois-sous-verre-fond-arriere-abime-dim-355-x-295-cm-avec-le-cadre-la-gravure-fait-23-x-18-cm-envir","status":"publish","type":"product","link":"https:\/\/nikipholie.eu\/en\/product\/lithogravure-representant-une-elegante-assise-de-profil-rousseurs-au-pourtour-encadrement-en-bois-sous-verre-fond-arriere-abime-dim-355-x-295-cm-avec-le-cadre-la-gravure-fait-23-x-18-cm-envir\/","title":{"rendered":"Lithogravure repr\u00e9sentant une \u00e9l\u00e9gante assise de profil. Rousseurs au pourtour. Encadrement en bois, sous verre. Fond arri\u00e8re abim\u00e9; Dim: 35,5 x 29,5 cm avec le cadre, la gravure fait 23 x 18 cm environ."},"content":{"rendered":"","protected":false},"excerpt":{"rendered":"","protected":false},"featured_media":2120,"comment_status":"open","ping_status":"closed","template":"","meta":[],"product_cat":[59],"product_tag":[718,678,713,163,146,714],"yoast_head":"<!-- This site is optimized with the Yoast SEO plugin v17.6 - https:\/\/yoast.com\/wordpress\/plugins\/seo\/ -->\n<title>Lithogravure repr\u00e9sentant une \u00e9l\u00e9gante assise de profil. Rousseurs au pourtour. Encadrement en bois, sous verre. Fond arri\u00e8re abim\u00e9; Dim: 35,5 x 29,5 cm avec le cadre, la gravure fait 23 x 18 cm environ. - Niki Pholie<\/title>\n<meta name=\"description\" content=\"Gravure XIX \u00e9me.\" \/>\n<meta name=\"robots\" content=\"index, follow, max-snippet:-1, max-image-preview:large, max-video-preview:-1\" \/>\n<link rel=\"canonical\" href=\"https:\/\/nikipholie.eu\/en\/product\/lithogravure-representant-une-elegante-assise-de-profil-rousseurs-au-pourtour-encadrement-en-bois-sous-verre-fond-arriere-abime-dim-355-x-295-cm-avec-le-cadre-la-gravure-fait-23-x-18-cm-envir\/\" \/>\n<meta property=\"og:locale\" content=\"en_US\" \/>\n<meta property=\"og:type\" content=\"article\" \/>\n<meta property=\"og:title\" content=\"Lithogravure repr\u00e9sentant une \u00e9l\u00e9gante assise de profil. Rousseurs au pourtour. Encadrement en bois, sous verre. Fond arri\u00e8re abim\u00e9; Dim: 35,5 x 29,5 cm avec le cadre, la gravure fait 23 x 18 cm environ. - Niki Pholie\" \/>\n<meta property=\"og:description\" content=\"Gravure XIX \u00e9me.\" \/>\n<meta property=\"og:url\" content=\"https:\/\/nikipholie.eu\/en\/product\/lithogravure-representant-une-elegante-assise-de-profil-rousseurs-au-pourtour-encadrement-en-bois-sous-verre-fond-arriere-abime-dim-355-x-295-cm-avec-le-cadre-la-gravure-fait-23-x-18-cm-envir\/\" \/>\n<meta property=\"og:site_name\" content=\"Niki Pholie\" \/>\n<meta property=\"article:modified_time\" content=\"2024-10-21T11:39:31+00:00\" \/>\n<meta property=\"og:image\" content=\"https:\/\/nikipholie.eu\/wp-content\/uploads\/2020\/11\/IMG_0554-scaled.jpg\" \/>\n\t<meta property=\"og:image:width\" content=\"1920\" \/>\n\t<meta property=\"og:image:height\" content=\"2560\" \/>\n<meta name=\"twitter:card\" content=\"summary_large_image\" \/>\n<script type=\"application\/ld+json\" class=\"yoast-schema-graph\">{\"@context\":\"https:\/\/schema.org\",\"@graph\":[{\"@type\":\"WebSite\",\"@id\":\"https:\/\/nikipholie.eu\/#website\",\"url\":\"https:\/\/nikipholie.eu\/\",\"name\":\"Niki Pholie\",\"description\":\"Art ancien - Art contemporain\",\"potentialAction\":[{\"@type\":\"SearchAction\",\"target\":{\"@type\":\"EntryPoint\",\"urlTemplate\":\"https:\/\/nikipholie.eu\/?s={search_term_string}\"},\"query-input\":\"required name=search_term_string\"}],\"inLanguage\":\"en-US\"},{\"@type\":\"ImageObject\",\"@id\":\"https:\/\/nikipholie.eu\/en\/product\/lithogravure-representant-une-elegante-assise-de-profil-rousseurs-au-pourtour-encadrement-en-bois-sous-verre-fond-arriere-abime-dim-355-x-295-cm-avec-le-cadre-la-gravure-fait-23-x-18-cm-envir\/#primaryimage\",\"inLanguage\":\"en-US\",\"url\":\"https:\/\/nikipholie.eu\/wp-content\/uploads\/2020\/11\/IMG_0554-scaled.jpg\",\"contentUrl\":\"https:\/\/nikipholie.eu\/wp-content\/uploads\/2020\/11\/IMG_0554-scaled.jpg\",\"width\":1920,\"height\":2560},{\"@type\":\"WebPage\",\"@id\":\"https:\/\/nikipholie.eu\/en\/product\/lithogravure-representant-une-elegante-assise-de-profil-rousseurs-au-pourtour-encadrement-en-bois-sous-verre-fond-arriere-abime-dim-355-x-295-cm-avec-le-cadre-la-gravure-fait-23-x-18-cm-envir\/#webpage\",\"url\":\"https:\/\/nikipholie.eu\/en\/product\/lithogravure-representant-une-elegante-assise-de-profil-rousseurs-au-pourtour-encadrement-en-bois-sous-verre-fond-arriere-abime-dim-355-x-295-cm-avec-le-cadre-la-gravure-fait-23-x-18-cm-envir\/\",\"name\":\"Lithogravure repr\\u00e9sentant une \\u00e9l\\u00e9gante assise de profil. Rousseurs au pourtour. Encadrement en bois, sous verre. Fond arri\\u00e8re abim\\u00e9; Dim: 35,5 x 29,5 cm avec le cadre, la gravure fait 23 x 18 cm environ. - Niki Pholie\",\"isPartOf\":{\"@id\":\"https:\/\/nikipholie.eu\/#website\"},\"primaryImageOfPage\":{\"@id\":\"https:\/\/nikipholie.eu\/en\/product\/lithogravure-representant-une-elegante-assise-de-profil-rousseurs-au-pourtour-encadrement-en-bois-sous-verre-fond-arriere-abime-dim-355-x-295-cm-avec-le-cadre-la-gravure-fait-23-x-18-cm-envir\/#primaryimage\"},\"datePublished\":\"2020-11-08T11:12:29+00:00\",\"dateModified\":\"2024-10-21T11:39:31+00:00\",\"description\":\"Gravure XIX \\u00e9me.\",\"breadcrumb\":{\"@id\":\"https:\/\/nikipholie.eu\/en\/product\/lithogravure-representant-une-elegante-assise-de-profil-rousseurs-au-pourtour-encadrement-en-bois-sous-verre-fond-arriere-abime-dim-355-x-295-cm-avec-le-cadre-la-gravure-fait-23-x-18-cm-envir\/#breadcrumb\"},\"inLanguage\":\"en-US\",\"potentialAction\":[{\"@type\":\"ReadAction\",\"target\":[\"https:\/\/nikipholie.eu\/en\/product\/lithogravure-representant-une-elegante-assise-de-profil-rousseurs-au-pourtour-encadrement-en-bois-sous-verre-fond-arriere-abime-dim-355-x-295-cm-avec-le-cadre-la-gravure-fait-23-x-18-cm-envir\/\"]}]},{\"@type\":\"BreadcrumbList\",\"@id\":\"https:\/\/nikipholie.eu\/en\/product\/lithogravure-representant-une-elegante-assise-de-profil-rousseurs-au-pourtour-encadrement-en-bois-sous-verre-fond-arriere-abime-dim-355-x-295-cm-avec-le-cadre-la-gravure-fait-23-x-18-cm-envir\/#breadcrumb\",\"itemListElement\":[{\"@type\":\"ListItem\",\"position\":1,\"name\":\"Accueil\",\"item\":\"https:\/\/nikipholie.eu\/en\/\"},{\"@type\":\"ListItem\",\"position\":2,\"name\":\"Boutique\",\"item\":\"https:\/\/nikipholie.eu\/en\/shop\/\"},{\"@type\":\"ListItem\",\"position\":3,\"name\":\"Lithogravure repr\\u00e9sentant une \\u00e9l\\u00e9gante assise de profil. Rousseurs au pourtour. Encadrement en bois, sous verre. Fond arri\\u00e8re abim\\u00e9; Dim: 35,5 x 29,5 cm avec le cadre, la gravure fait 23 x 18 cm environ.\"}]}]}<\/script>\n<!-- \/ Yoast SEO plugin. -->","yoast_head_json":{"title":"Lithogravure repr\u00e9sentant une \u00e9l\u00e9gante assise de profil. Rousseurs au pourtour. Encadrement en bois, sous verre. Fond arri\u00e8re abim\u00e9; Dim: 35,5 x 29,5 cm avec le cadre, la gravure fait 23 x 18 cm environ. - Niki Pholie","description":"Gravure XIX \u00e9me.","robots":{"index":"index","follow":"follow","max-snippet":"max-snippet:-1","max-image-preview":"max-image-preview:large","max-video-preview":"max-video-preview:-1"},"canonical":"https:\/\/nikipholie.eu\/en\/product\/lithogravure-representant-une-elegante-assise-de-profil-rousseurs-au-pourtour-encadrement-en-bois-sous-verre-fond-arriere-abime-dim-355-x-295-cm-avec-le-cadre-la-gravure-fait-23-x-18-cm-envir\/","og_locale":"en_US","og_type":"article","og_title":"Lithogravure repr\u00e9sentant une \u00e9l\u00e9gante assise de profil. Rousseurs au pourtour. Encadrement en bois, sous verre. Fond arri\u00e8re abim\u00e9; Dim: 35,5 x 29,5 cm avec le cadre, la gravure fait 23 x 18 cm environ. - Niki Pholie","og_description":"Gravure XIX \u00e9me.","og_url":"https:\/\/nikipholie.eu\/en\/product\/lithogravure-representant-une-elegante-assise-de-profil-rousseurs-au-pourtour-encadrement-en-bois-sous-verre-fond-arriere-abime-dim-355-x-295-cm-avec-le-cadre-la-gravure-fait-23-x-18-cm-envir\/","og_site_name":"Niki Pholie","article_modified_time":"2024-10-21T11:39:31+00:00","og_image":[{"width":1920,"height":2560,"url":"https:\/\/nikipholie.eu\/wp-content\/uploads\/2020\/11\/IMG_0554-scaled.jpg","type":"image\/jpeg"}],"twitter_card":"summary_large_image","schema":{"@context":"https:\/\/schema.org","@graph":[{"@type":"WebSite","@id":"https:\/\/nikipholie.eu\/#website","url":"https:\/\/nikipholie.eu\/","name":"Niki Pholie","description":"Art ancien - Art contemporain","potentialAction":[{"@type":"SearchAction","target":{"@type":"EntryPoint","urlTemplate":"https:\/\/nikipholie.eu\/?s={search_term_string}"},"query-input":"required name=search_term_string"}],"inLanguage":"en-US"},{"@type":"ImageObject","@id":"https:\/\/nikipholie.eu\/en\/product\/lithogravure-representant-une-elegante-assise-de-profil-rousseurs-au-pourtour-encadrement-en-bois-sous-verre-fond-arriere-abime-dim-355-x-295-cm-avec-le-cadre-la-gravure-fait-23-x-18-cm-envir\/#primaryimage","inLanguage":"en-US","url":"https:\/\/nikipholie.eu\/wp-content\/uploads\/2020\/11\/IMG_0554-scaled.jpg","contentUrl":"https:\/\/nikipholie.eu\/wp-content\/uploads\/2020\/11\/IMG_0554-scaled.jpg","width":1920,"height":2560},{"@type":"WebPage","@id":"https:\/\/nikipholie.eu\/en\/product\/lithogravure-representant-une-elegante-assise-de-profil-rousseurs-au-pourtour-encadrement-en-bois-sous-verre-fond-arriere-abime-dim-355-x-295-cm-avec-le-cadre-la-gravure-fait-23-x-18-cm-envir\/#webpage","url":"https:\/\/nikipholie.eu\/en\/product\/lithogravure-representant-une-elegante-assise-de-profil-rousseurs-au-pourtour-encadrement-en-bois-sous-verre-fond-arriere-abime-dim-355-x-295-cm-avec-le-cadre-la-gravure-fait-23-x-18-cm-envir\/","name":"Lithogravure repr\u00e9sentant une \u00e9l\u00e9gante assise de profil. Rousseurs au pourtour. Encadrement en bois, sous verre. Fond arri\u00e8re abim\u00e9; Dim: 35,5 x 29,5 cm avec le cadre, la gravure fait 23 x 18 cm environ. - Niki Pholie","isPartOf":{"@id":"https:\/\/nikipholie.eu\/#website"},"primaryImageOfPage":{"@id":"https:\/\/nikipholie.eu\/en\/product\/lithogravure-representant-une-elegante-assise-de-profil-rousseurs-au-pourtour-encadrement-en-bois-sous-verre-fond-arriere-abime-dim-355-x-295-cm-avec-le-cadre-la-gravure-fait-23-x-18-cm-envir\/#primaryimage"},"datePublished":"2020-11-08T11:12:29+00:00","dateModified":"2024-10-21T11:39:31+00:00","description":"Gravure XIX \u00e9me.","breadcrumb":{"@id":"https:\/\/nikipholie.eu\/en\/product\/lithogravure-representant-une-elegante-assise-de-profil-rousseurs-au-pourtour-encadrement-en-bois-sous-verre-fond-arriere-abime-dim-355-x-295-cm-avec-le-cadre-la-gravure-fait-23-x-18-cm-envir\/#breadcrumb"},"inLanguage":"en-US","potentialAction":[{"@type":"ReadAction","target":["https:\/\/nikipholie.eu\/en\/product\/lithogravure-representant-une-elegante-assise-de-profil-rousseurs-au-pourtour-encadrement-en-bois-sous-verre-fond-arriere-abime-dim-355-x-295-cm-avec-le-cadre-la-gravure-fait-23-x-18-cm-envir\/"]}]},{"@type":"BreadcrumbList","@id":"https:\/\/nikipholie.eu\/en\/product\/lithogravure-representant-une-elegante-assise-de-profil-rousseurs-au-pourtour-encadrement-en-bois-sous-verre-fond-arriere-abime-dim-355-x-295-cm-avec-le-cadre-la-gravure-fait-23-x-18-cm-envir\/#breadcrumb","itemListElement":[{"@type":"ListItem","position":1,"name":"Accueil","item":"https:\/\/nikipholie.eu\/en\/"},{"@type":"ListItem","position":2,"name":"Boutique","item":"https:\/\/nikipholie.eu\/en\/shop\/"},{"@type":"ListItem","position":3,"name":"Lithogravure repr\u00e9sentant une \u00e9l\u00e9gante assise de profil. Rousseurs au pourtour. Encadrement en bois, sous verre. Fond arri\u00e8re abim\u00e9; Dim: 35,5 x 29,5 cm avec le cadre, la gravure fait 23 x 18 cm environ."}]}]}},"_links":{"self":[{"href":"https:\/\/nikipholie.eu\/en\/wp-json\/wp\/v2\/product\/4170"}],"collection":[{"href":"https:\/\/nikipholie.eu\/en\/wp-json\/wp\/v2\/product"}],"about":[{"href":"https:\/\/nikipholie.eu\/en\/wp-json\/wp\/v2\/types\/product"}],"replies":[{"embeddable":true,"href":"https:\/\/nikipholie.eu\/en\/wp-json\/wp\/v2\/comments?post=4170"}],"wp:featuredmedia":[{"embeddable":true,"href":"https:\/\/nikipholie.eu\/en\/wp-json\/wp\/v2\/media\/2120"}],"wp:attachment":[{"href":"https:\/\/nikipholie.eu\/en\/wp-json\/wp\/v2\/media?parent=4170"}],"wp:term":[{"taxonomy":"product_cat","embeddable":true,"href":"https:\/\/nikipholie.eu\/en\/wp-json\/wp\/v2\/product_cat?post=4170"},{"taxonomy":"product_tag","embeddable":true,"href":"https:\/\/nikipholie.eu\/en\/wp-json\/wp\/v2\/product_tag?post=4170"}],"curies":[{"name":"wp","href":"https:\/\/api.w.org\/{rel}","templated":true}]}}