{"id":5013,"date":"2021-10-06T17:11:03","date_gmt":"2021-10-06T15:11:03","guid":{"rendered":"http:\/\/nikipholie.eu\/produit\/boite-a-miel-plateau-attache-encoche-dans-le-couvercle-luxval-service-eclat-vsl\/"},"modified":"2024-10-26T13:02:10","modified_gmt":"2024-10-26T11:02:10","slug":"boite-a-miel-plateau-attache-encoche-dans-le-couvercle-luxval-service-eclat-vsl","status":"publish","type":"product","link":"https:\/\/nikipholie.eu\/en\/product\/boite-a-miel-plateau-attache-encoche-dans-le-couvercle-luxval-service-eclat-vsl\/","title":{"rendered":"Confiturier du service Eclat"},"content":{"rendered":"<p>Confiturier avec plateau attach\u00e9 et encoche dans le couvercle.<\/p>\n<p>Demi-cristal press\u00e9-moul\u00e9.<\/p>\n<p>Val-Saint-Lambert, LUXVAL, service &#8221; Eclat&#8221;. Vers 1930-1950.<\/p>\n","protected":false},"excerpt":{"rendered":"<p>Confiturier avec plateau attach\u00e9 et encoche dans le couvercle. Demi-cristal press\u00e9-moul\u00e9. Val-Saint-Lambert, LUXVAL, service &#8221; Eclat&#8221;. Vers 1930-1950.<\/p>\n","protected":false},"featured_media":4979,"comment_status":"open","ping_status":"closed","template":"","meta":[],"product_cat":[46,214],"product_tag":[965,278,103,1410,104,967,283,1411],"yoast_head":"<!-- This site is optimized with the Yoast SEO plugin v17.6 - https:\/\/yoast.com\/wordpress\/plugins\/seo\/ -->\n<title>Confiturier du service Eclat - Niki Pholie<\/title>\n<meta name=\"robots\" content=\"index, follow, max-snippet:-1, max-image-preview:large, max-video-preview:-1\" \/>\n<link rel=\"canonical\" href=\"https:\/\/nikipholie.eu\/en\/product\/boite-a-miel-plateau-attache-encoche-dans-le-couvercle-luxval-service-eclat-vsl\/\" \/>\n<meta property=\"og:locale\" content=\"en_US\" \/>\n<meta property=\"og:type\" content=\"article\" \/>\n<meta property=\"og:title\" content=\"Confiturier du service Eclat - Niki Pholie\" \/>\n<meta property=\"og:description\" content=\"Confiturier avec plateau attach\u00e9 et encoche dans le couvercle. Demi-cristal press\u00e9-moul\u00e9. Val-Saint-Lambert, LUXVAL, service &#8221; Eclat&#8221;. Vers 1930-1950.\" \/>\n<meta property=\"og:url\" content=\"https:\/\/nikipholie.eu\/en\/product\/boite-a-miel-plateau-attache-encoche-dans-le-couvercle-luxval-service-eclat-vsl\/\" \/>\n<meta property=\"og:site_name\" content=\"Niki Pholie\" \/>\n<meta property=\"article:modified_time\" content=\"2024-10-26T11:02:10+00:00\" \/>\n<meta property=\"og:image\" content=\"http:\/\/nikipholie.eu\/wp-content\/uploads\/2021\/10\/IMG_4393-scaled.jpeg\" \/>\n\t<meta property=\"og:image:width\" content=\"2023\" \/>\n\t<meta property=\"og:image:height\" content=\"2560\" \/>\n<meta name=\"twitter:card\" content=\"summary_large_image\" \/>\n<script type=\"application\/ld+json\" class=\"yoast-schema-graph\">{\"@context\":\"https:\/\/schema.org\",\"@graph\":[{\"@type\":\"WebSite\",\"@id\":\"https:\/\/nikipholie.eu\/#website\",\"url\":\"https:\/\/nikipholie.eu\/\",\"name\":\"Niki Pholie\",\"description\":\"Art ancien - Art contemporain\",\"potentialAction\":[{\"@type\":\"SearchAction\",\"target\":{\"@type\":\"EntryPoint\",\"urlTemplate\":\"https:\/\/nikipholie.eu\/?s={search_term_string}\"},\"query-input\":\"required name=search_term_string\"}],\"inLanguage\":\"en-US\"},{\"@type\":\"ImageObject\",\"@id\":\"https:\/\/nikipholie.eu\/en\/product\/boite-a-miel-plateau-attache-encoche-dans-le-couvercle-luxval-service-eclat-vsl\/#primaryimage\",\"inLanguage\":\"en-US\",\"url\":\"https:\/\/nikipholie.eu\/wp-content\/uploads\/2021\/10\/IMG_4393-scaled.jpeg\",\"contentUrl\":\"https:\/\/nikipholie.eu\/wp-content\/uploads\/2021\/10\/IMG_4393-scaled.jpeg\",\"width\":2023,\"height\":2560},{\"@type\":\"WebPage\",\"@id\":\"https:\/\/nikipholie.eu\/en\/product\/boite-a-miel-plateau-attache-encoche-dans-le-couvercle-luxval-service-eclat-vsl\/#webpage\",\"url\":\"https:\/\/nikipholie.eu\/en\/product\/boite-a-miel-plateau-attache-encoche-dans-le-couvercle-luxval-service-eclat-vsl\/\",\"name\":\"Confiturier du service Eclat - Niki Pholie\",\"isPartOf\":{\"@id\":\"https:\/\/nikipholie.eu\/#website\"},\"primaryImageOfPage\":{\"@id\":\"https:\/\/nikipholie.eu\/en\/product\/boite-a-miel-plateau-attache-encoche-dans-le-couvercle-luxval-service-eclat-vsl\/#primaryimage\"},\"datePublished\":\"2021-10-06T15:11:03+00:00\",\"dateModified\":\"2024-10-26T11:02:10+00:00\",\"breadcrumb\":{\"@id\":\"https:\/\/nikipholie.eu\/en\/product\/boite-a-miel-plateau-attache-encoche-dans-le-couvercle-luxval-service-eclat-vsl\/#breadcrumb\"},\"inLanguage\":\"en-US\",\"potentialAction\":[{\"@type\":\"ReadAction\",\"target\":[\"https:\/\/nikipholie.eu\/en\/product\/boite-a-miel-plateau-attache-encoche-dans-le-couvercle-luxval-service-eclat-vsl\/\"]}]},{\"@type\":\"BreadcrumbList\",\"@id\":\"https:\/\/nikipholie.eu\/en\/product\/boite-a-miel-plateau-attache-encoche-dans-le-couvercle-luxval-service-eclat-vsl\/#breadcrumb\",\"itemListElement\":[{\"@type\":\"ListItem\",\"position\":1,\"name\":\"Accueil\",\"item\":\"http:\/\/nikipholie.eu\/en\/\"},{\"@type\":\"ListItem\",\"position\":2,\"name\":\"Boutique\",\"item\":\"http:\/\/nikipholie.eu\/en\/shop\/\"},{\"@type\":\"ListItem\",\"position\":3,\"name\":\"Confiturier du service Eclat\"}]}]}<\/script>\n<!-- \/ Yoast SEO plugin. -->","yoast_head_json":{"title":"Confiturier du service Eclat - Niki Pholie","robots":{"index":"index","follow":"follow","max-snippet":"max-snippet:-1","max-image-preview":"max-image-preview:large","max-video-preview":"max-video-preview:-1"},"canonical":"https:\/\/nikipholie.eu\/en\/product\/boite-a-miel-plateau-attache-encoche-dans-le-couvercle-luxval-service-eclat-vsl\/","og_locale":"en_US","og_type":"article","og_title":"Confiturier du service Eclat - Niki Pholie","og_description":"Confiturier avec plateau attach\u00e9 et encoche dans le couvercle. Demi-cristal press\u00e9-moul\u00e9. Val-Saint-Lambert, LUXVAL, service &#8221; Eclat&#8221;. Vers 1930-1950.","og_url":"https:\/\/nikipholie.eu\/en\/product\/boite-a-miel-plateau-attache-encoche-dans-le-couvercle-luxval-service-eclat-vsl\/","og_site_name":"Niki Pholie","article_modified_time":"2024-10-26T11:02:10+00:00","og_image":[{"width":2023,"height":2560,"url":"http:\/\/nikipholie.eu\/wp-content\/uploads\/2021\/10\/IMG_4393-scaled.jpeg","type":"image\/jpeg"}],"twitter_card":"summary_large_image","schema":{"@context":"https:\/\/schema.org","@graph":[{"@type":"WebSite","@id":"https:\/\/nikipholie.eu\/#website","url":"https:\/\/nikipholie.eu\/","name":"Niki Pholie","description":"Art ancien - Art contemporain","potentialAction":[{"@type":"SearchAction","target":{"@type":"EntryPoint","urlTemplate":"https:\/\/nikipholie.eu\/?s={search_term_string}"},"query-input":"required name=search_term_string"}],"inLanguage":"en-US"},{"@type":"ImageObject","@id":"https:\/\/nikipholie.eu\/en\/product\/boite-a-miel-plateau-attache-encoche-dans-le-couvercle-luxval-service-eclat-vsl\/#primaryimage","inLanguage":"en-US","url":"https:\/\/nikipholie.eu\/wp-content\/uploads\/2021\/10\/IMG_4393-scaled.jpeg","contentUrl":"https:\/\/nikipholie.eu\/wp-content\/uploads\/2021\/10\/IMG_4393-scaled.jpeg","width":2023,"height":2560},{"@type":"WebPage","@id":"https:\/\/nikipholie.eu\/en\/product\/boite-a-miel-plateau-attache-encoche-dans-le-couvercle-luxval-service-eclat-vsl\/#webpage","url":"https:\/\/nikipholie.eu\/en\/product\/boite-a-miel-plateau-attache-encoche-dans-le-couvercle-luxval-service-eclat-vsl\/","name":"Confiturier du service Eclat - Niki Pholie","isPartOf":{"@id":"https:\/\/nikipholie.eu\/#website"},"primaryImageOfPage":{"@id":"https:\/\/nikipholie.eu\/en\/product\/boite-a-miel-plateau-attache-encoche-dans-le-couvercle-luxval-service-eclat-vsl\/#primaryimage"},"datePublished":"2021-10-06T15:11:03+00:00","dateModified":"2024-10-26T11:02:10+00:00","breadcrumb":{"@id":"https:\/\/nikipholie.eu\/en\/product\/boite-a-miel-plateau-attache-encoche-dans-le-couvercle-luxval-service-eclat-vsl\/#breadcrumb"},"inLanguage":"en-US","potentialAction":[{"@type":"ReadAction","target":["https:\/\/nikipholie.eu\/en\/product\/boite-a-miel-plateau-attache-encoche-dans-le-couvercle-luxval-service-eclat-vsl\/"]}]},{"@type":"BreadcrumbList","@id":"https:\/\/nikipholie.eu\/en\/product\/boite-a-miel-plateau-attache-encoche-dans-le-couvercle-luxval-service-eclat-vsl\/#breadcrumb","itemListElement":[{"@type":"ListItem","position":1,"name":"Accueil","item":"http:\/\/nikipholie.eu\/en\/"},{"@type":"ListItem","position":2,"name":"Boutique","item":"http:\/\/nikipholie.eu\/en\/shop\/"},{"@type":"ListItem","position":3,"name":"Confiturier du service Eclat"}]}]}},"_links":{"self":[{"href":"https:\/\/nikipholie.eu\/en\/wp-json\/wp\/v2\/product\/5013"}],"collection":[{"href":"https:\/\/nikipholie.eu\/en\/wp-json\/wp\/v2\/product"}],"about":[{"href":"https:\/\/nikipholie.eu\/en\/wp-json\/wp\/v2\/types\/product"}],"replies":[{"embeddable":true,"href":"https:\/\/nikipholie.eu\/en\/wp-json\/wp\/v2\/comments?post=5013"}],"wp:featuredmedia":[{"embeddable":true,"href":"https:\/\/nikipholie.eu\/en\/wp-json\/wp\/v2\/media\/4979"}],"wp:attachment":[{"href":"https:\/\/nikipholie.eu\/en\/wp-json\/wp\/v2\/media?parent=5013"}],"wp:term":[{"taxonomy":"product_cat","embeddable":true,"href":"https:\/\/nikipholie.eu\/en\/wp-json\/wp\/v2\/product_cat?post=5013"},{"taxonomy":"product_tag","embeddable":true,"href":"https:\/\/nikipholie.eu\/en\/wp-json\/wp\/v2\/product_tag?post=5013"}],"curies":[{"name":"wp","href":"https:\/\/api.w.org\/{rel}","templated":true}]}}