{"id":5633,"date":"2022-07-25T21:36:44","date_gmt":"2023-06-25T14:09:51","guid":{"rendered":"http:\/\/nikipholie.eu\/?post_type=product&#038;p=5633"},"modified":"2023-07-01T20:05:31","modified_gmt":"2023-07-01T18:05:31","slug":"coqueret-vase-orange-pink-color-luxval-created-by-val-saint-lambert","status":"publish","type":"product","link":"https:\/\/nikipholie.eu\/en\/product\/coqueret-vase-orange-pink-color-luxval-created-by-val-saint-lambert\/","title":{"rendered":"Coqueret Vase, orange\/pink color , Luxval, created by Val-Saint-Lambert"},"content":{"rendered":"<p>Vase Art D\u00e9co \u00e9dit\u00e9 dans la ligne Luxval dans les ann\u00e9es d&#8217;apr\u00e8s guerre. H: 21 cm.<\/p>\n<p>Le coqueret \u00e9tant un fruit du P\u00e9rou, ce vase symbolise l&#8217;exotisme.<\/p>\n<p>Exemplaire en excellent \u00e9tat.<\/p>\n","protected":false},"excerpt":{"rendered":"<p><\/p>\n","protected":false},"featured_media":5625,"comment_status":"open","ping_status":"closed","template":"","meta":[],"product_cat":[46],"product_tag":[173,1571,917,104,553,523,101,100,283],"yoast_head":"<!-- This site is optimized with the Yoast SEO plugin v17.6 - https:\/\/yoast.com\/wordpress\/plugins\/seo\/ -->\n<title>Coqueret Vase, orange\/pink color , Luxval, created by Val-Saint-Lambert - Niki Pholie<\/title>\n<meta name=\"robots\" content=\"index, follow, max-snippet:-1, max-image-preview:large, max-video-preview:-1\" \/>\n<link rel=\"canonical\" href=\"https:\/\/nikipholie.eu\/en\/product\/coqueret-vase-orange-pink-color-luxval-created-by-val-saint-lambert\/\" \/>\n<meta property=\"og:locale\" content=\"en_US\" \/>\n<meta property=\"og:type\" content=\"article\" \/>\n<meta property=\"og:title\" content=\"Coqueret Vase, orange\/pink color , Luxval, created by Val-Saint-Lambert - Niki Pholie\" \/>\n<meta property=\"og:url\" content=\"https:\/\/nikipholie.eu\/en\/product\/coqueret-vase-orange-pink-color-luxval-created-by-val-saint-lambert\/\" \/>\n<meta property=\"og:site_name\" content=\"Niki Pholie\" \/>\n<meta property=\"article:modified_time\" content=\"2023-07-01T18:05:31+00:00\" \/>\n<meta property=\"og:image\" content=\"http:\/\/nikipholie.eu\/wp-content\/uploads\/2022\/07\/IMG_7117-scaled.jpeg\" \/>\n\t<meta property=\"og:image:width\" content=\"1920\" \/>\n\t<meta property=\"og:image:height\" content=\"2560\" \/>\n<meta name=\"twitter:card\" content=\"summary_large_image\" \/>\n<script type=\"application\/ld+json\" class=\"yoast-schema-graph\">{\"@context\":\"https:\/\/schema.org\",\"@graph\":[{\"@type\":\"WebSite\",\"@id\":\"https:\/\/nikipholie.eu\/#website\",\"url\":\"https:\/\/nikipholie.eu\/\",\"name\":\"Niki Pholie\",\"description\":\"Art ancien - Art contemporain\",\"potentialAction\":[{\"@type\":\"SearchAction\",\"target\":{\"@type\":\"EntryPoint\",\"urlTemplate\":\"https:\/\/nikipholie.eu\/?s={search_term_string}\"},\"query-input\":\"required name=search_term_string\"}],\"inLanguage\":\"en-US\"},{\"@type\":\"ImageObject\",\"@id\":\"https:\/\/nikipholie.eu\/en\/product\/coqueret-vase-orange-pink-color-luxval-created-by-val-saint-lambert\/#primaryimage\",\"inLanguage\":\"en-US\",\"url\":\"https:\/\/nikipholie.eu\/wp-content\/uploads\/2022\/07\/IMG_7117-scaled.jpeg\",\"contentUrl\":\"https:\/\/nikipholie.eu\/wp-content\/uploads\/2022\/07\/IMG_7117-scaled.jpeg\",\"width\":1920,\"height\":2560},{\"@type\":\"WebPage\",\"@id\":\"https:\/\/nikipholie.eu\/en\/product\/coqueret-vase-orange-pink-color-luxval-created-by-val-saint-lambert\/#webpage\",\"url\":\"https:\/\/nikipholie.eu\/en\/product\/coqueret-vase-orange-pink-color-luxval-created-by-val-saint-lambert\/\",\"name\":\"Coqueret Vase, orange\/pink color , Luxval, created by Val-Saint-Lambert - Niki Pholie\",\"isPartOf\":{\"@id\":\"https:\/\/nikipholie.eu\/#website\"},\"primaryImageOfPage\":{\"@id\":\"https:\/\/nikipholie.eu\/en\/product\/coqueret-vase-orange-pink-color-luxval-created-by-val-saint-lambert\/#primaryimage\"},\"datePublished\":\"2023-06-25T14:09:51+00:00\",\"dateModified\":\"2023-07-01T18:05:31+00:00\",\"breadcrumb\":{\"@id\":\"https:\/\/nikipholie.eu\/en\/product\/coqueret-vase-orange-pink-color-luxval-created-by-val-saint-lambert\/#breadcrumb\"},\"inLanguage\":\"en-US\",\"potentialAction\":[{\"@type\":\"ReadAction\",\"target\":[\"https:\/\/nikipholie.eu\/en\/product\/coqueret-vase-orange-pink-color-luxval-created-by-val-saint-lambert\/\"]}]},{\"@type\":\"BreadcrumbList\",\"@id\":\"https:\/\/nikipholie.eu\/en\/product\/coqueret-vase-orange-pink-color-luxval-created-by-val-saint-lambert\/#breadcrumb\",\"itemListElement\":[{\"@type\":\"ListItem\",\"position\":1,\"name\":\"Accueil\",\"item\":\"http:\/\/nikipholie.eu\/en\/\"},{\"@type\":\"ListItem\",\"position\":2,\"name\":\"Boutique\",\"item\":\"http:\/\/nikipholie.eu\/en\/shop\/\"},{\"@type\":\"ListItem\",\"position\":3,\"name\":\"Coqueret Vase, orange\/pink color , Luxval, created by Val-Saint-Lambert\"}]}]}<\/script>\n<!-- \/ Yoast SEO plugin. -->","yoast_head_json":{"title":"Coqueret Vase, orange\/pink color , Luxval, created by Val-Saint-Lambert - Niki Pholie","robots":{"index":"index","follow":"follow","max-snippet":"max-snippet:-1","max-image-preview":"max-image-preview:large","max-video-preview":"max-video-preview:-1"},"canonical":"https:\/\/nikipholie.eu\/en\/product\/coqueret-vase-orange-pink-color-luxval-created-by-val-saint-lambert\/","og_locale":"en_US","og_type":"article","og_title":"Coqueret Vase, orange\/pink color , Luxval, created by Val-Saint-Lambert - Niki Pholie","og_url":"https:\/\/nikipholie.eu\/en\/product\/coqueret-vase-orange-pink-color-luxval-created-by-val-saint-lambert\/","og_site_name":"Niki Pholie","article_modified_time":"2023-07-01T18:05:31+00:00","og_image":[{"width":1920,"height":2560,"url":"http:\/\/nikipholie.eu\/wp-content\/uploads\/2022\/07\/IMG_7117-scaled.jpeg","type":"image\/jpeg"}],"twitter_card":"summary_large_image","schema":{"@context":"https:\/\/schema.org","@graph":[{"@type":"WebSite","@id":"https:\/\/nikipholie.eu\/#website","url":"https:\/\/nikipholie.eu\/","name":"Niki Pholie","description":"Art ancien - Art contemporain","potentialAction":[{"@type":"SearchAction","target":{"@type":"EntryPoint","urlTemplate":"https:\/\/nikipholie.eu\/?s={search_term_string}"},"query-input":"required name=search_term_string"}],"inLanguage":"en-US"},{"@type":"ImageObject","@id":"https:\/\/nikipholie.eu\/en\/product\/coqueret-vase-orange-pink-color-luxval-created-by-val-saint-lambert\/#primaryimage","inLanguage":"en-US","url":"https:\/\/nikipholie.eu\/wp-content\/uploads\/2022\/07\/IMG_7117-scaled.jpeg","contentUrl":"https:\/\/nikipholie.eu\/wp-content\/uploads\/2022\/07\/IMG_7117-scaled.jpeg","width":1920,"height":2560},{"@type":"WebPage","@id":"https:\/\/nikipholie.eu\/en\/product\/coqueret-vase-orange-pink-color-luxval-created-by-val-saint-lambert\/#webpage","url":"https:\/\/nikipholie.eu\/en\/product\/coqueret-vase-orange-pink-color-luxval-created-by-val-saint-lambert\/","name":"Coqueret Vase, orange\/pink color , Luxval, created by Val-Saint-Lambert - Niki Pholie","isPartOf":{"@id":"https:\/\/nikipholie.eu\/#website"},"primaryImageOfPage":{"@id":"https:\/\/nikipholie.eu\/en\/product\/coqueret-vase-orange-pink-color-luxval-created-by-val-saint-lambert\/#primaryimage"},"datePublished":"2023-06-25T14:09:51+00:00","dateModified":"2023-07-01T18:05:31+00:00","breadcrumb":{"@id":"https:\/\/nikipholie.eu\/en\/product\/coqueret-vase-orange-pink-color-luxval-created-by-val-saint-lambert\/#breadcrumb"},"inLanguage":"en-US","potentialAction":[{"@type":"ReadAction","target":["https:\/\/nikipholie.eu\/en\/product\/coqueret-vase-orange-pink-color-luxval-created-by-val-saint-lambert\/"]}]},{"@type":"BreadcrumbList","@id":"https:\/\/nikipholie.eu\/en\/product\/coqueret-vase-orange-pink-color-luxval-created-by-val-saint-lambert\/#breadcrumb","itemListElement":[{"@type":"ListItem","position":1,"name":"Accueil","item":"http:\/\/nikipholie.eu\/en\/"},{"@type":"ListItem","position":2,"name":"Boutique","item":"http:\/\/nikipholie.eu\/en\/shop\/"},{"@type":"ListItem","position":3,"name":"Coqueret Vase, orange\/pink color , Luxval, created by Val-Saint-Lambert"}]}]}},"_links":{"self":[{"href":"https:\/\/nikipholie.eu\/en\/wp-json\/wp\/v2\/product\/5633"}],"collection":[{"href":"https:\/\/nikipholie.eu\/en\/wp-json\/wp\/v2\/product"}],"about":[{"href":"https:\/\/nikipholie.eu\/en\/wp-json\/wp\/v2\/types\/product"}],"replies":[{"embeddable":true,"href":"https:\/\/nikipholie.eu\/en\/wp-json\/wp\/v2\/comments?post=5633"}],"wp:featuredmedia":[{"embeddable":true,"href":"https:\/\/nikipholie.eu\/en\/wp-json\/wp\/v2\/media\/5625"}],"wp:attachment":[{"href":"https:\/\/nikipholie.eu\/en\/wp-json\/wp\/v2\/media?parent=5633"}],"wp:term":[{"taxonomy":"product_cat","embeddable":true,"href":"https:\/\/nikipholie.eu\/en\/wp-json\/wp\/v2\/product_cat?post=5633"},{"taxonomy":"product_tag","embeddable":true,"href":"https:\/\/nikipholie.eu\/en\/wp-json\/wp\/v2\/product_tag?post=5633"}],"curies":[{"name":"wp","href":"https:\/\/api.w.org\/{rel}","templated":true}]}}