{"id":6041,"date":"2023-01-06T15:40:19","date_gmt":"2023-01-06T14:40:19","guid":{"rendered":"http:\/\/nikipholie.eu\/produit\/labisse-felix-1905-1982-lithogravure-originale\/"},"modified":"2025-12-15T13:39:37","modified_gmt":"2025-12-15T12:39:37","slug":"labisse-felix-1905-1982-lithogravure-originale","status":"publish","type":"product","link":"https:\/\/nikipholie.eu\/en\/product\/labisse-felix-1905-1982-lithogravure-originale\/","title":{"rendered":"Lithogravure, F\u00e9lix Labisse (1905 -1982)"},"content":{"rendered":"<p>Original lithography by F\u00e9lix Labisse entitled &#8220;Les Femmes damn\u00e9es&#8221; (the damned women), signed in pencil at the bottom left corner and numbered 10\/100. It represents a set of 9 naked women with long hair and fits into the dreamlike and provocative universe of the surrealist painter, marked by eroticism and mystery. The title directly echoes Charles Baudelaire\u2019s censored poem from Les Fleurs du mal, dealing with lesbian love and melancholy.<\/p>\n<p>Very nice condition.<\/p>\n<p>Period frame in aluminum and fabric, slightly scratched.<\/p>\n<p>Dimension out of frame (on sight): 43.5 x 31.5 cm<\/p>\n<p>Dimension with frame: 69 x 56.5 cm.<\/p>\n<p>F\u00e9lix Labisse, born on March 9, 1905 in Marchiennes and died on January 29, 1982 in Neuilly-sur-Seine, was a French surrealist painter whom the surrealists, however, refused to recognize as one of their own. On the fringes of Andr\u00e9 Breton\u2019s movement, he was linked in 1947-1948, through his friendship with Christian Dotremont, to the adventure of revolutionary surrealism. Since the early 1940s, his work has been recognized and supported by Robert Desnos, Paul \u00c9luard, Philippe Soupault, Jacques Pr\u00e9vert. Patrick Waldberg devoted an important monograph to him in 1970. Alongside his career as a painter, Labisse pursued a career as a set designer for the theater, dance, and opera.<\/p>\n<p>His mature work, placed under the sign of metamorphosis, explores the frontiers of fantasy, dream, magic or eroticism. Her feminine characters with lascivious bodies, smooth shapes and raw colors, evolve in a strange and timeless world.<\/p>\n<p>In 1963-1965 appear the first blue women who will contribute to its fame: Yemanja, The Evening of December 8 (1963) Orixa, The relentless catechumen (1964), Maria d&#8217;Apparecida (1965), Turquoise Bath (1968)&#8230;<\/p>\n","protected":false},"excerpt":{"rendered":"<p>Original lithography by F\u00e9lix Labisse entitled &#8220;Les Femmes damn\u00e9es&#8221; (the damned women), signed in pencil at the bottom left corner and numbered 10\/100. It represents a set of 9 naked women with long hair and fits into the dreamlike and provocative universe of the surrealist painter, marked by eroticism and mystery. The title directly echoes [&hellip;]<\/p>\n","protected":false},"featured_media":6032,"comment_status":"open","ping_status":"closed","template":"","meta":[],"product_cat":[59],"product_tag":[397,678,3318,1216,829,1217,1218,1219,1220,1221,71,2163],"yoast_head":"<!-- This site is optimized with the Yoast SEO plugin v17.6 - https:\/\/yoast.com\/wordpress\/plugins\/seo\/ -->\n<title>Lithogravure, F\u00e9lix Labisse (1905 -1982) - Niki Pholie<\/title>\n<meta name=\"robots\" content=\"index, follow, max-snippet:-1, max-image-preview:large, max-video-preview:-1\" \/>\n<link rel=\"canonical\" href=\"https:\/\/nikipholie.eu\/en\/product\/labisse-felix-1905-1982-lithogravure-originale\/\" \/>\n<meta property=\"og:locale\" content=\"en_US\" \/>\n<meta property=\"og:type\" content=\"article\" \/>\n<meta property=\"og:title\" content=\"Lithogravure, F\u00e9lix Labisse (1905 -1982) - Niki Pholie\" \/>\n<meta property=\"og:description\" content=\"Original lithography by F\u00e9lix Labisse entitled &#8220;Les Femmes damn\u00e9es&#8221; (the damned women), signed in pencil at the bottom left corner and numbered 10\/100. It represents a set of 9 naked women with long hair and fits into the dreamlike and provocative universe of the surrealist painter, marked by eroticism and mystery. The title directly echoes [&hellip;]\" \/>\n<meta property=\"og:url\" content=\"https:\/\/nikipholie.eu\/en\/product\/labisse-felix-1905-1982-lithogravure-originale\/\" \/>\n<meta property=\"og:site_name\" content=\"Niki Pholie\" \/>\n<meta property=\"article:modified_time\" content=\"2025-12-15T12:39:37+00:00\" \/>\n<meta property=\"og:image\" content=\"http:\/\/nikipholie.eu\/wp-content\/uploads\/2023\/01\/IMG_0785-scaled.jpeg\" \/>\n\t<meta property=\"og:image:width\" content=\"1920\" \/>\n\t<meta property=\"og:image:height\" content=\"2560\" \/>\n<meta name=\"twitter:card\" content=\"summary_large_image\" \/>\n<meta name=\"twitter:label1\" content=\"Est. reading time\" \/>\n\t<meta name=\"twitter:data1\" content=\"1 minute\" \/>\n<script type=\"application\/ld+json\" class=\"yoast-schema-graph\">{\"@context\":\"https:\/\/schema.org\",\"@graph\":[{\"@type\":\"WebSite\",\"@id\":\"http:\/\/nikipholie.eu\/#website\",\"url\":\"http:\/\/nikipholie.eu\/\",\"name\":\"Niki Pholie\",\"description\":\"Art ancien - Art contemporain\",\"potentialAction\":[{\"@type\":\"SearchAction\",\"target\":{\"@type\":\"EntryPoint\",\"urlTemplate\":\"http:\/\/nikipholie.eu\/?s={search_term_string}\"},\"query-input\":\"required name=search_term_string\"}],\"inLanguage\":\"en-US\"},{\"@type\":\"ImageObject\",\"@id\":\"https:\/\/nikipholie.eu\/en\/product\/labisse-felix-1905-1982-lithogravure-originale\/#primaryimage\",\"inLanguage\":\"en-US\",\"url\":\"https:\/\/nikipholie.eu\/wp-content\/uploads\/2023\/01\/IMG_0785-scaled.jpeg\",\"contentUrl\":\"https:\/\/nikipholie.eu\/wp-content\/uploads\/2023\/01\/IMG_0785-scaled.jpeg\",\"width\":1920,\"height\":2560},{\"@type\":\"WebPage\",\"@id\":\"https:\/\/nikipholie.eu\/en\/product\/labisse-felix-1905-1982-lithogravure-originale\/#webpage\",\"url\":\"https:\/\/nikipholie.eu\/en\/product\/labisse-felix-1905-1982-lithogravure-originale\/\",\"name\":\"Lithogravure, F\\u00e9lix Labisse (1905 -1982) - Niki Pholie\",\"isPartOf\":{\"@id\":\"http:\/\/nikipholie.eu\/#website\"},\"primaryImageOfPage\":{\"@id\":\"https:\/\/nikipholie.eu\/en\/product\/labisse-felix-1905-1982-lithogravure-originale\/#primaryimage\"},\"datePublished\":\"2023-01-06T14:40:19+00:00\",\"dateModified\":\"2025-12-15T12:39:37+00:00\",\"breadcrumb\":{\"@id\":\"https:\/\/nikipholie.eu\/en\/product\/labisse-felix-1905-1982-lithogravure-originale\/#breadcrumb\"},\"inLanguage\":\"en-US\",\"potentialAction\":[{\"@type\":\"ReadAction\",\"target\":[\"https:\/\/nikipholie.eu\/en\/product\/labisse-felix-1905-1982-lithogravure-originale\/\"]}]},{\"@type\":\"BreadcrumbList\",\"@id\":\"https:\/\/nikipholie.eu\/en\/product\/labisse-felix-1905-1982-lithogravure-originale\/#breadcrumb\",\"itemListElement\":[{\"@type\":\"ListItem\",\"position\":1,\"name\":\"Accueil\",\"item\":\"http:\/\/nikipholie.eu\/en\/\"},{\"@type\":\"ListItem\",\"position\":2,\"name\":\"Boutique\",\"item\":\"http:\/\/nikipholie.eu\/en\/shop\/\"},{\"@type\":\"ListItem\",\"position\":3,\"name\":\"Lithogravure, F\\u00e9lix Labisse (1905 -1982)\"}]}]}<\/script>\n<!-- \/ Yoast SEO plugin. -->","yoast_head_json":{"title":"Lithogravure, F\u00e9lix Labisse (1905 -1982) - Niki Pholie","robots":{"index":"index","follow":"follow","max-snippet":"max-snippet:-1","max-image-preview":"max-image-preview:large","max-video-preview":"max-video-preview:-1"},"canonical":"https:\/\/nikipholie.eu\/en\/product\/labisse-felix-1905-1982-lithogravure-originale\/","og_locale":"en_US","og_type":"article","og_title":"Lithogravure, F\u00e9lix Labisse (1905 -1982) - Niki Pholie","og_description":"Original lithography by F\u00e9lix Labisse entitled &#8220;Les Femmes damn\u00e9es&#8221; (the damned women), signed in pencil at the bottom left corner and numbered 10\/100. It represents a set of 9 naked women with long hair and fits into the dreamlike and provocative universe of the surrealist painter, marked by eroticism and mystery. The title directly echoes [&hellip;]","og_url":"https:\/\/nikipholie.eu\/en\/product\/labisse-felix-1905-1982-lithogravure-originale\/","og_site_name":"Niki Pholie","article_modified_time":"2025-12-15T12:39:37+00:00","og_image":[{"width":1920,"height":2560,"url":"http:\/\/nikipholie.eu\/wp-content\/uploads\/2023\/01\/IMG_0785-scaled.jpeg","type":"image\/jpeg"}],"twitter_card":"summary_large_image","twitter_misc":{"Est. reading time":"1 minute"},"schema":{"@context":"https:\/\/schema.org","@graph":[{"@type":"WebSite","@id":"http:\/\/nikipholie.eu\/#website","url":"http:\/\/nikipholie.eu\/","name":"Niki Pholie","description":"Art ancien - Art contemporain","potentialAction":[{"@type":"SearchAction","target":{"@type":"EntryPoint","urlTemplate":"http:\/\/nikipholie.eu\/?s={search_term_string}"},"query-input":"required name=search_term_string"}],"inLanguage":"en-US"},{"@type":"ImageObject","@id":"https:\/\/nikipholie.eu\/en\/product\/labisse-felix-1905-1982-lithogravure-originale\/#primaryimage","inLanguage":"en-US","url":"https:\/\/nikipholie.eu\/wp-content\/uploads\/2023\/01\/IMG_0785-scaled.jpeg","contentUrl":"https:\/\/nikipholie.eu\/wp-content\/uploads\/2023\/01\/IMG_0785-scaled.jpeg","width":1920,"height":2560},{"@type":"WebPage","@id":"https:\/\/nikipholie.eu\/en\/product\/labisse-felix-1905-1982-lithogravure-originale\/#webpage","url":"https:\/\/nikipholie.eu\/en\/product\/labisse-felix-1905-1982-lithogravure-originale\/","name":"Lithogravure, F\u00e9lix Labisse (1905 -1982) - Niki Pholie","isPartOf":{"@id":"http:\/\/nikipholie.eu\/#website"},"primaryImageOfPage":{"@id":"https:\/\/nikipholie.eu\/en\/product\/labisse-felix-1905-1982-lithogravure-originale\/#primaryimage"},"datePublished":"2023-01-06T14:40:19+00:00","dateModified":"2025-12-15T12:39:37+00:00","breadcrumb":{"@id":"https:\/\/nikipholie.eu\/en\/product\/labisse-felix-1905-1982-lithogravure-originale\/#breadcrumb"},"inLanguage":"en-US","potentialAction":[{"@type":"ReadAction","target":["https:\/\/nikipholie.eu\/en\/product\/labisse-felix-1905-1982-lithogravure-originale\/"]}]},{"@type":"BreadcrumbList","@id":"https:\/\/nikipholie.eu\/en\/product\/labisse-felix-1905-1982-lithogravure-originale\/#breadcrumb","itemListElement":[{"@type":"ListItem","position":1,"name":"Accueil","item":"http:\/\/nikipholie.eu\/en\/"},{"@type":"ListItem","position":2,"name":"Boutique","item":"http:\/\/nikipholie.eu\/en\/shop\/"},{"@type":"ListItem","position":3,"name":"Lithogravure, F\u00e9lix Labisse (1905 -1982)"}]}]}},"_links":{"self":[{"href":"https:\/\/nikipholie.eu\/en\/wp-json\/wp\/v2\/product\/6041"}],"collection":[{"href":"https:\/\/nikipholie.eu\/en\/wp-json\/wp\/v2\/product"}],"about":[{"href":"https:\/\/nikipholie.eu\/en\/wp-json\/wp\/v2\/types\/product"}],"replies":[{"embeddable":true,"href":"https:\/\/nikipholie.eu\/en\/wp-json\/wp\/v2\/comments?post=6041"}],"wp:featuredmedia":[{"embeddable":true,"href":"https:\/\/nikipholie.eu\/en\/wp-json\/wp\/v2\/media\/6032"}],"wp:attachment":[{"href":"https:\/\/nikipholie.eu\/en\/wp-json\/wp\/v2\/media?parent=6041"}],"wp:term":[{"taxonomy":"product_cat","embeddable":true,"href":"https:\/\/nikipholie.eu\/en\/wp-json\/wp\/v2\/product_cat?post=6041"},{"taxonomy":"product_tag","embeddable":true,"href":"https:\/\/nikipholie.eu\/en\/wp-json\/wp\/v2\/product_tag?post=6041"}],"curies":[{"name":"wp","href":"https:\/\/api.w.org\/{rel}","templated":true}]}}