{"id":6417,"date":"2023-03-14T14:14:23","date_gmt":"2023-03-14T13:14:23","guid":{"rendered":"http:\/\/nikipholie.eu\/produit\/vase-optical-glass-de-frantisek-vizner\/"},"modified":"2025-11-02T15:55:34","modified_gmt":"2025-11-02T14:55:34","slug":"vase-optical-glass-de-frantisek-vizner","status":"publish","type":"product","link":"https:\/\/nikipholie.eu\/en\/product\/vase-optical-glass-de-frantisek-vizner\/","title":{"rendered":"Vase &#8220;optical glass&#8221; de Frantisek Vizner"},"content":{"rendered":"<p>Vase transparent avec des cabochons trap\u00e9zo\u00efdes en relief , clairs et mat\u00e9s, en alternance. Design de 1960.<\/p>\n<p>Frantisek Vizner (1936 &#8211; 2011) est un verrier tch\u00e8que r\u00e9put\u00e9 dont les oeuvres figurents dans de grands mus\u00e9es.<\/p>\n<p>Parfait \u00e9tat. H: 18 cm. Diam\u00e8tre : 12,5 cm.<\/p>\n<p>Verre moul\u00e9 press\u00e9, Tr\u00e8s stable.<\/p>\n","protected":false},"excerpt":{"rendered":"<p>Vase transparent avec des cabochons trap\u00e9zo\u00efdes en relief , clairs et mat\u00e9s, en alternance. Design de 1960. Frantisek Vizner (1936 &#8211; 2011) est un verrier tch\u00e8que r\u00e9put\u00e9 dont les oeuvres figurents dans de grands mus\u00e9es. Parfait \u00e9tat. H: 18 cm. Diam\u00e8tre : 12,5 cm. Verre moul\u00e9 press\u00e9, Tr\u00e8s stable.<\/p>\n","protected":false},"featured_media":6366,"comment_status":"open","ping_status":"closed","template":"","meta":[],"product_cat":[46],"product_tag":[1358,1359,103,678,1360,1361,1362,100,412],"yoast_head":"<!-- This site is optimized with the Yoast SEO plugin v17.6 - https:\/\/yoast.com\/wordpress\/plugins\/seo\/ -->\n<title>Vase &quot;optical glass&quot; de Frantisek Vizner - Niki Pholie<\/title>\n<meta name=\"robots\" content=\"index, follow, max-snippet:-1, max-image-preview:large, max-video-preview:-1\" \/>\n<link rel=\"canonical\" href=\"https:\/\/nikipholie.eu\/en\/product\/vase-optical-glass-de-frantisek-vizner\/\" \/>\n<meta property=\"og:locale\" content=\"en_US\" \/>\n<meta property=\"og:type\" content=\"article\" \/>\n<meta property=\"og:title\" content=\"Vase &quot;optical glass&quot; de Frantisek Vizner - Niki Pholie\" \/>\n<meta property=\"og:description\" content=\"Vase transparent avec des cabochons trap\u00e9zo\u00efdes en relief , clairs et mat\u00e9s, en alternance. Design de 1960. Frantisek Vizner (1936 &#8211; 2011) est un verrier tch\u00e8que r\u00e9put\u00e9 dont les oeuvres figurents dans de grands mus\u00e9es. Parfait \u00e9tat. H: 18 cm. Diam\u00e8tre : 12,5 cm. Verre moul\u00e9 press\u00e9, Tr\u00e8s stable.\" \/>\n<meta property=\"og:url\" content=\"https:\/\/nikipholie.eu\/en\/product\/vase-optical-glass-de-frantisek-vizner\/\" \/>\n<meta property=\"og:site_name\" content=\"Niki Pholie\" \/>\n<meta property=\"article:modified_time\" content=\"2025-11-02T14:55:34+00:00\" \/>\n<meta property=\"og:image\" content=\"http:\/\/nikipholie.eu\/wp-content\/uploads\/2023\/03\/IMG_1374-scaled.jpeg\" \/>\n\t<meta property=\"og:image:width\" content=\"1920\" \/>\n\t<meta property=\"og:image:height\" content=\"2560\" \/>\n<meta name=\"twitter:card\" content=\"summary_large_image\" \/>\n<script type=\"application\/ld+json\" class=\"yoast-schema-graph\">{\"@context\":\"https:\/\/schema.org\",\"@graph\":[{\"@type\":\"WebSite\",\"@id\":\"https:\/\/nikipholie.eu\/#website\",\"url\":\"https:\/\/nikipholie.eu\/\",\"name\":\"Niki Pholie\",\"description\":\"Art ancien - Art contemporain\",\"potentialAction\":[{\"@type\":\"SearchAction\",\"target\":{\"@type\":\"EntryPoint\",\"urlTemplate\":\"https:\/\/nikipholie.eu\/?s={search_term_string}\"},\"query-input\":\"required name=search_term_string\"}],\"inLanguage\":\"en-US\"},{\"@type\":\"ImageObject\",\"@id\":\"https:\/\/nikipholie.eu\/en\/product\/vase-optical-glass-de-frantisek-vizner\/#primaryimage\",\"inLanguage\":\"en-US\",\"url\":\"https:\/\/nikipholie.eu\/wp-content\/uploads\/2023\/03\/IMG_1374-scaled.jpeg\",\"contentUrl\":\"https:\/\/nikipholie.eu\/wp-content\/uploads\/2023\/03\/IMG_1374-scaled.jpeg\",\"width\":1920,\"height\":2560},{\"@type\":\"WebPage\",\"@id\":\"https:\/\/nikipholie.eu\/en\/product\/vase-optical-glass-de-frantisek-vizner\/#webpage\",\"url\":\"https:\/\/nikipholie.eu\/en\/product\/vase-optical-glass-de-frantisek-vizner\/\",\"name\":\"Vase \\\"optical glass\\\" de Frantisek Vizner - Niki Pholie\",\"isPartOf\":{\"@id\":\"https:\/\/nikipholie.eu\/#website\"},\"primaryImageOfPage\":{\"@id\":\"https:\/\/nikipholie.eu\/en\/product\/vase-optical-glass-de-frantisek-vizner\/#primaryimage\"},\"datePublished\":\"2023-03-14T13:14:23+00:00\",\"dateModified\":\"2025-11-02T14:55:34+00:00\",\"breadcrumb\":{\"@id\":\"https:\/\/nikipholie.eu\/en\/product\/vase-optical-glass-de-frantisek-vizner\/#breadcrumb\"},\"inLanguage\":\"en-US\",\"potentialAction\":[{\"@type\":\"ReadAction\",\"target\":[\"https:\/\/nikipholie.eu\/en\/product\/vase-optical-glass-de-frantisek-vizner\/\"]}]},{\"@type\":\"BreadcrumbList\",\"@id\":\"https:\/\/nikipholie.eu\/en\/product\/vase-optical-glass-de-frantisek-vizner\/#breadcrumb\",\"itemListElement\":[{\"@type\":\"ListItem\",\"position\":1,\"name\":\"Accueil\",\"item\":\"http:\/\/nikipholie.eu\/en\/\"},{\"@type\":\"ListItem\",\"position\":2,\"name\":\"Boutique\",\"item\":\"http:\/\/nikipholie.eu\/en\/shop\/\"},{\"@type\":\"ListItem\",\"position\":3,\"name\":\"Vase &#8220;optical glass&#8221; de Frantisek Vizner\"}]}]}<\/script>\n<!-- \/ Yoast SEO plugin. -->","yoast_head_json":{"title":"Vase \"optical glass\" de Frantisek Vizner - Niki Pholie","robots":{"index":"index","follow":"follow","max-snippet":"max-snippet:-1","max-image-preview":"max-image-preview:large","max-video-preview":"max-video-preview:-1"},"canonical":"https:\/\/nikipholie.eu\/en\/product\/vase-optical-glass-de-frantisek-vizner\/","og_locale":"en_US","og_type":"article","og_title":"Vase \"optical glass\" de Frantisek Vizner - Niki Pholie","og_description":"Vase transparent avec des cabochons trap\u00e9zo\u00efdes en relief , clairs et mat\u00e9s, en alternance. Design de 1960. Frantisek Vizner (1936 &#8211; 2011) est un verrier tch\u00e8que r\u00e9put\u00e9 dont les oeuvres figurents dans de grands mus\u00e9es. Parfait \u00e9tat. H: 18 cm. Diam\u00e8tre : 12,5 cm. Verre moul\u00e9 press\u00e9, Tr\u00e8s stable.","og_url":"https:\/\/nikipholie.eu\/en\/product\/vase-optical-glass-de-frantisek-vizner\/","og_site_name":"Niki Pholie","article_modified_time":"2025-11-02T14:55:34+00:00","og_image":[{"width":1920,"height":2560,"url":"http:\/\/nikipholie.eu\/wp-content\/uploads\/2023\/03\/IMG_1374-scaled.jpeg","type":"image\/jpeg"}],"twitter_card":"summary_large_image","schema":{"@context":"https:\/\/schema.org","@graph":[{"@type":"WebSite","@id":"https:\/\/nikipholie.eu\/#website","url":"https:\/\/nikipholie.eu\/","name":"Niki Pholie","description":"Art ancien - Art contemporain","potentialAction":[{"@type":"SearchAction","target":{"@type":"EntryPoint","urlTemplate":"https:\/\/nikipholie.eu\/?s={search_term_string}"},"query-input":"required name=search_term_string"}],"inLanguage":"en-US"},{"@type":"ImageObject","@id":"https:\/\/nikipholie.eu\/en\/product\/vase-optical-glass-de-frantisek-vizner\/#primaryimage","inLanguage":"en-US","url":"https:\/\/nikipholie.eu\/wp-content\/uploads\/2023\/03\/IMG_1374-scaled.jpeg","contentUrl":"https:\/\/nikipholie.eu\/wp-content\/uploads\/2023\/03\/IMG_1374-scaled.jpeg","width":1920,"height":2560},{"@type":"WebPage","@id":"https:\/\/nikipholie.eu\/en\/product\/vase-optical-glass-de-frantisek-vizner\/#webpage","url":"https:\/\/nikipholie.eu\/en\/product\/vase-optical-glass-de-frantisek-vizner\/","name":"Vase \"optical glass\" de Frantisek Vizner - Niki Pholie","isPartOf":{"@id":"https:\/\/nikipholie.eu\/#website"},"primaryImageOfPage":{"@id":"https:\/\/nikipholie.eu\/en\/product\/vase-optical-glass-de-frantisek-vizner\/#primaryimage"},"datePublished":"2023-03-14T13:14:23+00:00","dateModified":"2025-11-02T14:55:34+00:00","breadcrumb":{"@id":"https:\/\/nikipholie.eu\/en\/product\/vase-optical-glass-de-frantisek-vizner\/#breadcrumb"},"inLanguage":"en-US","potentialAction":[{"@type":"ReadAction","target":["https:\/\/nikipholie.eu\/en\/product\/vase-optical-glass-de-frantisek-vizner\/"]}]},{"@type":"BreadcrumbList","@id":"https:\/\/nikipholie.eu\/en\/product\/vase-optical-glass-de-frantisek-vizner\/#breadcrumb","itemListElement":[{"@type":"ListItem","position":1,"name":"Accueil","item":"http:\/\/nikipholie.eu\/en\/"},{"@type":"ListItem","position":2,"name":"Boutique","item":"http:\/\/nikipholie.eu\/en\/shop\/"},{"@type":"ListItem","position":3,"name":"Vase &#8220;optical glass&#8221; de Frantisek Vizner"}]}]}},"_links":{"self":[{"href":"https:\/\/nikipholie.eu\/en\/wp-json\/wp\/v2\/product\/6417"}],"collection":[{"href":"https:\/\/nikipholie.eu\/en\/wp-json\/wp\/v2\/product"}],"about":[{"href":"https:\/\/nikipholie.eu\/en\/wp-json\/wp\/v2\/types\/product"}],"replies":[{"embeddable":true,"href":"https:\/\/nikipholie.eu\/en\/wp-json\/wp\/v2\/comments?post=6417"}],"wp:featuredmedia":[{"embeddable":true,"href":"https:\/\/nikipholie.eu\/en\/wp-json\/wp\/v2\/media\/6366"}],"wp:attachment":[{"href":"https:\/\/nikipholie.eu\/en\/wp-json\/wp\/v2\/media?parent=6417"}],"wp:term":[{"taxonomy":"product_cat","embeddable":true,"href":"https:\/\/nikipholie.eu\/en\/wp-json\/wp\/v2\/product_cat?post=6417"},{"taxonomy":"product_tag","embeddable":true,"href":"https:\/\/nikipholie.eu\/en\/wp-json\/wp\/v2\/product_tag?post=6417"}],"curies":[{"name":"wp","href":"https:\/\/api.w.org\/{rel}","templated":true}]}}