{"id":6621,"date":"2023-06-16T12:08:22","date_gmt":"2023-06-16T10:08:22","guid":{"rendered":"http:\/\/nikipholie.eu\/produit\/flacon-quelques-fleurs-houbigant\/"},"modified":"2023-09-19T19:33:28","modified_gmt":"2023-09-19T17:33:28","slug":"flacon-quelques-fleurs-houbigant","status":"publish","type":"product","link":"https:\/\/nikipholie.eu\/en\/product\/flacon-quelques-fleurs-houbigant\/","title":{"rendered":"Flacon Quelques fleurs, Houbigant"},"content":{"rendered":"<p>Flacon d&#8217;eau de cologne <em>Quelques Fleurs <\/em>de Houbigant, cr\u00e9e en 1912 par Robert Bienaim\u00e9 pour la maison fran\u00e7aise Houbigant.<\/p>\n<p>Timbre ASPA et timbre 90\u00b0 au verso.<\/p>\n<p>Marque &#8220;Houbigant, France&#8221; imprim\u00e9 dans la masse au dessous.<\/p>\n<p>Hauteur : 11 cm<\/p>\n","protected":false},"excerpt":{"rendered":"<p>Flacon d&#8217;eau de cologne Quelques Fleurs de Houbigant, cr\u00e9e en 1912 par Robert Bienaim\u00e9 pour la maison fran\u00e7aise Houbigant. Timbre ASPA et timbre 90\u00b0 au verso. Marque &#8220;Houbigant, France&#8221; imprim\u00e9 dans la masse au dessous. Hauteur : 11 cm<\/p>\n","protected":false},"featured_media":6600,"comment_status":"open","ping_status":"closed","template":"","meta":[],"product_cat":[46,408],"product_tag":[103,1063,1467,1468,1472],"yoast_head":"<!-- This site is optimized with the Yoast SEO plugin v17.6 - https:\/\/yoast.com\/wordpress\/plugins\/seo\/ -->\n<title>Flacon Quelques fleurs, Houbigant - Niki Pholie<\/title>\n<meta name=\"robots\" content=\"index, follow, max-snippet:-1, max-image-preview:large, max-video-preview:-1\" \/>\n<link rel=\"canonical\" href=\"https:\/\/nikipholie.eu\/en\/product\/flacon-quelques-fleurs-houbigant\/\" \/>\n<meta property=\"og:locale\" content=\"en_US\" \/>\n<meta property=\"og:type\" content=\"article\" \/>\n<meta property=\"og:title\" content=\"Flacon Quelques fleurs, Houbigant - Niki Pholie\" \/>\n<meta property=\"og:description\" content=\"Flacon d&#8217;eau de cologne Quelques Fleurs de Houbigant, cr\u00e9e en 1912 par Robert Bienaim\u00e9 pour la maison fran\u00e7aise Houbigant. Timbre ASPA et timbre 90\u00b0 au verso. Marque &#8220;Houbigant, France&#8221; imprim\u00e9 dans la masse au dessous. Hauteur : 11 cm\" \/>\n<meta property=\"og:url\" content=\"https:\/\/nikipholie.eu\/en\/product\/flacon-quelques-fleurs-houbigant\/\" \/>\n<meta property=\"og:site_name\" content=\"Niki Pholie\" \/>\n<meta property=\"article:modified_time\" content=\"2023-09-19T17:33:28+00:00\" \/>\n<meta property=\"og:image\" content=\"http:\/\/nikipholie.eu\/wp-content\/uploads\/2023\/06\/IMG_3409-scaled.jpeg\" \/>\n\t<meta property=\"og:image:width\" content=\"1920\" \/>\n\t<meta property=\"og:image:height\" content=\"2560\" \/>\n<meta name=\"twitter:card\" content=\"summary_large_image\" \/>\n<script type=\"application\/ld+json\" class=\"yoast-schema-graph\">{\"@context\":\"https:\/\/schema.org\",\"@graph\":[{\"@type\":\"WebSite\",\"@id\":\"https:\/\/nikipholie.eu\/#website\",\"url\":\"https:\/\/nikipholie.eu\/\",\"name\":\"Niki Pholie\",\"description\":\"Art ancien - Art contemporain\",\"potentialAction\":[{\"@type\":\"SearchAction\",\"target\":{\"@type\":\"EntryPoint\",\"urlTemplate\":\"https:\/\/nikipholie.eu\/?s={search_term_string}\"},\"query-input\":\"required name=search_term_string\"}],\"inLanguage\":\"en-US\"},{\"@type\":\"ImageObject\",\"@id\":\"https:\/\/nikipholie.eu\/en\/product\/flacon-quelques-fleurs-houbigant\/#primaryimage\",\"inLanguage\":\"en-US\",\"url\":\"https:\/\/nikipholie.eu\/wp-content\/uploads\/2023\/06\/IMG_3409-scaled.jpeg\",\"contentUrl\":\"https:\/\/nikipholie.eu\/wp-content\/uploads\/2023\/06\/IMG_3409-scaled.jpeg\",\"width\":1920,\"height\":2560},{\"@type\":\"WebPage\",\"@id\":\"https:\/\/nikipholie.eu\/en\/product\/flacon-quelques-fleurs-houbigant\/#webpage\",\"url\":\"https:\/\/nikipholie.eu\/en\/product\/flacon-quelques-fleurs-houbigant\/\",\"name\":\"Flacon Quelques fleurs, Houbigant - Niki Pholie\",\"isPartOf\":{\"@id\":\"https:\/\/nikipholie.eu\/#website\"},\"primaryImageOfPage\":{\"@id\":\"https:\/\/nikipholie.eu\/en\/product\/flacon-quelques-fleurs-houbigant\/#primaryimage\"},\"datePublished\":\"2023-06-16T10:08:22+00:00\",\"dateModified\":\"2023-09-19T17:33:28+00:00\",\"breadcrumb\":{\"@id\":\"https:\/\/nikipholie.eu\/en\/product\/flacon-quelques-fleurs-houbigant\/#breadcrumb\"},\"inLanguage\":\"en-US\",\"potentialAction\":[{\"@type\":\"ReadAction\",\"target\":[\"https:\/\/nikipholie.eu\/en\/product\/flacon-quelques-fleurs-houbigant\/\"]}]},{\"@type\":\"BreadcrumbList\",\"@id\":\"https:\/\/nikipholie.eu\/en\/product\/flacon-quelques-fleurs-houbigant\/#breadcrumb\",\"itemListElement\":[{\"@type\":\"ListItem\",\"position\":1,\"name\":\"Accueil\",\"item\":\"http:\/\/nikipholie.eu\/en\/\"},{\"@type\":\"ListItem\",\"position\":2,\"name\":\"Boutique\",\"item\":\"http:\/\/nikipholie.eu\/en\/shop\/\"},{\"@type\":\"ListItem\",\"position\":3,\"name\":\"Flacon Quelques fleurs, Houbigant\"}]}]}<\/script>\n<!-- \/ Yoast SEO plugin. -->","yoast_head_json":{"title":"Flacon Quelques fleurs, Houbigant - Niki Pholie","robots":{"index":"index","follow":"follow","max-snippet":"max-snippet:-1","max-image-preview":"max-image-preview:large","max-video-preview":"max-video-preview:-1"},"canonical":"https:\/\/nikipholie.eu\/en\/product\/flacon-quelques-fleurs-houbigant\/","og_locale":"en_US","og_type":"article","og_title":"Flacon Quelques fleurs, Houbigant - Niki Pholie","og_description":"Flacon d&#8217;eau de cologne Quelques Fleurs de Houbigant, cr\u00e9e en 1912 par Robert Bienaim\u00e9 pour la maison fran\u00e7aise Houbigant. Timbre ASPA et timbre 90\u00b0 au verso. Marque &#8220;Houbigant, France&#8221; imprim\u00e9 dans la masse au dessous. Hauteur : 11 cm","og_url":"https:\/\/nikipholie.eu\/en\/product\/flacon-quelques-fleurs-houbigant\/","og_site_name":"Niki Pholie","article_modified_time":"2023-09-19T17:33:28+00:00","og_image":[{"width":1920,"height":2560,"url":"http:\/\/nikipholie.eu\/wp-content\/uploads\/2023\/06\/IMG_3409-scaled.jpeg","type":"image\/jpeg"}],"twitter_card":"summary_large_image","schema":{"@context":"https:\/\/schema.org","@graph":[{"@type":"WebSite","@id":"https:\/\/nikipholie.eu\/#website","url":"https:\/\/nikipholie.eu\/","name":"Niki Pholie","description":"Art ancien - Art contemporain","potentialAction":[{"@type":"SearchAction","target":{"@type":"EntryPoint","urlTemplate":"https:\/\/nikipholie.eu\/?s={search_term_string}"},"query-input":"required name=search_term_string"}],"inLanguage":"en-US"},{"@type":"ImageObject","@id":"https:\/\/nikipholie.eu\/en\/product\/flacon-quelques-fleurs-houbigant\/#primaryimage","inLanguage":"en-US","url":"https:\/\/nikipholie.eu\/wp-content\/uploads\/2023\/06\/IMG_3409-scaled.jpeg","contentUrl":"https:\/\/nikipholie.eu\/wp-content\/uploads\/2023\/06\/IMG_3409-scaled.jpeg","width":1920,"height":2560},{"@type":"WebPage","@id":"https:\/\/nikipholie.eu\/en\/product\/flacon-quelques-fleurs-houbigant\/#webpage","url":"https:\/\/nikipholie.eu\/en\/product\/flacon-quelques-fleurs-houbigant\/","name":"Flacon Quelques fleurs, Houbigant - Niki Pholie","isPartOf":{"@id":"https:\/\/nikipholie.eu\/#website"},"primaryImageOfPage":{"@id":"https:\/\/nikipholie.eu\/en\/product\/flacon-quelques-fleurs-houbigant\/#primaryimage"},"datePublished":"2023-06-16T10:08:22+00:00","dateModified":"2023-09-19T17:33:28+00:00","breadcrumb":{"@id":"https:\/\/nikipholie.eu\/en\/product\/flacon-quelques-fleurs-houbigant\/#breadcrumb"},"inLanguage":"en-US","potentialAction":[{"@type":"ReadAction","target":["https:\/\/nikipholie.eu\/en\/product\/flacon-quelques-fleurs-houbigant\/"]}]},{"@type":"BreadcrumbList","@id":"https:\/\/nikipholie.eu\/en\/product\/flacon-quelques-fleurs-houbigant\/#breadcrumb","itemListElement":[{"@type":"ListItem","position":1,"name":"Accueil","item":"http:\/\/nikipholie.eu\/en\/"},{"@type":"ListItem","position":2,"name":"Boutique","item":"http:\/\/nikipholie.eu\/en\/shop\/"},{"@type":"ListItem","position":3,"name":"Flacon Quelques fleurs, Houbigant"}]}]}},"_links":{"self":[{"href":"https:\/\/nikipholie.eu\/en\/wp-json\/wp\/v2\/product\/6621"}],"collection":[{"href":"https:\/\/nikipholie.eu\/en\/wp-json\/wp\/v2\/product"}],"about":[{"href":"https:\/\/nikipholie.eu\/en\/wp-json\/wp\/v2\/types\/product"}],"replies":[{"embeddable":true,"href":"https:\/\/nikipholie.eu\/en\/wp-json\/wp\/v2\/comments?post=6621"}],"wp:featuredmedia":[{"embeddable":true,"href":"https:\/\/nikipholie.eu\/en\/wp-json\/wp\/v2\/media\/6600"}],"wp:attachment":[{"href":"https:\/\/nikipholie.eu\/en\/wp-json\/wp\/v2\/media?parent=6621"}],"wp:term":[{"taxonomy":"product_cat","embeddable":true,"href":"https:\/\/nikipholie.eu\/en\/wp-json\/wp\/v2\/product_cat?post=6621"},{"taxonomy":"product_tag","embeddable":true,"href":"https:\/\/nikipholie.eu\/en\/wp-json\/wp\/v2\/product_tag?post=6621"}],"curies":[{"name":"wp","href":"https:\/\/api.w.org\/{rel}","templated":true}]}}